{"id":7417,"date":"2022-11-16T10:48:45","date_gmt":"2022-11-16T09:48:45","guid":{"rendered":"https:\/\/cvo.hamburg.de\/?page_id=7417"},"modified":"2022-11-25T10:13:47","modified_gmt":"2022-11-25T09:13:47","slug":"f-gebaeude","status":"publish","type":"page","link":"https:\/\/cvo.hamburg.de\/?page_id=7417","title":{"rendered":"F-Geb\u00e4ude"},"content":{"rendered":"<p style=\"font-weight: 400\">Im F-Geb\u00e4ude (Eingang von der Grundschulseite) befinden sich die Fachr\u00e4ume f\u00fcr die Naturwissenschaften und den Kunstunterricht. Au\u00dferdem sind hier die Computerr\u00e4ume sowie der Theaterraum untergebracht. Das F-Geb\u00e4ude wurde 2022 modernisiert\/instandgesetzt.<\/p>\n<p><img loading=\"lazy\" decoding=\"async\" class=\"alignleft wp-image-2793 size-large\" src=\"https:\/\/cvo.hamburg.de\/wp-content\/uploads\/sites\/31\/2017\/06\/Gebaeudeplan-cvo_end-724x1024.jpg\" alt=\"\" width=\"724\" height=\"1024\" srcset=\"https:\/\/cvo.hamburg.de\/wp-content\/uploads\/sites\/31\/2017\/06\/Gebaeudeplan-cvo_end-724x1024.jpg 724w, https:\/\/cvo.hamburg.de\/wp-content\/uploads\/sites\/31\/2017\/06\/Gebaeudeplan-cvo_end-212x300.jpg 212w, https:\/\/cvo.hamburg.de\/wp-content\/uploads\/sites\/31\/2017\/06\/Gebaeudeplan-cvo_end-768x1086.jpg 768w, https:\/\/cvo.hamburg.de\/wp-content\/uploads\/sites\/31\/2017\/06\/Gebaeudeplan-cvo_end.jpg 1448w\" sizes=\"auto, (max-width: 724px) 100vw, 724px\" \/><\/p>\n","protected":false},"excerpt":{"rendered":"<p>Im F-Geb\u00e4ude (Eingang von der Grundschulseite) befinden sich die Fachr\u00e4ume f\u00fcr die Naturwissenschaften und den Kunstunterricht. Au\u00dferdem sind hier die Computerr\u00e4ume sowie der Theaterraum untergebracht. Das F-Geb\u00e4ude wurde 2022 modernisiert\/instandgesetzt.<\/p>\n","protected":false},"author":728,"featured_media":0,"parent":0,"menu_order":0,"comment_status":"closed","ping_status":"closed","template":"","meta":{"_acf_changed":false,"footnotes":""},"class_list":["post-7417","page","type-page","status-publish","hentry"],"acf":[],"_links":{"self":[{"href":"https:\/\/cvo.hamburg.de\/index.php?rest_route=\/wp\/v2\/pages\/7417","targetHints":{"allow":["GET"]}}],"collection":[{"href":"https:\/\/cvo.hamburg.de\/index.php?rest_route=\/wp\/v2\/pages"}],"about":[{"href":"https:\/\/cvo.hamburg.de\/index.php?rest_route=\/wp\/v2\/types\/page"}],"author":[{"embeddable":true,"href":"https:\/\/cvo.hamburg.de\/index.php?rest_route=\/wp\/v2\/users\/728"}],"replies":[{"embeddable":true,"href":"https:\/\/cvo.hamburg.de\/index.php?rest_route=%2Fwp%2Fv2%2Fcomments&post=7417"}],"version-history":[{"count":3,"href":"https:\/\/cvo.hamburg.de\/index.php?rest_route=\/wp\/v2\/pages\/7417\/revisions"}],"predecessor-version":[{"id":7812,"href":"https:\/\/cvo.hamburg.de\/index.php?rest_route=\/wp\/v2\/pages\/7417\/revisions\/7812"}],"wp:attachment":[{"href":"https:\/\/cvo.hamburg.de\/index.php?rest_route=%2Fwp%2Fv2%2Fmedia&parent=7417"}],"curies":[{"name":"wp","href":"https:\/\/api.w.org\/{rel}","templated":true}]}}