{"id":7413,"date":"2022-11-16T10:47:34","date_gmt":"2022-11-16T09:47:34","guid":{"rendered":"https:\/\/cvo.hamburg.de\/?page_id=7413"},"modified":"2022-11-16T10:47:34","modified_gmt":"2022-11-16T09:47:34","slug":"energie-hoch-4","status":"publish","type":"page","link":"https:\/\/cvo.hamburg.de\/?page_id=7413","title":{"rendered":"Energie hoch 4"},"content":{"rendered":"<p style=\"font-weight: 400\">Energie hoch 4 bedeutet, dass die H\u00e4lfte der durch geringeren Verbrauch von Heizenergie, elektrischer Energie und Trinkwasser eingesparten Steuergelder den Schulen zur Verf\u00fcgung gestellt wird. So tragen wir zum Umweltschutz bei und erwirtschaften Gelder f\u00fcr Neuanschaffungen. \u00dcber die Verwendung der Gelder entscheiden SuS und LuL gemeinsam.<\/p>\n","protected":false},"excerpt":{"rendered":"<p>Energie hoch 4 bedeutet, dass die H\u00e4lfte der durch geringeren Verbrauch von Heizenergie, elektrischer Energie und Trinkwasser eingesparten Steuergelder den Schulen zur Verf\u00fcgung gestellt wird. So tragen wir zum Umweltschutz bei und erwirtschaften Gelder&#46;&#46;&#46;<\/p>\n","protected":false},"author":728,"featured_media":0,"parent":0,"menu_order":0,"comment_status":"closed","ping_status":"closed","template":"","meta":{"_acf_changed":false,"footnotes":""},"class_list":["post-7413","page","type-page","status-publish","hentry"],"acf":[],"_links":{"self":[{"href":"https:\/\/cvo.hamburg.de\/index.php?rest_route=\/wp\/v2\/pages\/7413","targetHints":{"allow":["GET"]}}],"collection":[{"href":"https:\/\/cvo.hamburg.de\/index.php?rest_route=\/wp\/v2\/pages"}],"about":[{"href":"https:\/\/cvo.hamburg.de\/index.php?rest_route=\/wp\/v2\/types\/page"}],"author":[{"embeddable":true,"href":"https:\/\/cvo.hamburg.de\/index.php?rest_route=\/wp\/v2\/users\/728"}],"replies":[{"embeddable":true,"href":"https:\/\/cvo.hamburg.de\/index.php?rest_route=%2Fwp%2Fv2%2Fcomments&post=7413"}],"version-history":[{"count":1,"href":"https:\/\/cvo.hamburg.de\/index.php?rest_route=\/wp\/v2\/pages\/7413\/revisions"}],"predecessor-version":[{"id":7414,"href":"https:\/\/cvo.hamburg.de\/index.php?rest_route=\/wp\/v2\/pages\/7413\/revisions\/7414"}],"wp:attachment":[{"href":"https:\/\/cvo.hamburg.de\/index.php?rest_route=%2Fwp%2Fv2%2Fmedia&parent=7413"}],"curies":[{"name":"wp","href":"https:\/\/api.w.org\/{rel}","templated":true}]}}