{"id":7407,"date":"2022-11-16T10:45:24","date_gmt":"2022-11-16T09:45:24","guid":{"rendered":"https:\/\/cvo.hamburg.de\/?page_id=7407"},"modified":"2022-11-16T10:45:24","modified_gmt":"2022-11-16T09:45:24","slug":"elternrat","status":"publish","type":"page","link":"https:\/\/cvo.hamburg.de\/?page_id=7407","title":{"rendered":"Elternrat"},"content":{"rendered":"<p style=\"font-weight: 400\">Unser Elternrat besteht z. Zt. aus 15 Vollmitgliedern und 5 Ersatzmitgliedern, wobei alle gleichberechtigt zusammenarbeiten. Nachwahlen finden j\u00e4hrlich bei der Elternvollversammlung durch die Elternvertretungen aller Klassen statt. W\u00e4hlbar ist jeder, der ein Kind an unserer Schule hat. Unsere ER-Sitzungen sind schul\u00f6ffentlich, d.h. jedes Mitglied der Schulgemeinschaft darf teilnehmen. Der Elternrat bestimmt aus seiner Mitte auch die beiden Delegierten f\u00fcr den Kreiselternrat (KER52) und die Mitglieder der Schulkonferenz. Die jetzigen Mitglieder und die Termine der Elternratssitzungen, zu denen G\u00e4ste grunds\u00e4tzlich immer willkommen sind, sind auf der Homepage des CvO einsehbar.<\/p>\n","protected":false},"excerpt":{"rendered":"<p>Unser Elternrat besteht z. Zt. aus 15 Vollmitgliedern und 5 Ersatzmitgliedern, wobei alle gleichberechtigt zusammenarbeiten. Nachwahlen finden j\u00e4hrlich bei der Elternvollversammlung durch die Elternvertretungen aller Klassen statt. W\u00e4hlbar ist jeder, der ein Kind an&#46;&#46;&#46;<\/p>\n","protected":false},"author":728,"featured_media":0,"parent":0,"menu_order":0,"comment_status":"closed","ping_status":"closed","template":"","meta":{"_acf_changed":false,"footnotes":""},"class_list":["post-7407","page","type-page","status-publish","hentry"],"acf":[],"_links":{"self":[{"href":"https:\/\/cvo.hamburg.de\/index.php?rest_route=\/wp\/v2\/pages\/7407","targetHints":{"allow":["GET"]}}],"collection":[{"href":"https:\/\/cvo.hamburg.de\/index.php?rest_route=\/wp\/v2\/pages"}],"about":[{"href":"https:\/\/cvo.hamburg.de\/index.php?rest_route=\/wp\/v2\/types\/page"}],"author":[{"embeddable":true,"href":"https:\/\/cvo.hamburg.de\/index.php?rest_route=\/wp\/v2\/users\/728"}],"replies":[{"embeddable":true,"href":"https:\/\/cvo.hamburg.de\/index.php?rest_route=%2Fwp%2Fv2%2Fcomments&post=7407"}],"version-history":[{"count":1,"href":"https:\/\/cvo.hamburg.de\/index.php?rest_route=\/wp\/v2\/pages\/7407\/revisions"}],"predecessor-version":[{"id":7408,"href":"https:\/\/cvo.hamburg.de\/index.php?rest_route=\/wp\/v2\/pages\/7407\/revisions\/7408"}],"wp:attachment":[{"href":"https:\/\/cvo.hamburg.de\/index.php?rest_route=%2Fwp%2Fv2%2Fmedia&parent=7407"}],"curies":[{"name":"wp","href":"https:\/\/api.w.org\/{rel}","templated":true}]}}