{"id":7404,"date":"2022-11-16T10:44:23","date_gmt":"2022-11-16T09:44:23","guid":{"rendered":"https:\/\/cvo.hamburg.de\/?page_id=7404"},"modified":"2024-11-14T08:27:14","modified_gmt":"2024-11-14T07:27:14","slug":"fundkiste","status":"publish","type":"page","link":"https:\/\/cvo.hamburg.de\/?page_id=7404","title":{"rendered":"Fundsachen"},"content":{"rendered":"<p style=\"font-weight: 400\">Fundsachen aus der Sporthalle, vom Schulgel\u00e4nde und aus den Fachr\u00e4umen werden am CvO gesammelt. Kleine Dinge, wie Handys, Federtaschen oder Schl\u00fcssel werden im Schulb\u00fcro aufbewahrt. Kleidung, Taschen oder auch Fahrradhelme werden in einer Kiste unterhalb der Treppe im Verwaltungsgeb\u00e4ude gesammelt. Oftmals lohnt es sich, nach einigen Tagen erneut nachzuschauen oder nachzufragen, ob verlorene Dinge wiederaufgetaucht sind. Sportkleidung oder -schuhe liegen h\u00e4ufig auch noch einige Tage in den Sporthallen (oft gesichert in den Lehrerumkleiden), bis sie in die Fundkiste gelegt werden.<\/p>\n<p style=\"font-weight: 400\">Einmal j\u00e4hrlich werden nicht abgeholte Dinge gemeinn\u00fctzig gespendet. Vorab werden alle SuS aufgerufen in der Fundecke nach verloren geglaubten Sachen zu schauen.<\/p>\n","protected":false},"excerpt":{"rendered":"<p>Fundsachen aus der Sporthalle, vom Schulgel\u00e4nde und aus den Fachr\u00e4umen werden am CvO gesammelt. Kleine Dinge, wie Handys, Federtaschen oder Schl\u00fcssel werden im Schulb\u00fcro aufbewahrt. Kleidung, Taschen oder auch Fahrradhelme werden in einer Kiste&#46;&#46;&#46;<\/p>\n","protected":false},"author":728,"featured_media":0,"parent":0,"menu_order":0,"comment_status":"closed","ping_status":"closed","template":"","meta":{"_acf_changed":false,"footnotes":""},"class_list":["post-7404","page","type-page","status-publish","hentry"],"acf":[],"_links":{"self":[{"href":"https:\/\/cvo.hamburg.de\/index.php?rest_route=\/wp\/v2\/pages\/7404","targetHints":{"allow":["GET"]}}],"collection":[{"href":"https:\/\/cvo.hamburg.de\/index.php?rest_route=\/wp\/v2\/pages"}],"about":[{"href":"https:\/\/cvo.hamburg.de\/index.php?rest_route=\/wp\/v2\/types\/page"}],"author":[{"embeddable":true,"href":"https:\/\/cvo.hamburg.de\/index.php?rest_route=\/wp\/v2\/users\/728"}],"replies":[{"embeddable":true,"href":"https:\/\/cvo.hamburg.de\/index.php?rest_route=%2Fwp%2Fv2%2Fcomments&post=7404"}],"version-history":[{"count":3,"href":"https:\/\/cvo.hamburg.de\/index.php?rest_route=\/wp\/v2\/pages\/7404\/revisions"}],"predecessor-version":[{"id":9745,"href":"https:\/\/cvo.hamburg.de\/index.php?rest_route=\/wp\/v2\/pages\/7404\/revisions\/9745"}],"wp:attachment":[{"href":"https:\/\/cvo.hamburg.de\/index.php?rest_route=%2Fwp%2Fv2%2Fmedia&parent=7404"}],"curies":[{"name":"wp","href":"https:\/\/api.w.org\/{rel}","templated":true}]}}