{"id":7401,"date":"2022-11-16T10:43:09","date_gmt":"2022-11-16T09:43:09","guid":{"rendered":"https:\/\/cvo.hamburg.de\/?page_id=7401"},"modified":"2022-12-07T11:15:44","modified_gmt":"2022-12-07T10:15:44","slug":"elternmitarbeit-2","status":"publish","type":"page","link":"https:\/\/cvo.hamburg.de\/?page_id=7401","title":{"rendered":"Elternmitarbeit"},"content":{"rendered":"<p style=\"font-weight: 400\">An unserer Schule gibt es viele M\u00f6glichkeiten der Beteiligung von Eltern, z.&nbsp;B. Arbeitsgruppen mit Eltern in den Bereichen Sport, Ern\u00e4hrung, Bauma\u00dfnahmen. Nat\u00fcrlich gibt es die Elternmitarbeit in den vom Schulgesetz definierten Gremien, wie der Klassenelternvertretung und dem <a href=\"https:\/\/cvo.hamburg.de\/?page_id=372\">Elternrat<\/a>. Dar\u00fcber hinaus k\u00f6nnen sich Eltern in der <a href=\"https:\/\/cvo.hamburg.de\/?page_id=7694\">Schulentwicklungsgruppe<\/a>&nbsp;aktiv beteiligen. Ebenfalls sind selbstverst\u00e4ndlich Eltern willkommen, die als Sponsoren der Schule etwas Gutes tun wollen. Dieses wird \u00fcber den <a href=\"https:\/\/cvo.hamburg.de\/?page_id=406\">Schulverein&nbsp;<\/a>erm\u00f6glicht. Jeder ist herzlich eingeladen, mitzuarbeiten und die Schule mitzugestalten!<\/p>\n","protected":false},"excerpt":{"rendered":"<p>An unserer Schule gibt es viele M\u00f6glichkeiten der Beteiligung von Eltern, z.&nbsp;B. Arbeitsgruppen mit Eltern in den Bereichen Sport, Ern\u00e4hrung, Bauma\u00dfnahmen. Nat\u00fcrlich gibt es die Elternmitarbeit in den vom Schulgesetz definierten Gremien, wie der&#46;&#46;&#46;<\/p>\n","protected":false},"author":728,"featured_media":0,"parent":0,"menu_order":0,"comment_status":"closed","ping_status":"closed","template":"","meta":{"_acf_changed":false,"footnotes":""},"class_list":["post-7401","page","type-page","status-publish","hentry"],"acf":[],"_links":{"self":[{"href":"https:\/\/cvo.hamburg.de\/index.php?rest_route=\/wp\/v2\/pages\/7401","targetHints":{"allow":["GET"]}}],"collection":[{"href":"https:\/\/cvo.hamburg.de\/index.php?rest_route=\/wp\/v2\/pages"}],"about":[{"href":"https:\/\/cvo.hamburg.de\/index.php?rest_route=\/wp\/v2\/types\/page"}],"author":[{"embeddable":true,"href":"https:\/\/cvo.hamburg.de\/index.php?rest_route=\/wp\/v2\/users\/728"}],"replies":[{"embeddable":true,"href":"https:\/\/cvo.hamburg.de\/index.php?rest_route=%2Fwp%2Fv2%2Fcomments&post=7401"}],"version-history":[{"count":4,"href":"https:\/\/cvo.hamburg.de\/index.php?rest_route=\/wp\/v2\/pages\/7401\/revisions"}],"predecessor-version":[{"id":7993,"href":"https:\/\/cvo.hamburg.de\/index.php?rest_route=\/wp\/v2\/pages\/7401\/revisions\/7993"}],"wp:attachment":[{"href":"https:\/\/cvo.hamburg.de\/index.php?rest_route=%2Fwp%2Fv2%2Fmedia&parent=7401"}],"curies":[{"name":"wp","href":"https:\/\/api.w.org\/{rel}","templated":true}]}}