{"id":7394,"date":"2022-11-16T10:39:57","date_gmt":"2022-11-16T09:39:57","guid":{"rendered":"https:\/\/cvo.hamburg.de\/?page_id=7394"},"modified":"2022-11-16T10:39:57","modified_gmt":"2022-11-16T09:39:57","slug":"differenzierungsraeume","status":"publish","type":"page","link":"https:\/\/cvo.hamburg.de\/?page_id=7394","title":{"rendered":"Differenzierungsr\u00e4ume"},"content":{"rendered":"<p style=\"font-weight: 400\">Differenzierung hei\u00dft, jede Sch\u00fclerin und jeden Sch\u00fcler gem\u00e4\u00df seinem Lernverm\u00f6gen innerhalb des gemeinsamen Unterrichts zu f\u00f6rdern und zu fordern. Den SuS sollen dazu unterschiedliche und vom Schwierigkeitsgrad verschiedene Materialien angeboten werden, die sie nach dem individuellen Lernverm\u00f6gen und -tempo bearbeiten k\u00f6nnen. Inzwischen stehen f\u00fcr alle Stufen Differenzierungsr\u00e4ume bzw. f\u00fcr die Oberstufe das Arbeits- und Informationszentrum (AIZ) zur Verf\u00fcgung. Die dort bereitgestellten Materialien erm\u00f6glichen ein selbstst\u00e4ndiges, individualisiertes und kooperatives Lernen.<\/p>\n","protected":false},"excerpt":{"rendered":"<p>Differenzierung hei\u00dft, jede Sch\u00fclerin und jeden Sch\u00fcler gem\u00e4\u00df seinem Lernverm\u00f6gen innerhalb des gemeinsamen Unterrichts zu f\u00f6rdern und zu fordern. Den SuS sollen dazu unterschiedliche und vom Schwierigkeitsgrad verschiedene Materialien angeboten werden, die sie nach&#46;&#46;&#46;<\/p>\n","protected":false},"author":728,"featured_media":0,"parent":0,"menu_order":0,"comment_status":"closed","ping_status":"closed","template":"","meta":{"_acf_changed":false,"footnotes":""},"class_list":["post-7394","page","type-page","status-publish","hentry"],"acf":[],"_links":{"self":[{"href":"https:\/\/cvo.hamburg.de\/index.php?rest_route=\/wp\/v2\/pages\/7394","targetHints":{"allow":["GET"]}}],"collection":[{"href":"https:\/\/cvo.hamburg.de\/index.php?rest_route=\/wp\/v2\/pages"}],"about":[{"href":"https:\/\/cvo.hamburg.de\/index.php?rest_route=\/wp\/v2\/types\/page"}],"author":[{"embeddable":true,"href":"https:\/\/cvo.hamburg.de\/index.php?rest_route=\/wp\/v2\/users\/728"}],"replies":[{"embeddable":true,"href":"https:\/\/cvo.hamburg.de\/index.php?rest_route=%2Fwp%2Fv2%2Fcomments&post=7394"}],"version-history":[{"count":1,"href":"https:\/\/cvo.hamburg.de\/index.php?rest_route=\/wp\/v2\/pages\/7394\/revisions"}],"predecessor-version":[{"id":7395,"href":"https:\/\/cvo.hamburg.de\/index.php?rest_route=\/wp\/v2\/pages\/7394\/revisions\/7395"}],"wp:attachment":[{"href":"https:\/\/cvo.hamburg.de\/index.php?rest_route=%2Fwp%2Fv2%2Fmedia&parent=7394"}],"curies":[{"name":"wp","href":"https:\/\/api.w.org\/{rel}","templated":true}]}}