{"id":7390,"date":"2022-11-16T10:38:25","date_gmt":"2022-11-16T09:38:25","guid":{"rendered":"https:\/\/cvo.hamburg.de\/?page_id=7390"},"modified":"2022-11-25T09:50:36","modified_gmt":"2022-11-25T08:50:36","slug":"deutschfoerderung","status":"publish","type":"page","link":"https:\/\/cvo.hamburg.de\/?page_id=7390","title":{"rendered":"Deutschf\u00f6rderung"},"content":{"rendered":"<p style=\"font-weight: 400\">Jede Sch\u00fclerin und jeder Sch\u00fcler wird zu Beginn der 5. und der 6. Klasse auf seine Sprach- und Lesekompetenz getestet. F\u00fcr die SuS mit F\u00f6rderbedarf entwickelt unsere Sprachf\u00f6rderkoordinatorin Frau Rinklake&nbsp;(Ri) individuelles Arbeitsmaterial. Ferner wird zus\u00e4tzlicher Sprachf\u00f6rderunterricht angeboten.<\/p>\n<p>\u21d2 Weitere Informationen finden Sie <a href=\"https:\/\/cvo.hamburg.de\/?page_id=117\">hier<\/a><\/p>\n","protected":false},"excerpt":{"rendered":"<p>Jede Sch\u00fclerin und jeder Sch\u00fcler wird zu Beginn der 5. und der 6. Klasse auf seine Sprach- und Lesekompetenz getestet. F\u00fcr die SuS mit F\u00f6rderbedarf entwickelt unsere Sprachf\u00f6rderkoordinatorin Frau Rinklake&nbsp;(Ri) individuelles Arbeitsmaterial. Ferner wird&#46;&#46;&#46;<\/p>\n","protected":false},"author":728,"featured_media":0,"parent":0,"menu_order":0,"comment_status":"closed","ping_status":"closed","template":"","meta":{"_acf_changed":false,"footnotes":""},"class_list":["post-7390","page","type-page","status-publish","hentry"],"acf":[],"_links":{"self":[{"href":"https:\/\/cvo.hamburg.de\/index.php?rest_route=\/wp\/v2\/pages\/7390","targetHints":{"allow":["GET"]}}],"collection":[{"href":"https:\/\/cvo.hamburg.de\/index.php?rest_route=\/wp\/v2\/pages"}],"about":[{"href":"https:\/\/cvo.hamburg.de\/index.php?rest_route=\/wp\/v2\/types\/page"}],"author":[{"embeddable":true,"href":"https:\/\/cvo.hamburg.de\/index.php?rest_route=\/wp\/v2\/users\/728"}],"replies":[{"embeddable":true,"href":"https:\/\/cvo.hamburg.de\/index.php?rest_route=%2Fwp%2Fv2%2Fcomments&post=7390"}],"version-history":[{"count":2,"href":"https:\/\/cvo.hamburg.de\/index.php?rest_route=\/wp\/v2\/pages\/7390\/revisions"}],"predecessor-version":[{"id":7807,"href":"https:\/\/cvo.hamburg.de\/index.php?rest_route=\/wp\/v2\/pages\/7390\/revisions\/7807"}],"wp:attachment":[{"href":"https:\/\/cvo.hamburg.de\/index.php?rest_route=%2Fwp%2Fv2%2Fmedia&parent=7390"}],"curies":[{"name":"wp","href":"https:\/\/api.w.org\/{rel}","templated":true}]}}