{"id":7386,"date":"2022-11-15T11:24:11","date_gmt":"2022-11-15T10:24:11","guid":{"rendered":"https:\/\/cvo.hamburg.de\/?page_id=7386"},"modified":"2022-11-25T09:46:34","modified_gmt":"2022-11-25T08:46:34","slug":"club-of-rome","status":"publish","type":"page","link":"https:\/\/cvo.hamburg.de\/?page_id=7386","title":{"rendered":"Club of Rome"},"content":{"rendered":"<p style=\"font-weight: 400\">Der Club of Rome (https:\/\/www.clubofrome.org) wurde 1968 gegr\u00fcndet. Der Club ist eine multinationale und interdisziplin\u00e4re Denkfabrik, der sich der Entwicklung von Strategien zur Zukunft der Menschheit widmet. Ihm geh\u00f6ren 100 Wissenschaftler, \u00d6konomen, Wirtschaftsf\u00fchrer und Politiker an. Bekannt ist insbesondere der 1972 erschienene Bericht \u201eDie Grenzen des Wachstums\u201c.<\/p>\n<p style=\"font-weight: 400\">Die Deutsche Gesellschaft Club of Rome (https:\/\/www.clubofrome.de) will innovative Schulen ansto\u00dfen und anregen, folgende Leitfrage konzeptionell wie praktisch zu beantworten: \u201eWie muss heute Schule ver\u00e4ndert werden, damit die SuS von morgen \u00fcber Kompetenzen verf\u00fcgen, die sie in die Lage versetzen, die heute unbekannten Probleme von \u00fcbermorgen zu meistern?\u201c. Dazu entwickelte der Club of Rome in Zusammenarbeit mit mehreren Kultusministerien, Experten aus der Wirtschaft und der Schulpraxis das Konzept der Club-of-Rome-Schulen. 2005 wurde ein Pilotprojekt mit 20 Schulen gestartet, zu denen das CvO geh\u00f6rte. Im November 2009 wurde das CvO erstmalig zusammen mit 15 weiteren deutschen Schulen als Club-of-Rome-Schule zertifiziert. Das Motto lautet: \u201eZukunft lernen, Zukunft leben\u201c. Inzwischen gibt es an der Schule ein Club-of-Rome-Curriculum, eine Club-of-Rome-Beauftragte und viele Projekte im Sinne der Ziele des Club&nbsp;of&nbsp;Rome, z.&nbsp;B. die Nachhaltigkeitsprojektwoche und die Jahresprojekte des Club&nbsp;of&nbsp;Rome.<\/p>\n<p>\u21d2 Weitere Informationen finden Sie <a href=\"https:\/\/cvo.hamburg.de\/?page_id=422\">hier<\/a><\/p>\n","protected":false},"excerpt":{"rendered":"<p>Der Club of Rome (https:\/\/www.clubofrome.org) wurde 1968 gegr\u00fcndet. Der Club ist eine multinationale und interdisziplin\u00e4re Denkfabrik, der sich der Entwicklung von Strategien zur Zukunft der Menschheit widmet. Ihm geh\u00f6ren 100 Wissenschaftler, \u00d6konomen, Wirtschaftsf\u00fchrer und&#46;&#46;&#46;<\/p>\n","protected":false},"author":728,"featured_media":0,"parent":0,"menu_order":0,"comment_status":"closed","ping_status":"closed","template":"","meta":{"_acf_changed":false,"footnotes":""},"class_list":["post-7386","page","type-page","status-publish","hentry"],"acf":[],"_links":{"self":[{"href":"https:\/\/cvo.hamburg.de\/index.php?rest_route=\/wp\/v2\/pages\/7386","targetHints":{"allow":["GET"]}}],"collection":[{"href":"https:\/\/cvo.hamburg.de\/index.php?rest_route=\/wp\/v2\/pages"}],"about":[{"href":"https:\/\/cvo.hamburg.de\/index.php?rest_route=\/wp\/v2\/types\/page"}],"author":[{"embeddable":true,"href":"https:\/\/cvo.hamburg.de\/index.php?rest_route=\/wp\/v2\/users\/728"}],"replies":[{"embeddable":true,"href":"https:\/\/cvo.hamburg.de\/index.php?rest_route=%2Fwp%2Fv2%2Fcomments&post=7386"}],"version-history":[{"count":3,"href":"https:\/\/cvo.hamburg.de\/index.php?rest_route=\/wp\/v2\/pages\/7386\/revisions"}],"predecessor-version":[{"id":7805,"href":"https:\/\/cvo.hamburg.de\/index.php?rest_route=\/wp\/v2\/pages\/7386\/revisions\/7805"}],"wp:attachment":[{"href":"https:\/\/cvo.hamburg.de\/index.php?rest_route=%2Fwp%2Fv2%2Fmedia&parent=7386"}],"curies":[{"name":"wp","href":"https:\/\/api.w.org\/{rel}","templated":true}]}}