{"id":7377,"date":"2022-11-15T11:18:20","date_gmt":"2022-11-15T10:18:20","guid":{"rendered":"https:\/\/cvo.hamburg.de\/?page_id=7377"},"modified":"2025-09-19T10:40:28","modified_gmt":"2025-09-19T08:40:28","slug":"carl-liest-schulbuecherei","status":"publish","type":"page","link":"https:\/\/cvo.hamburg.de\/?page_id=7377","title":{"rendered":"Carl liest (Schulb\u00fccherei)"},"content":{"rendered":"<p style=\"font-weight: 400\">Anfang 2020 konnten wir endlich ein gro\u00dfes Herzensprojekt er\u00f6ffnen: Carl liest ist eine B\u00fccherei mit deutsch- und fremdsprachiger Literatur zum Schm\u00f6kern, Recherchieren, Arbeiten oder auch nur, um in den Pausen ruhig zu entspannen. Es finden AGs statt und (fast) alle B\u00fccher k\u00f6nnen auch ausgeliehen werden! Carl liest wird von Eltern betreut und ist t\u00e4glich von 9.00 &#8211; 14.40 Uhr &nbsp;ge\u00f6ffnet. Vielleicht haben auch Sie Lust, in einer der Pausen die Ausleihe mitzubetreuen? Das w\u00e4re toll und sehr hilfreich! Mehr Infos finden Sie auf der Homepage von Carl liest: www.carl-liest.de, auf Instagram bei carl.liest oder Sie nehmen einfach direkt Kontakt mit der Leitung auf: Michaela Knoke, <a href=\"mailto:michaela.knoke@cvo.hamburg.de\">michaela.knoke@cvo.hamburg.de<\/a><\/p>\n","protected":false},"excerpt":{"rendered":"<p>Anfang 2020 konnten wir endlich ein gro\u00dfes Herzensprojekt er\u00f6ffnen: Carl liest ist eine B\u00fccherei mit deutsch- und fremdsprachiger Literatur zum Schm\u00f6kern, Recherchieren, Arbeiten oder auch nur, um in den Pausen ruhig zu entspannen. Es&#46;&#46;&#46;<\/p>\n","protected":false},"author":728,"featured_media":0,"parent":0,"menu_order":0,"comment_status":"closed","ping_status":"closed","template":"","meta":{"_acf_changed":false,"footnotes":""},"class_list":["post-7377","page","type-page","status-publish","hentry"],"acf":[],"_links":{"self":[{"href":"https:\/\/cvo.hamburg.de\/index.php?rest_route=\/wp\/v2\/pages\/7377","targetHints":{"allow":["GET"]}}],"collection":[{"href":"https:\/\/cvo.hamburg.de\/index.php?rest_route=\/wp\/v2\/pages"}],"about":[{"href":"https:\/\/cvo.hamburg.de\/index.php?rest_route=\/wp\/v2\/types\/page"}],"author":[{"embeddable":true,"href":"https:\/\/cvo.hamburg.de\/index.php?rest_route=\/wp\/v2\/users\/728"}],"replies":[{"embeddable":true,"href":"https:\/\/cvo.hamburg.de\/index.php?rest_route=%2Fwp%2Fv2%2Fcomments&post=7377"}],"version-history":[{"count":3,"href":"https:\/\/cvo.hamburg.de\/index.php?rest_route=\/wp\/v2\/pages\/7377\/revisions"}],"predecessor-version":[{"id":10494,"href":"https:\/\/cvo.hamburg.de\/index.php?rest_route=\/wp\/v2\/pages\/7377\/revisions\/10494"}],"wp:attachment":[{"href":"https:\/\/cvo.hamburg.de\/index.php?rest_route=%2Fwp%2Fv2%2Fmedia&parent=7377"}],"curies":[{"name":"wp","href":"https:\/\/api.w.org\/{rel}","templated":true}]}}