{"id":7363,"date":"2022-11-15T11:10:43","date_gmt":"2022-11-15T10:10:43","guid":{"rendered":"https:\/\/cvo.hamburg.de\/?page_id=7363"},"modified":"2022-11-15T11:13:13","modified_gmt":"2022-11-15T10:13:13","slug":"7363-2","status":"publish","type":"page","link":"https:\/\/cvo.hamburg.de\/?page_id=7363","title":{"rendered":""},"content":{"rendered":"<p style=\"font-weight: 400\">Das CvO hat ein umfangreiches Programm zur Berufsorientierung und Pers\u00f6nlichkeitsentwicklung erarbeitet:<\/p>\n<p>7. Klasse<\/p>\n<ul>\n<li>Bewerbungsschreiben: im Fach Deutsch<\/li>\n<li>zweit\u00e4giges Schnupperpraktikum: am Arbeitsplatz der Eltern oder&nbsp;naher Bekannter mit anschlie\u00dfender Reportage im Fach Deutsch<\/li>\n<li>Berufsorientierungs-Ordner: Einf\u00fchrung<\/li>\n<\/ul>\n<p>8. Klasse<\/p>\n<ul>\n<li>Vorbereitung des Betriebspraktikums inkl. Bewerbung: im Fach PGW<\/li>\n<\/ul>\n<p>9. Klasse<\/p>\n<ul>\n<li>Betriebspraktikum: drei Wochen (im Januar); Vor- und&nbsp;Nachbereitung im Fach PGW<\/li>\n<li>Sozialpraktikum (1 Halbjahr lang, 2 Std.\/Woche): Betreuung in den F\u00e4chern Religion und&nbsp;Philosophie<\/li>\n<\/ul>\n<p>10. Klasse<\/p>\n<ul>\n<li>Zielorientierungsseminar (ZOS): in den kommenden Profilen<\/li>\n<\/ul>\n<p>11. Klasse<\/p>\n<ul>\n<li>Berufsorientierungstage: im Januar; Bewerbungstests,&nbsp;Informationen zu individuell gew\u00e4hlten Berufen, Vortr\u00e4ge von Eltern \u00fcber ihre Berufe<\/li>\n<li>Uni-Tage: im Februar (verpflichtend)<\/li>\n<li>Studientag: Ende Mai; Informationen zu Studienm\u00f6glichkeiten,&nbsp;Entscheidungshilfen durch BIZ-Vertreter<\/li>\n<\/ul>\n<p>12. Klasse<\/p>\n<ul>\n<li>Uni-Tage: im Februar (freiwillig)<\/li>\n<\/ul>\n<p>Weitere Angebote und M\u00f6glichkeiten:<br \/>\n\u2022 Sprechstunden der BIZ (Berufsinformationszentrum) &#8211; Beraterin Frau Ebbinghaus<br \/>\n\u2022 Informationen \u00fcber Veranstaltungen zur Berufsorientierung<br \/>\n\u2022 Besuch von Berufsmessen; Wege nach dem Abitur (BIZ)<br \/>\n\u2022 Besuch von fachspezifischen Vorlesungen oder eines Schnupperstudiums an der Universit\u00e4t Hamburg<br \/>\n\u2022 Ansprechpartner f\u00fcr die Berufsorientierung am CvO: (Herr Heller (He), Herr Jaster (Ja)<\/p>\n","protected":false},"excerpt":{"rendered":"<p>Das CvO hat ein umfangreiches Programm zur Berufsorientierung und Pers\u00f6nlichkeitsentwicklung erarbeitet: 7. Klasse Bewerbungsschreiben: im Fach Deutsch zweit\u00e4giges Schnupperpraktikum: am Arbeitsplatz der Eltern oder&nbsp;naher Bekannter mit anschlie\u00dfender Reportage im Fach Deutsch Berufsorientierungs-Ordner: Einf\u00fchrung 8.&#46;&#46;&#46;<\/p>\n","protected":false},"author":728,"featured_media":0,"parent":0,"menu_order":0,"comment_status":"closed","ping_status":"closed","template":"","meta":{"_acf_changed":false,"footnotes":""},"class_list":["post-7363","page","type-page","status-publish","hentry"],"acf":[],"_links":{"self":[{"href":"https:\/\/cvo.hamburg.de\/index.php?rest_route=\/wp\/v2\/pages\/7363","targetHints":{"allow":["GET"]}}],"collection":[{"href":"https:\/\/cvo.hamburg.de\/index.php?rest_route=\/wp\/v2\/pages"}],"about":[{"href":"https:\/\/cvo.hamburg.de\/index.php?rest_route=\/wp\/v2\/types\/page"}],"author":[{"embeddable":true,"href":"https:\/\/cvo.hamburg.de\/index.php?rest_route=\/wp\/v2\/users\/728"}],"replies":[{"embeddable":true,"href":"https:\/\/cvo.hamburg.de\/index.php?rest_route=%2Fwp%2Fv2%2Fcomments&post=7363"}],"version-history":[{"count":3,"href":"https:\/\/cvo.hamburg.de\/index.php?rest_route=\/wp\/v2\/pages\/7363\/revisions"}],"predecessor-version":[{"id":7366,"href":"https:\/\/cvo.hamburg.de\/index.php?rest_route=\/wp\/v2\/pages\/7363\/revisions\/7366"}],"wp:attachment":[{"href":"https:\/\/cvo.hamburg.de\/index.php?rest_route=%2Fwp%2Fv2%2Fmedia&parent=7363"}],"curies":[{"name":"wp","href":"https:\/\/api.w.org\/{rel}","templated":true}]}}