{"id":7360,"date":"2022-11-15T11:02:00","date_gmt":"2022-11-15T10:02:00","guid":{"rendered":"https:\/\/cvo.hamburg.de\/?page_id=7360"},"modified":"2025-09-19T10:36:02","modified_gmt":"2025-09-19T08:36:02","slug":"beratungslehrerin","status":"publish","type":"page","link":"https:\/\/cvo.hamburg.de\/?page_id=7360","title":{"rendered":"Beratungsteam"},"content":{"rendered":"<p style=\"font-weight: 400\">Hier geht es nicht nur um Probleme, sondern oft einfach nur um Fragen und manchmal blo\u00df um eine Idee, weil etwas nicht so l\u00e4uft, wie es eigentlich soll. Die Beratungslehrer stehen f\u00fcr die SuS, aber auch f\u00fcr Eltern zur Verf\u00fcgung. Im Gespr\u00e4ch wird versucht zu verstehen, worum es m\u00f6glicherweise geht und welches ein n\u00e4chster Schritt sein sollte, um die Situation zu \u00e4ndern oder auch um selbst etwas Neues auszuprobieren. Vielfach f\u00fchrt der Austausch zu weiteren Gespr\u00e4chen, manchmal wird klar, dass andere Hilfen n\u00f6tig werden oder dass der Kreis der Unterst\u00fctzer\/innen erweitert werden sollte.<\/p>\n<p style=\"font-weight: 400\">Zum Beratungslehrerteam geh\u00f6ren Herr Gartmann (Gart), Frau Lafferenz (La) und Frau Dr. Wenck. Ihr B\u00fcro befindet sich im 1. Stock des Verwaltungsgeb\u00e4udes. Zu erreichen sind sie entweder pers\u00f6nlich, \u00fcber das Schulb\u00fcro oder \u00fcber ihre Postf\u00e4cher im Lehrerzimmer.<\/p>\n<p>\u21d2 Weitere Informationen finden Sie <a href=\"https:\/\/cvo.hamburg.de\/?page_id=385\">hier<\/a><\/p>\n","protected":false},"excerpt":{"rendered":"<p>Hier geht es nicht nur um Probleme, sondern oft einfach nur um Fragen und manchmal blo\u00df um eine Idee, weil etwas nicht so l\u00e4uft, wie es eigentlich soll. Die Beratungslehrer stehen f\u00fcr die SuS,&#46;&#46;&#46;<\/p>\n","protected":false},"author":728,"featured_media":0,"parent":0,"menu_order":0,"comment_status":"closed","ping_status":"closed","template":"","meta":{"_acf_changed":false,"footnotes":""},"class_list":["post-7360","page","type-page","status-publish","hentry"],"acf":[],"_links":{"self":[{"href":"https:\/\/cvo.hamburg.de\/index.php?rest_route=\/wp\/v2\/pages\/7360","targetHints":{"allow":["GET"]}}],"collection":[{"href":"https:\/\/cvo.hamburg.de\/index.php?rest_route=\/wp\/v2\/pages"}],"about":[{"href":"https:\/\/cvo.hamburg.de\/index.php?rest_route=\/wp\/v2\/types\/page"}],"author":[{"embeddable":true,"href":"https:\/\/cvo.hamburg.de\/index.php?rest_route=\/wp\/v2\/users\/728"}],"replies":[{"embeddable":true,"href":"https:\/\/cvo.hamburg.de\/index.php?rest_route=%2Fwp%2Fv2%2Fcomments&post=7360"}],"version-history":[{"count":5,"href":"https:\/\/cvo.hamburg.de\/index.php?rest_route=\/wp\/v2\/pages\/7360\/revisions"}],"predecessor-version":[{"id":10490,"href":"https:\/\/cvo.hamburg.de\/index.php?rest_route=\/wp\/v2\/pages\/7360\/revisions\/10490"}],"wp:attachment":[{"href":"https:\/\/cvo.hamburg.de\/index.php?rest_route=%2Fwp%2Fv2%2Fmedia&parent=7360"}],"curies":[{"name":"wp","href":"https:\/\/api.w.org\/{rel}","templated":true}]}}