{"id":7347,"date":"2022-11-15T10:55:07","date_gmt":"2022-11-15T09:55:07","guid":{"rendered":"https:\/\/cvo.hamburg.de\/?page_id=7347"},"modified":"2022-11-24T15:51:12","modified_gmt":"2022-11-24T14:51:12","slug":"b-gebaeude","status":"publish","type":"page","link":"https:\/\/cvo.hamburg.de\/?page_id=7347","title":{"rendered":"B-Geb\u00e4ude"},"content":{"rendered":"<p style=\"font-weight: 400\">Im B-Geb\u00e4ude (Eingang vom Schulhof) ist die Mittelstufe mit ihren Differenzierungsr\u00e4umen und die Schulb\u00fccherei \u201eCarl liest\u201c untergebracht.<\/p>\n<p><a href=\"https:\/\/cvo.hamburg.de\/wp-content\/uploads\/sites\/31\/2017\/06\/Gebaeudeplan-cvo_end.jpg\" data-rel=\"lightbox\" data-rl_title=\"\" data-rl_caption=\"\" title=\"\"><img loading=\"lazy\" decoding=\"async\" class=\"alignnone size-large wp-image-2793\" src=\"https:\/\/cvo.hamburg.de\/wp-content\/uploads\/sites\/31\/2017\/06\/Gebaeudeplan-cvo_end-724x1024.jpg\" alt=\"\" width=\"474\" height=\"670\" srcset=\"https:\/\/cvo.hamburg.de\/wp-content\/uploads\/sites\/31\/2017\/06\/Gebaeudeplan-cvo_end-724x1024.jpg 724w, https:\/\/cvo.hamburg.de\/wp-content\/uploads\/sites\/31\/2017\/06\/Gebaeudeplan-cvo_end-212x300.jpg 212w, https:\/\/cvo.hamburg.de\/wp-content\/uploads\/sites\/31\/2017\/06\/Gebaeudeplan-cvo_end-768x1086.jpg 768w, https:\/\/cvo.hamburg.de\/wp-content\/uploads\/sites\/31\/2017\/06\/Gebaeudeplan-cvo_end.jpg 1448w\" sizes=\"auto, (max-width: 474px) 100vw, 474px\" \/><\/a><\/p>\n","protected":false},"excerpt":{"rendered":"<p>Im B-Geb\u00e4ude (Eingang vom Schulhof) ist die Mittelstufe mit ihren Differenzierungsr\u00e4umen und die Schulb\u00fccherei \u201eCarl liest\u201c untergebracht.<\/p>\n","protected":false},"author":728,"featured_media":0,"parent":0,"menu_order":0,"comment_status":"closed","ping_status":"closed","template":"","meta":{"_acf_changed":false,"footnotes":""},"class_list":["post-7347","page","type-page","status-publish","hentry"],"acf":[],"_links":{"self":[{"href":"https:\/\/cvo.hamburg.de\/index.php?rest_route=\/wp\/v2\/pages\/7347","targetHints":{"allow":["GET"]}}],"collection":[{"href":"https:\/\/cvo.hamburg.de\/index.php?rest_route=\/wp\/v2\/pages"}],"about":[{"href":"https:\/\/cvo.hamburg.de\/index.php?rest_route=\/wp\/v2\/types\/page"}],"author":[{"embeddable":true,"href":"https:\/\/cvo.hamburg.de\/index.php?rest_route=\/wp\/v2\/users\/728"}],"replies":[{"embeddable":true,"href":"https:\/\/cvo.hamburg.de\/index.php?rest_route=%2Fwp%2Fv2%2Fcomments&post=7347"}],"version-history":[{"count":2,"href":"https:\/\/cvo.hamburg.de\/index.php?rest_route=\/wp\/v2\/pages\/7347\/revisions"}],"predecessor-version":[{"id":7781,"href":"https:\/\/cvo.hamburg.de\/index.php?rest_route=\/wp\/v2\/pages\/7347\/revisions\/7781"}],"wp:attachment":[{"href":"https:\/\/cvo.hamburg.de\/index.php?rest_route=%2Fwp%2Fv2%2Fmedia&parent=7347"}],"curies":[{"name":"wp","href":"https:\/\/api.w.org\/{rel}","templated":true}]}}