{"id":7344,"date":"2022-11-15T10:53:57","date_gmt":"2022-11-15T09:53:57","guid":{"rendered":"https:\/\/cvo.hamburg.de\/?page_id=7344"},"modified":"2022-11-15T10:53:57","modified_gmt":"2022-11-15T09:53:57","slug":"backen-gegen-die-soziale-kaelte","status":"publish","type":"page","link":"https:\/\/cvo.hamburg.de\/?page_id=7344","title":{"rendered":"Backen gegen die soziale K\u00e4lte"},"content":{"rendered":"<p style=\"font-weight: 400\">\u201eBacken gegen die soziale K\u00e4lte\u201c ist eine vom Schulsprecherteam organisierte Spendenaktion, die am CvO j\u00e4hrlich vor Weihnachten stattfindet. Ins Leben gerufen wurde die Aktion im Herbst 2004, als der Sch\u00fclerrat eine Sportveranstaltung f\u00fcr die 5. Klassen ausrichtete. In einem Nebensatz hatte man in der Einladung um einen Beitrag f\u00fcr ein kaltes Buffet gebeten. Nach dem Turnier sa\u00dfen die Schulsprecher auf Unmengen von Salaten, Kuchen und Schnittchen, die \u00fcbrig geblieben waren. Da wurde die Idee geboren, diesen offensichtlichen Nahrungsmittel\u00fcberfluss f\u00fcr soziale Zwecke zu nutzen. Die Schulsprecher riefen vor den folgenden Weihnachtsferien SuS und LuL dazu auf, einen Kuchen zu backen, der obdachlosen Hamburger\/-innen gespendet werden sollte. Schlie\u00dflich konnte das CvO \u00fcber 400 Kuchen an die Hamburger Tafel \u00fcberreichen, die diese an Hilfsbed\u00fcrftige weiterleitete. Auf Grund des Erfolgs wurde die Aktion zum festen Bestandteil unseres Schullebens.<\/p>\n<p style=\"font-weight: 400\">\u201eBacken gegen die soziale K\u00e4lte\u201c steht in einer langen Tradition wohlt\u00e4tiger Aktionen der Sch\u00fclerschaft des CvO und ist als Zeichen der Solidarit\u00e4t mit den Hilfsbed\u00fcrftigen dieser Stadt etabliert worden.<\/p>\n","protected":false},"excerpt":{"rendered":"<p>\u201eBacken gegen die soziale K\u00e4lte\u201c ist eine vom Schulsprecherteam organisierte Spendenaktion, die am CvO j\u00e4hrlich vor Weihnachten stattfindet. Ins Leben gerufen wurde die Aktion im Herbst 2004, als der Sch\u00fclerrat eine Sportveranstaltung f\u00fcr die&#46;&#46;&#46;<\/p>\n","protected":false},"author":728,"featured_media":0,"parent":0,"menu_order":0,"comment_status":"closed","ping_status":"closed","template":"","meta":{"_acf_changed":false,"footnotes":""},"class_list":["post-7344","page","type-page","status-publish","hentry"],"acf":[],"_links":{"self":[{"href":"https:\/\/cvo.hamburg.de\/index.php?rest_route=\/wp\/v2\/pages\/7344","targetHints":{"allow":["GET"]}}],"collection":[{"href":"https:\/\/cvo.hamburg.de\/index.php?rest_route=\/wp\/v2\/pages"}],"about":[{"href":"https:\/\/cvo.hamburg.de\/index.php?rest_route=\/wp\/v2\/types\/page"}],"author":[{"embeddable":true,"href":"https:\/\/cvo.hamburg.de\/index.php?rest_route=\/wp\/v2\/users\/728"}],"replies":[{"embeddable":true,"href":"https:\/\/cvo.hamburg.de\/index.php?rest_route=%2Fwp%2Fv2%2Fcomments&post=7344"}],"version-history":[{"count":1,"href":"https:\/\/cvo.hamburg.de\/index.php?rest_route=\/wp\/v2\/pages\/7344\/revisions"}],"predecessor-version":[{"id":7345,"href":"https:\/\/cvo.hamburg.de\/index.php?rest_route=\/wp\/v2\/pages\/7344\/revisions\/7345"}],"wp:attachment":[{"href":"https:\/\/cvo.hamburg.de\/index.php?rest_route=%2Fwp%2Fv2%2Fmedia&parent=7344"}],"curies":[{"name":"wp","href":"https:\/\/api.w.org\/{rel}","templated":true}]}}