{"id":7238,"date":"2022-10-07T11:30:53","date_gmt":"2022-10-07T09:30:53","guid":{"rendered":"https:\/\/cvo.hamburg.de\/?page_id=7238"},"modified":"2022-11-23T10:34:25","modified_gmt":"2022-11-23T09:34:25","slug":"schulpartnerschaft-tansania","status":"publish","type":"page","link":"https:\/\/cvo.hamburg.de\/?page_id=7238","title":{"rendered":"Schulpartnerschaft Tansania"},"content":{"rendered":"<div class=\"page\" title=\"Page 1\">\n<div class=\"section\">\n<div class=\"layoutArea\">\n<div class=\"column\">\n<p>Die Partnerschaft des CvO mit der Ulongoni Secondary School in Dar es Salaam geht nun in das zweite Jahr.&nbsp;Sport- und Geografielehrer Lars Garbode hat mit viel Engagement einen Weg gefunden, die einige Jahre ruhenden Bestrebungen einer Partnerschaft mit einer afrikanischen Schule zu reanimieren. 2019 rief er einen gemeinn\u00fctzigen Verein ins Leben und gr\u00fcndete zusammen mit Jugendfreunden den Verein \u201eEdUnity &#8211; Schulpartnerschaften weltweit e.V.\u201c, der f\u00fcr tansanische Schulen Partnerschulen in Deutschland vermittelt.&nbsp;<\/p>\n<div class=\"page\" title=\"Page 1\">\n<div class=\"section\">\n<div class=\"layoutArea\">\n<div class=\"column\">\n<p><img loading=\"lazy\" decoding=\"async\" class=\"alignleft wp-image-7239 \" src=\"https:\/\/cvo.hamburg.de\/wp-content\/uploads\/sites\/31\/2022\/10\/Bild-2-e1665134975819-300x222.jpg\" alt=\"\" width=\"318\" height=\"235\" srcset=\"https:\/\/cvo.hamburg.de\/wp-content\/uploads\/sites\/31\/2022\/10\/Bild-2-e1665134975819-300x222.jpg 300w, https:\/\/cvo.hamburg.de\/wp-content\/uploads\/sites\/31\/2022\/10\/Bild-2-e1665134975819-1024x756.jpg 1024w, https:\/\/cvo.hamburg.de\/wp-content\/uploads\/sites\/31\/2022\/10\/Bild-2-e1665134975819-768x567.jpg 768w, https:\/\/cvo.hamburg.de\/wp-content\/uploads\/sites\/31\/2022\/10\/Bild-2-e1665134975819.jpg 1530w\" sizes=\"auto, (max-width: 318px) 100vw, 318px\" \/>Mitten in der Coronazeit initiierte Garbode erste Kontakte zwischen dem CvO und der Ulongoni Secondary School. Unterst\u00fctzt wurde und wird er vor Ort in Tansania vom Lehrerkollegen Samuel Mchomvu, der Projekte betreut und Ansprechpartner f\u00fcr alle Schulen in Tansania ist. Ziel ist es, ein Netzwerk verschiedener Expertinnen und Experten aus dem Bildungsbereich, dem Handwerk, der Medizin, der Wirtschaft aus Deutschland und aus Afrika zu kn\u00fcpfen, um das Schulleben und die Ausbildung in Afrika nach vorne zu bringen. Ein wichtiges Projekt, denn z. B. an&nbsp;der Ulongoni Secondary School betreuen derzeit 45 LehrerInnen fast 2.500 Sch\u00fclerinnen und Sch\u00fcler, was dazu f\u00fchrt, dass 60 &#8211; 70 Kinder in einem Klassenraum sind. &nbsp;Da nicht f\u00fcr alle Tische und St\u00fchle zur Verf\u00fcgung stehen, sitzen viele Kinder auf dem Boden.&nbsp;Es gibt zudem nur ein Toilettenhaus mit jeweils sechs Toiletten f\u00fcr die M\u00e4dchen und f\u00fcr die Jungen. Trinkwasser bekommen die Kinder aus gro\u00dfen Kunststoffbeh\u00e4ltern, die das Regenwasser auffangen.&nbsp;<\/p>\n<p>&nbsp;<\/p>\n<\/div>\n<\/div>\n<\/div>\n<\/div>\n<div class=\"page\" title=\"Page 2\">\n<div class=\"section\">\n<div class=\"layoutArea\">\n<div class=\"column\">\n<p><img loading=\"lazy\" decoding=\"async\" class=\"alignleft wp-image-7240\" src=\"https:\/\/cvo.hamburg.de\/wp-content\/uploads\/sites\/31\/2022\/10\/Bild-10-300x200.jpg\" alt=\"\" width=\"320\" height=\"213\" srcset=\"https:\/\/cvo.hamburg.de\/wp-content\/uploads\/sites\/31\/2022\/10\/Bild-10-300x200.jpg 300w, https:\/\/cvo.hamburg.de\/wp-content\/uploads\/sites\/31\/2022\/10\/Bild-10-1024x683.jpg 1024w, https:\/\/cvo.hamburg.de\/wp-content\/uploads\/sites\/31\/2022\/10\/Bild-10-768x512.jpg 768w, https:\/\/cvo.hamburg.de\/wp-content\/uploads\/sites\/31\/2022\/10\/Bild-10-1536x1025.jpg 1536w, https:\/\/cvo.hamburg.de\/wp-content\/uploads\/sites\/31\/2022\/10\/Bild-10.jpg 2000w\" sizes=\"auto, (max-width: 320px) 100vw, 320px\" \/>Doch nicht nur in Afrika werden Projekte initiiert, auch am CvO werden etwa am \u201eTag f\u00fcr Afrika\u201c Gelder gesammelt, im Unterrichtsalltag werden Vortr\u00e4ge gehalten, und es gibt sogar einen eigenen Kurs in der Mittelstufe und in der Oberstufe, in denen Sch\u00fclerinnen und Sch\u00fcler etwas \u00fcber die afrikanische Kultur und \u00fcber politische Zust\u00e4nde lernen, eigene Projekte entwickeln und durchf\u00fchren und Austauschbesuche vorbereiten.<\/p>\n<p>In den n\u00e4chsten Jahren sind auch wieder Austauschreisen von und nach Tansania geplant. Es gibt also viel zu tun und wir freuen uns auf eine weiterhin so positive Entwicklung unserer Partnerschaft mit der Ulongoni Secondary School.<\/p>\n<p>&nbsp;Wer mehr \u00fcber Schulpartnerschaften mit Tansania erfahren m\u00f6chte, kann sich unter <a href=\"http:\/\/EdUnity-Schulpartnerschaften.de\">EdUnity-Schulpartnerschaften.de <\/a>informieren.<\/p>\n<p>Auch in der Presse ist \u00fcber die CvO-Schulpartnerschaft berichtet worden. Hier finden Sie den Artikel der Wochenzeitung MARKT:<a href=\"https:\/\/epaper.lokale-wochenzeitungen.de\/mabmhv\/445\/html5\/\"> https:\/\/epaper.lokale-wochenzeitungen.de\/mabmhv\/445\/html5\/<\/a><\/p>\n<\/div>\n<\/div>\n<\/div>\n<\/div>\n<\/div>\n<\/div>\n<\/div>\n<\/div>\n","protected":false},"excerpt":{"rendered":"<p>Die Partnerschaft des CvO mit der Ulongoni Secondary School in Dar es Salaam geht nun in das zweite Jahr.&nbsp;Sport- und Geografielehrer Lars Garbode hat mit viel Engagement einen Weg gefunden, die einige Jahre ruhenden&#46;&#46;&#46;<\/p>\n","protected":false},"author":728,"featured_media":0,"parent":0,"menu_order":0,"comment_status":"closed","ping_status":"closed","template":"","meta":{"_acf_changed":false,"footnotes":""},"class_list":["post-7238","page","type-page","status-publish","hentry"],"acf":[],"_links":{"self":[{"href":"https:\/\/cvo.hamburg.de\/index.php?rest_route=\/wp\/v2\/pages\/7238","targetHints":{"allow":["GET"]}}],"collection":[{"href":"https:\/\/cvo.hamburg.de\/index.php?rest_route=\/wp\/v2\/pages"}],"about":[{"href":"https:\/\/cvo.hamburg.de\/index.php?rest_route=\/wp\/v2\/types\/page"}],"author":[{"embeddable":true,"href":"https:\/\/cvo.hamburg.de\/index.php?rest_route=\/wp\/v2\/users\/728"}],"replies":[{"embeddable":true,"href":"https:\/\/cvo.hamburg.de\/index.php?rest_route=%2Fwp%2Fv2%2Fcomments&post=7238"}],"version-history":[{"count":10,"href":"https:\/\/cvo.hamburg.de\/index.php?rest_route=\/wp\/v2\/pages\/7238\/revisions"}],"predecessor-version":[{"id":7664,"href":"https:\/\/cvo.hamburg.de\/index.php?rest_route=\/wp\/v2\/pages\/7238\/revisions\/7664"}],"wp:attachment":[{"href":"https:\/\/cvo.hamburg.de\/index.php?rest_route=%2Fwp%2Fv2%2Fmedia&parent=7238"}],"curies":[{"name":"wp","href":"https:\/\/api.w.org\/{rel}","templated":true}]}}