{"id":7071,"date":"2022-09-05T12:09:00","date_gmt":"2022-09-05T10:09:00","guid":{"rendered":"https:\/\/cvo.hamburg.de\/?page_id=7071"},"modified":"2022-11-24T15:50:22","modified_gmt":"2022-11-24T14:50:22","slug":"7071-2","status":"publish","type":"page","link":"https:\/\/cvo.hamburg.de\/?page_id=7071","title":{"rendered":"Auszeichnungen"},"content":{"rendered":"<div class=\"page\" title=\"Page 7\">\n<div class=\"layoutArea\">\n<div class=\"column\">\n<p>In den letzten Jahren wurde das CvO immer wieder ausgezeichnet. Beispiele hierf\u00fcr sind: <a href=\"https:\/\/cvo.hamburg.de\/?page_id=422\">Club of Rome<\/a>, Gesunde Schule, die Sch\u00fclerzeitung OSSCAR, der Sch\u00fclerwettbewerb zur Schulhofgestaltung, der Fremdsprachen-Wettbewerb, F\u00f6rderung des Demokratie-Verst\u00e4ndnisses, Jugend debattiert und&nbsp;<a href=\"https:\/\/cvo.hamburg.de\/?page_id=6725\">Erasmus+<\/a>. Auch unsere Schulmannschaften waren in den letzten Jahren sehr erfolgreich (\u2192 Jugend trainiert f\u00fcr Olympia).<\/p>\n<div><span class=\"Arial9\">Wir waren Pilotschule bei zwei Projekten der BSB im Kontext der digitalen Schule (f\u00fcr die Einf\u00fchrung des <a href=\"https:\/\/cvo.hamburg.de\/?page_id=7602\">LMS Moodle<\/a>) und im Kontext der digitalen Unterrichtsentwicklung im Projekt \u201eDigital macht Schule\u201c.<\/span><\/div>\n<p>Aktuell ist das CvO als <a href=\"https:\/\/cvo.hamburg.de\/?page_id=435\">Klimaschule<\/a> und als Gesunde Schule ausgezeichnet worden, der Rock-Pop-Workshop gewann 2013 den Europ\u00e4ischen Schulmusikpreis und 2014 den Hamburger Bildungspreis. 2016 haben wir erneut den Hamburger Bildungspreis f\u00fcr unser <a href=\"https:\/\/cvo.hamburg.de\/?page_id=2674\">Musikkonzept PRIMUS<\/a> gewonnen.<\/p>\n<p>Die Zertifizierung des CvO als Club-of-Rome-Schule wurde 2019 um f\u00fcnf weitere Jahre verl\u00e4ngert. Im Fr\u00fchjahr 2015 sind wir mit dem Zertifikat \u201ePositive Schule\u201c von der Hamburger B\u00fcrgerschaft ausgezeichnet worden. Das Zertifikat wird vom Verein \u201eJugend gegen AIDS\u201c an Schulen verliehen, die sich der regelm\u00e4\u00dfigen Aufkl\u00e4rung im Kampf gegen diese Krankheit verpflichten.<\/p>\n<p>\u21d2 Weitere Informationen finden Sie <a href=\"https:\/\/cvo.hamburg.de\/?page_id=410\">hier<\/a><\/p>\n<\/div>\n<\/div>\n<\/div>\n","protected":false},"excerpt":{"rendered":"<p>In den letzten Jahren wurde das CvO immer wieder ausgezeichnet. Beispiele hierf\u00fcr sind: Club of Rome, Gesunde Schule, die Sch\u00fclerzeitung OSSCAR, der Sch\u00fclerwettbewerb zur Schulhofgestaltung, der Fremdsprachen-Wettbewerb, F\u00f6rderung des Demokratie-Verst\u00e4ndnisses, Jugend debattiert und&nbsp;Erasmus+. Auch&#46;&#46;&#46;<\/p>\n","protected":false},"author":728,"featured_media":0,"parent":0,"menu_order":0,"comment_status":"closed","ping_status":"closed","template":"","meta":{"_acf_changed":false,"footnotes":""},"class_list":["post-7071","page","type-page","status-publish","hentry"],"acf":[],"_links":{"self":[{"href":"https:\/\/cvo.hamburg.de\/index.php?rest_route=\/wp\/v2\/pages\/7071","targetHints":{"allow":["GET"]}}],"collection":[{"href":"https:\/\/cvo.hamburg.de\/index.php?rest_route=\/wp\/v2\/pages"}],"about":[{"href":"https:\/\/cvo.hamburg.de\/index.php?rest_route=\/wp\/v2\/types\/page"}],"author":[{"embeddable":true,"href":"https:\/\/cvo.hamburg.de\/index.php?rest_route=\/wp\/v2\/users\/728"}],"replies":[{"embeddable":true,"href":"https:\/\/cvo.hamburg.de\/index.php?rest_route=%2Fwp%2Fv2%2Fcomments&post=7071"}],"version-history":[{"count":8,"href":"https:\/\/cvo.hamburg.de\/index.php?rest_route=\/wp\/v2\/pages\/7071\/revisions"}],"predecessor-version":[{"id":7780,"href":"https:\/\/cvo.hamburg.de\/index.php?rest_route=\/wp\/v2\/pages\/7071\/revisions\/7780"}],"wp:attachment":[{"href":"https:\/\/cvo.hamburg.de\/index.php?rest_route=%2Fwp%2Fv2%2Fmedia&parent=7071"}],"curies":[{"name":"wp","href":"https:\/\/api.w.org\/{rel}","templated":true}]}}