{"id":7051,"date":"2022-09-05T11:55:11","date_gmt":"2022-09-05T09:55:11","guid":{"rendered":"https:\/\/cvo.hamburg.de\/?page_id=7051"},"modified":"2022-11-24T15:38:57","modified_gmt":"2022-11-24T14:38:57","slug":"a-gebaeude","status":"publish","type":"page","link":"https:\/\/cvo.hamburg.de\/?page_id=7051","title":{"rendered":"A-Geb\u00e4ude"},"content":{"rendered":"<div class=\"page\" title=\"Page 5\">\n<div class=\"layoutArea\">\n<div class=\"column\">\n<p>Im A-Geb\u00e4ude (Eingang vom M\u00fcssenredder) ist die Unterstufe mit ihren Differenzierungsr\u00e4umen untergebracht.<\/p>\n<p><a href=\"https:\/\/cvo.hamburg.de\/wp-content\/uploads\/sites\/31\/2017\/06\/Gebaeudeplan-cvo_end.jpg\" data-rel=\"lightbox\" data-rl_title=\"\" data-rl_caption=\"\" title=\"\"><img loading=\"lazy\" decoding=\"async\" class=\"alignnone size-large wp-image-2793\" src=\"https:\/\/cvo.hamburg.de\/wp-content\/uploads\/sites\/31\/2017\/06\/Gebaeudeplan-cvo_end-724x1024.jpg\" alt=\"\" width=\"474\" height=\"670\" srcset=\"https:\/\/cvo.hamburg.de\/wp-content\/uploads\/sites\/31\/2017\/06\/Gebaeudeplan-cvo_end-724x1024.jpg 724w, https:\/\/cvo.hamburg.de\/wp-content\/uploads\/sites\/31\/2017\/06\/Gebaeudeplan-cvo_end-212x300.jpg 212w, https:\/\/cvo.hamburg.de\/wp-content\/uploads\/sites\/31\/2017\/06\/Gebaeudeplan-cvo_end-768x1086.jpg 768w, https:\/\/cvo.hamburg.de\/wp-content\/uploads\/sites\/31\/2017\/06\/Gebaeudeplan-cvo_end.jpg 1448w\" sizes=\"auto, (max-width: 474px) 100vw, 474px\" \/><\/a><\/p>\n<\/div>\n<\/div>\n<\/div>\n","protected":false},"excerpt":{"rendered":"<p>Im A-Geb\u00e4ude (Eingang vom M\u00fcssenredder) ist die Unterstufe mit ihren Differenzierungsr\u00e4umen untergebracht.<\/p>\n","protected":false},"author":728,"featured_media":0,"parent":0,"menu_order":0,"comment_status":"closed","ping_status":"closed","template":"","meta":{"_acf_changed":false,"footnotes":""},"class_list":["post-7051","page","type-page","status-publish","hentry"],"acf":[],"_links":{"self":[{"href":"https:\/\/cvo.hamburg.de\/index.php?rest_route=\/wp\/v2\/pages\/7051","targetHints":{"allow":["GET"]}}],"collection":[{"href":"https:\/\/cvo.hamburg.de\/index.php?rest_route=\/wp\/v2\/pages"}],"about":[{"href":"https:\/\/cvo.hamburg.de\/index.php?rest_route=\/wp\/v2\/types\/page"}],"author":[{"embeddable":true,"href":"https:\/\/cvo.hamburg.de\/index.php?rest_route=\/wp\/v2\/users\/728"}],"replies":[{"embeddable":true,"href":"https:\/\/cvo.hamburg.de\/index.php?rest_route=%2Fwp%2Fv2%2Fcomments&post=7051"}],"version-history":[{"count":2,"href":"https:\/\/cvo.hamburg.de\/index.php?rest_route=\/wp\/v2\/pages\/7051\/revisions"}],"predecessor-version":[{"id":7777,"href":"https:\/\/cvo.hamburg.de\/index.php?rest_route=\/wp\/v2\/pages\/7051\/revisions\/7777"}],"wp:attachment":[{"href":"https:\/\/cvo.hamburg.de\/index.php?rest_route=%2Fwp%2Fv2%2Fmedia&parent=7051"}],"curies":[{"name":"wp","href":"https:\/\/api.w.org\/{rel}","templated":true}]}}