{"id":7043,"date":"2022-09-05T11:40:15","date_gmt":"2022-09-05T09:40:15","guid":{"rendered":"https:\/\/cvo.hamburg.de\/?page_id=7043"},"modified":"2022-09-05T11:40:58","modified_gmt":"2022-09-05T09:40:58","slug":"a-und-b-wochen-epochenunterricht","status":"publish","type":"page","link":"https:\/\/cvo.hamburg.de\/?page_id=7043","title":{"rendered":"A- und B-Wochen \/ Epochenunterricht"},"content":{"rendered":"<div class=\"page\" title=\"Page 5\">\n<div class=\"layoutArea\">\n<div class=\"column\">\n<p>Das Konzept der Doppel- bzw. Langstunden wird in unserer Stundentafel bei 1- bzw. 3-st\u00fcndigen F\u00e4chern durch so genannte A- und B-Wochen bzw. den Epochalunterricht verwirklicht. In der A- und der B-Woche (A = ungerade, B = gerade Kalenderwoche) k\u00f6nnen sich in einer Langstunde pro Woche z. B. Englisch und Deutsch abwechseln. Beim Epochalunterricht werden einst\u00fcndige F\u00e4cher wie z. B. im Jahrgang 8 Geschichte und PGW jeweils ein Schulhalbjahr als klassische Langstunde unterrichtet.<\/p>\n<\/div>\n<\/div>\n<\/div>\n","protected":false},"excerpt":{"rendered":"<p>Das Konzept der Doppel- bzw. Langstunden wird in unserer Stundentafel bei 1- bzw. 3-st\u00fcndigen F\u00e4chern durch so genannte A- und B-Wochen bzw. den Epochalunterricht verwirklicht. In der A- und der B-Woche (A = ungerade,&#46;&#46;&#46;<\/p>\n","protected":false},"author":728,"featured_media":0,"parent":0,"menu_order":0,"comment_status":"closed","ping_status":"closed","template":"","meta":{"_acf_changed":false,"footnotes":""},"class_list":["post-7043","page","type-page","status-publish","hentry"],"acf":[],"_links":{"self":[{"href":"https:\/\/cvo.hamburg.de\/index.php?rest_route=\/wp\/v2\/pages\/7043","targetHints":{"allow":["GET"]}}],"collection":[{"href":"https:\/\/cvo.hamburg.de\/index.php?rest_route=\/wp\/v2\/pages"}],"about":[{"href":"https:\/\/cvo.hamburg.de\/index.php?rest_route=\/wp\/v2\/types\/page"}],"author":[{"embeddable":true,"href":"https:\/\/cvo.hamburg.de\/index.php?rest_route=\/wp\/v2\/users\/728"}],"replies":[{"embeddable":true,"href":"https:\/\/cvo.hamburg.de\/index.php?rest_route=%2Fwp%2Fv2%2Fcomments&post=7043"}],"version-history":[{"count":3,"href":"https:\/\/cvo.hamburg.de\/index.php?rest_route=\/wp\/v2\/pages\/7043\/revisions"}],"predecessor-version":[{"id":7046,"href":"https:\/\/cvo.hamburg.de\/index.php?rest_route=\/wp\/v2\/pages\/7043\/revisions\/7046"}],"wp:attachment":[{"href":"https:\/\/cvo.hamburg.de\/index.php?rest_route=%2Fwp%2Fv2%2Fmedia&parent=7043"}],"curies":[{"name":"wp","href":"https:\/\/api.w.org\/{rel}","templated":true}]}}