{"id":6980,"date":"2022-08-23T11:10:16","date_gmt":"2022-08-23T09:10:16","guid":{"rendered":"https:\/\/cvo.hamburg.de\/?page_id=6980"},"modified":"2025-11-05T10:47:14","modified_gmt":"2025-11-05T09:47:14","slug":"start-5-klassen","status":"publish","type":"page","link":"https:\/\/cvo.hamburg.de\/?page_id=6980","title":{"rendered":"Primus: Start 5. Klassen"},"content":{"rendered":"<div class=\"layoutArea\">\n<div class=\"column\">\n<p>Liebe Eltern der 5. Klassen,<\/p>\n<p>wir begr\u00fc\u00dfen Sie herzlich beim Musikkonzept am CvO, PRIMUS e.V.!<\/p>\n<p>Sie finden nachfolgend die Beitrittsunterlagen mit folgenden Dokumenten:<\/p>\n<ul>\n<li><a href=\"https:\/\/cvo.hamburg.de\/wp-content\/uploads\/sites\/31\/2025\/11\/Anschreiben-Vertrag-Zahlungsaufforderung-25.pdf\" target=\"_blank\" rel=\"noopener\">Anschreiben mit Zahlungsmodalit\u00e4ten<\/a><\/li>\n<li><a href=\"https:\/\/cvo.hamburg.de\/wp-content\/uploads\/sites\/31\/2025\/07\/Beitrittserklaerung-56-A-25-26-zurueck.pdf\" target=\"_blank\" rel=\"noopener\">Beitrittserkl\u00e4rung<\/a>: Bitte Vorderseite ausf\u00fcllen, auf der R\u00fcckseite Zahlungsmodus w\u00e4hlen.<em> Falls sie Sozialleistungen erhalten, k\u00f6nnen Sie eine Beitragsbefreiung beantragen (Bitte Nachweis beif\u00fcgen!)<\/em><\/li>\n<li>Nur Bl\u00e4ser und Streicher: <a href=\"https:\/\/cvo.hamburg.de\/wp-content\/uploads\/sites\/31\/2025\/07\/Ergaenzungsblatt-zur-Beitrittserklaerung-25-26.pdf\" target=\"_blank\" rel=\"noopener\">Erg\u00e4nzungsblatt (Leihinstrument)<\/a>: Bitte die Nummer des Instruments eintragen, Zubeh\u00f6r unterstreichen, ggf. Sch\u00e4den notieren und unterschreiben.<\/li>\n<li><a href=\"https:\/\/cvo.hamburg.de\/wp-content\/uploads\/sites\/31\/2025\/07\/Informationen-zum-Musikkonzept-fuer-Eltern-und-Schueler-2025.pdf\" target=\"_blank\" rel=\"noopener\">Informationen rund um das Musikkonzept<\/a> zum Verbleib bei Ihnen: Bitte lesen Sie sich diese Informationen zusammen mit Ihrem Kind sorgf\u00e4ltig durch.<\/li>\n<li><a href=\"https:\/\/cvo.hamburg.de\/wp-content\/uploads\/sites\/31\/2024\/08\/Einwilligung-Fotos-24.pdf\" target=\"_blank\" rel=\"noopener\">Einwilligung f\u00fcr Fotos<\/a>: Wir ben\u00f6tigen f\u00fcr den Verein Primus eine eigene Fotoerlaubnis.<\/li>\n<\/ul>\n<p>Bitte geben Sie Ihrem Kind eine Ausfertigung der Vertr\u00e4ge ausgef\u00fcllt und unterschrieben zur n\u00e4chsten Gro\u00dfgruppenstunde mit. Das andere Exemplar ist f\u00fcr Ihre Unterlagen bestimmt.<\/p>\n<p>&nbsp;<\/p>\n<p>Weitere wichtige Informationen und Dokumente:<\/p>\n<\/div>\n<\/div>\n<div class=\"layoutArea\">\n<div class=\"column\">\n<ul>\n<li><strong>Allgemeine Informationen f\u00fcr Sch\u00fclerinnen und Sch\u00fcler <\/strong>(Zeiten f\u00fcr Gro\u00dfgruppenunterricht etc.): <a href=\"https:\/\/cvo.hamburg.de\/wp-content\/uploads\/sites\/31\/2025\/09\/Grossgruppenzeiten-Jahrgang-5-2025.pdf\"><strong>Gro\u00dfgruppenzeiten Jahrgang 5 2025<\/strong><\/a><\/li>\n<\/ul>\n<ul>\n<li><strong><a href=\"https:\/\/cvo.hamburg.de\/wp-content\/uploads\/sites\/31\/2024\/08\/Regeln-und-Absprachen-fuer-Schueler-2024.pdf\" target=\"_blank\" rel=\"noopener\">Regeln und Absprachen f\u00fcr Sch\u00fclerinnen und Sch\u00fcler<\/a>&nbsp;<\/strong><\/li>\n<\/ul>\n<p>&nbsp;<\/p>\n<\/div>\n<\/div>\n<div class=\"layoutArea\">\n<div class=\"column\">\n<p>Ansprechpartnerin: Gesine Brandt-Wille<br \/>\nBei allen Fragen erreichen Sie uns unter: primus.cvo@cvo.hamburg.de<\/p>\n<\/div>\n<\/div>\n","protected":false},"excerpt":{"rendered":"<p>Liebe Eltern der 5. Klassen, wir begr\u00fc\u00dfen Sie herzlich beim Musikkonzept am CvO, PRIMUS e.V.! Sie finden nachfolgend die Beitrittsunterlagen mit folgenden Dokumenten: Anschreiben mit Zahlungsmodalit\u00e4ten Beitrittserkl\u00e4rung: Bitte Vorderseite ausf\u00fcllen, auf der R\u00fcckseite Zahlungsmodus&#46;&#46;&#46;<\/p>\n","protected":false},"author":728,"featured_media":0,"parent":0,"menu_order":0,"comment_status":"closed","ping_status":"closed","template":"","meta":{"_acf_changed":false,"footnotes":""},"class_list":["post-6980","page","type-page","status-publish","hentry"],"acf":[],"_links":{"self":[{"href":"https:\/\/cvo.hamburg.de\/index.php?rest_route=\/wp\/v2\/pages\/6980","targetHints":{"allow":["GET"]}}],"collection":[{"href":"https:\/\/cvo.hamburg.de\/index.php?rest_route=\/wp\/v2\/pages"}],"about":[{"href":"https:\/\/cvo.hamburg.de\/index.php?rest_route=\/wp\/v2\/types\/page"}],"author":[{"embeddable":true,"href":"https:\/\/cvo.hamburg.de\/index.php?rest_route=\/wp\/v2\/users\/728"}],"replies":[{"embeddable":true,"href":"https:\/\/cvo.hamburg.de\/index.php?rest_route=%2Fwp%2Fv2%2Fcomments&post=6980"}],"version-history":[{"count":44,"href":"https:\/\/cvo.hamburg.de\/index.php?rest_route=\/wp\/v2\/pages\/6980\/revisions"}],"predecessor-version":[{"id":10572,"href":"https:\/\/cvo.hamburg.de\/index.php?rest_route=\/wp\/v2\/pages\/6980\/revisions\/10572"}],"wp:attachment":[{"href":"https:\/\/cvo.hamburg.de\/index.php?rest_route=%2Fwp%2Fv2%2Fmedia&parent=6980"}],"curies":[{"name":"wp","href":"https:\/\/api.w.org\/{rel}","templated":true}]}}