{"id":68,"date":"2014-04-17T11:23:03","date_gmt":"2014-04-17T09:23:03","guid":{"rendered":"https:\/\/carlvossietzky.dev-schulhomepages.hamburg.de\/?page_id=68"},"modified":"2017-02-22T09:50:21","modified_gmt":"2017-02-22T08:50:21","slug":"unsere-werte","status":"publish","type":"page","link":"https:\/\/cvo.hamburg.de\/?page_id=68","title":{"rendered":"Unser Leitbild"},"content":{"rendered":"<h3><strong>Pr\u00e4ambel<\/strong><\/h3>\n<p>Bei uns am Carl-von-Ossietzky-Gymnasium in Hamburg-Poppenb\u00fcttel stehen unsere Sch\u00fclerinnen und Sch\u00fcler mit ihren vielf\u00e4ltigen Interessen und Begabungen im Mittelpunkt. Neben einer fundierten Wissensvermittlung im Unterricht bereiten wir sie auf verantwortungsvolles Handeln und Selbstst\u00e4ndigkeit vor.<br \/>\nSeit seiner Gr\u00fcndung im Jahr 1968 ist das CvO ein Gymnasium, das stets eigene Wege geht, p\u00e4dagogische Innovationen aufgreift und sich st\u00e4ndig weiterentwickelt.<\/p>\n<p>Unser Ziel ist es, die Sch\u00fclerinnen und Sch\u00fcler in ihrer pers\u00f6nlichen Entwicklung zu unterst\u00fctzen und ihre Lern- und Leistungsbereitschaft zu st\u00e4rken, damit sie ihren individuellen wie auch den gesellschaftlichen Herausforderungen erfolgreich begegnen k\u00f6nnen.\u00a0Ihr Verantwortungsbewusstsein st\u00e4rken wir als \u201eClub of Rome\u201c-Schule vor allem mit Blick auf \u00d6kologie und Nachhaltigkeit.<\/p>\n<p>Durch die enge Zusammenarbeit unserer sehr aktiven Sch\u00fcler- und Elternschaft, des Kollegiums und des Schulleitungsteams entsteht die besondere Schulgemeinschaft am CvO. Toleranz und Respekt sind Voraussetzungen f\u00fcr eine Begegnung auf Augenh\u00f6he und f\u00f6rdern demokratische Entscheidungen.\u00a0Da Sch\u00fclerinnen und Sch\u00fcler mit ihren Fragen und Anregungen jederzeit mit ihren Lehrerinnen und Lehrern in Dialog treten k\u00f6nnen, schaffen wir bei uns eine Atmosph\u00e4re, die gepr\u00e4gt ist von Transparenz, Zugewandtheit und Aufmerksamkeit. Das f\u00fcr Sch\u00fclerinnen und Sch\u00fcler zug\u00e4ngliche Lehrerzimmer ist eine Besonderheit, die von allen Seiten gesch\u00e4tzt wird.<\/p>\n<p>Unser Namensgeber, der Friedensnobelpreistr\u00e4ger Carl von Ossietzky, verk\u00f6rpert all diese Grunds\u00e4tze. In seinem Sinne sind Zivilcourage und eine pazifistische Grundhaltung erstrebenswerte Ziele. Wir wertsch\u00e4tzen unsere Sch\u00fclerinnen und Sch\u00fcler diesbez\u00fcglich auch, indem wir j\u00e4hrlich den \u201eQuerdenkerpreis\u201c vergeben. Ausgezeichnet wird dabei, wer sich f\u00fcr Werte wie Gerechtigkeit und Solidarit\u00e4t auch gegen Widerst\u00e4nde eingesetzt hat.\u00a0Am Carl-von-Ossietzky-Gymnasium m\u00f6chten wir erreichen, dass Sch\u00fclerinnen und Sch\u00fcler unsere Welt kritisch, kreativ und konstruktiv mitgestalten.<\/p>\n<h5>LEITS\u00c4TZE<\/h5>\n<p><strong>\u2028Wir bereiten Sch\u00fclerinnen und Sch\u00fcler auf individuelle und gesellschaftliche Herausforderungen vor\u2028<\/strong><\/p>\n<ul>\n<li>Sch\u00fclerinnen und Sch\u00fcler erwerben am CvO Wissen und vielf\u00e4ltige Kompetenzen, die sie auf Studium und Beruf vorbereiten.<\/li>\n<li>Wir ermutigen zu Offenheit f\u00fcr Neues, zu kritischem Denken und zu lebenslangem Lernen, damit die Sch\u00fclerinnen und Sch\u00fcler Gesellschaft und Umwelt bewusst und verantwortungsvoll gestalten.<\/li>\n<li>Sch\u00fclerinnen und Sch\u00fcler lernen gesellschaftliche Prozesse aus Kultur, Wirtschaft und Umwelt zu verstehen und im Team zu erproben.<\/li>\n<li>Wir fordern Sch\u00fclerinnen und Sch\u00fcler zu einer achtsamen und verantwortungsbewussten Haltung gegen\u00fcber sich selbst und anderen sowie zur Selbstst\u00e4ndigkeit auf.<\/li>\n<\/ul>\n<h5><strong>Wir sind eine politische und demokratische Schule\u2028<\/strong><\/h5>\n<ul>\n<li>Im Sinne unseres Namensgebers ermutigen wir zu einer verantwortlichen und kritischen Teilhabe an schulischen sowie gesellschaftlichen Ereignissen und Prozessen.<\/li>\n<li>Wir f\u00f6rdern soziales Engagement und interkulturelles Lernen.<\/li>\n<li>Als zertifizierte Club of Rome- und Klima-Schule denken und handeln wir im Sinne der Nachhaltigkeit.<\/li>\n<li>Alle Beteiligten des Schullebens nehmen ihr Recht auf Mitbestimmung wahr und gestalten Schule aktiv mit.<\/li>\n<\/ul>\n<h5><strong>Wir entwickeln uns als Schule systematisch und kontinuierlich weiter<\/strong><\/h5>\n<ul>\n<li>Das CvO ist eine Schule, die eigene Wege geht und p\u00e4dagogische Innovationen aufgreift.<\/li>\n<li>Verbindliche Strukturen erm\u00f6glichen kontinuierliche Unterrichts- und Schulentwicklung.<\/li>\n<li>Wir sind im p\u00e4dagogischen Austausch mit Schulen im In- und Ausland.<\/li>\n<\/ul>\n<h5><strong>Individualit\u00e4t und Vielfalt geh\u00f6ren f\u00fcr uns zusammen<\/strong><\/h5>\n<ul>\n<li>Ein vielf\u00e4ltiges Unterrichts- und Wahlkursangebot erm\u00f6glicht es Sch\u00fclerinnen und Sch\u00fclern, ihre individuellen Interessen und F\u00e4higkeiten zu entdecken und zu entwickeln.<\/li>\n<li>Unser Methodencurriculum steht f\u00fcr ein gro\u00dfes Repertoire an Unterrichtsmethoden und kooperativen Lernformen und tr\u00e4gt zu einem individuellen Lernerfolg bei.<\/li>\n<li>Wir legen gro\u00dfen Wert darauf, dass Sch\u00fclerinnen und Sch\u00fcler Verantwortung f\u00fcr ihren eigenen Lernprozess \u00fcbernehmen und verfolgen eine individuelle fachliche und methodische F\u00f6rderung.<\/li>\n<li>Wir f\u00f6rdern die St\u00e4rken aller Sch\u00fclerinnen und Sch\u00fcler, wertsch\u00e4tzen ihr Engagement und ihre Leistung und geben ihrer Kreativit\u00e4t Raum.<\/li>\n<li>Besonders leistungsstarke Sch\u00fclerinnen und Sch\u00fclern finden bei uns die Herausforderungen, die sie brauchen.<\/li>\n<\/ul>\n<h5><strong>Wir pflegen einen offenen und wertsch\u00e4tzenden Umgang miteinander<\/strong><\/h5>\n<ul>\n<li>Wir erm\u00f6glichen und fordern ein respektvolles Miteinander und schaffen ein positives Gespr\u00e4chs- und Entwicklungsklima.<\/li>\n<li>Wir st\u00e4rken die Beziehungen zwischen den Sch\u00fclerinnen und Sch\u00fclern innerhalb und au\u00dferhalb des Unterrichts, auch jahrgangs\u00fcbergreifend.<\/li>\n<li>Engagement bedeutet f\u00fcr uns, sich auch f\u00fcr die Interessen anderer einzusetzen.<\/li>\n<li>Die Eltern sind ein wesentlicher Teil der Schulgemeinschaft.<\/li>\n<\/ul>\n<h5><strong>Alle an der Schule Beteiligten \u00fcbernehmen Verantwortung f\u00fcr eine erfolgreiche Kommunikation<\/strong><\/h5>\n<ul>\n<li>Standards f\u00fcr einen offenen, fairen und verantwortungsvollen Informationsaustausch sind f\u00fcr die Qualit\u00e4t unserer Arbeit von grundlegendem Wert.<\/li>\n<li>Wir gehen verantwortungsvoll und selbstbewusst mit Kommunikationsschwierigkeiten um und beraten planvoll.<\/li>\n<\/ul>\n<h5><strong>Wir machen unsere Schule zu einer motivierenden Lern- und Lebensumgebung<\/strong><\/h5>\n<ul>\n<li>Wir passen unsere R\u00e4ume den sich ver\u00e4ndernden Anforderungen an.<\/li>\n<li>Alle Beteiligten verhalten sich im gesamten schulischen Raum verantwortungsvoll und achtsam.<\/li>\n<li>Wir integrieren au\u00dferschulische Lernorte und -partner in unsere Unterrichtspraxis.<\/li>\n<\/ul>\n<p>Unser Leitbild mit ausf\u00fchrlichen Erl\u00e4uterungen finden Sie hier:\u00a0<a href=\"https:\/\/cvo.hamburg.de\/wp-content\/uploads\/sites\/31\/2014\/04\/Leits\u00e4tze.pdf\">Leits\u00e4tze<\/a><\/p>\n","protected":false},"excerpt":{"rendered":"<p>Pr\u00e4ambel Bei uns am Carl-von-Ossietzky-Gymnasium in Hamburg-Poppenb\u00fcttel stehen unsere Sch\u00fclerinnen und Sch\u00fcler mit ihren vielf\u00e4ltigen Interessen und Begabungen im Mittelpunkt. Neben einer fundierten Wissensvermittlung im Unterricht bereiten wir sie auf verantwortungsvolles Handeln und Selbstst\u00e4ndigkeit&#46;&#46;&#46;<\/p>\n","protected":false},"author":44,"featured_media":0,"parent":0,"menu_order":0,"comment_status":"closed","ping_status":"closed","template":"","meta":{"_acf_changed":false,"footnotes":""},"class_list":["post-68","page","type-page","status-publish","hentry"],"acf":[],"_links":{"self":[{"href":"https:\/\/cvo.hamburg.de\/index.php?rest_route=\/wp\/v2\/pages\/68","targetHints":{"allow":["GET"]}}],"collection":[{"href":"https:\/\/cvo.hamburg.de\/index.php?rest_route=\/wp\/v2\/pages"}],"about":[{"href":"https:\/\/cvo.hamburg.de\/index.php?rest_route=\/wp\/v2\/types\/page"}],"author":[{"embeddable":true,"href":"https:\/\/cvo.hamburg.de\/index.php?rest_route=\/wp\/v2\/users\/44"}],"replies":[{"embeddable":true,"href":"https:\/\/cvo.hamburg.de\/index.php?rest_route=%2Fwp%2Fv2%2Fcomments&post=68"}],"version-history":[{"count":2,"href":"https:\/\/cvo.hamburg.de\/index.php?rest_route=\/wp\/v2\/pages\/68\/revisions"}],"predecessor-version":[{"id":2603,"href":"https:\/\/cvo.hamburg.de\/index.php?rest_route=\/wp\/v2\/pages\/68\/revisions\/2603"}],"wp:attachment":[{"href":"https:\/\/cvo.hamburg.de\/index.php?rest_route=%2Fwp%2Fv2%2Fmedia&parent=68"}],"curies":[{"name":"wp","href":"https:\/\/api.w.org\/{rel}","templated":true}]}}