{"id":6725,"date":"2022-04-13T09:30:04","date_gmt":"2022-04-13T07:30:04","guid":{"rendered":"https:\/\/cvo.hamburg.de\/?page_id=6725"},"modified":"2024-04-15T10:24:38","modified_gmt":"2024-04-15T08:24:38","slug":"erasmus-schule","status":"publish","type":"page","link":"https:\/\/cvo.hamburg.de\/?page_id=6725","title":{"rendered":"Erasmus+ Schule"},"content":{"rendered":"<p><img loading=\"lazy\" decoding=\"async\" class=\"alignleft size-medium wp-image-6711\" src=\"https:\/\/cvo.hamburg.de\/wp-content\/uploads\/sites\/31\/2022\/04\/Bildschirmfoto-2022-04-12-um-18.25.03-300x213.png\" alt=\"\" width=\"300\" height=\"213\" srcset=\"https:\/\/cvo.hamburg.de\/wp-content\/uploads\/sites\/31\/2022\/04\/Bildschirmfoto-2022-04-12-um-18.25.03-300x213.png 300w, https:\/\/cvo.hamburg.de\/wp-content\/uploads\/sites\/31\/2022\/04\/Bildschirmfoto-2022-04-12-um-18.25.03-1024x727.png 1024w, https:\/\/cvo.hamburg.de\/wp-content\/uploads\/sites\/31\/2022\/04\/Bildschirmfoto-2022-04-12-um-18.25.03-768x545.png 768w, https:\/\/cvo.hamburg.de\/wp-content\/uploads\/sites\/31\/2022\/04\/Bildschirmfoto-2022-04-12-um-18.25.03-1536x1090.png 1536w, https:\/\/cvo.hamburg.de\/wp-content\/uploads\/sites\/31\/2022\/04\/Bildschirmfoto-2022-04-12-um-18.25.03.png 1804w\" sizes=\"auto, (max-width: 300px) 100vw, 300px\" \/>Das CvO ist 2022 in das Erasmus+ Programm der Europ\u00e4ischen Union aufgenommen worden. Dieses Programm bietet unserer Schule die M\u00f6glichkeit in den kommenden f\u00fcnf Jahren mit anderen Schulen aus Europa in den Austausch zu treten. Unsere Austauschpartnerschulen werden die d\u00e4nischen IBC Schulen in Kolding und Aabenraa sein. IBC bedeutet Internationale Business College und steht f\u00fcr einen Verbund aus mehreren Standorten mit Handelsgymnasien, Fachoberschulen und Berufsbildenden Schulen. Nach einigen Videocalls w\u00e4hrend der Lockdowns und viel gegenseitiger Sympathie konnten&nbsp; Maike Wendt (Didaktische Leitung) und vier weitere CvO-LehrerInnen erste Einblicke in die Arbeit der d\u00e4nischen Kollegen und <img loading=\"lazy\" decoding=\"async\" class=\"alignleft size-medium wp-image-9147\" src=\"https:\/\/cvo.hamburg.de\/wp-content\/uploads\/sites\/31\/2024\/04\/Erasmus_with_baseline-left_pos_RGB_EN-300x165.jpg\" alt=\"\" width=\"300\" height=\"165\" srcset=\"https:\/\/cvo.hamburg.de\/wp-content\/uploads\/sites\/31\/2024\/04\/Erasmus_with_baseline-left_pos_RGB_EN-300x165.jpg 300w, https:\/\/cvo.hamburg.de\/wp-content\/uploads\/sites\/31\/2024\/04\/Erasmus_with_baseline-left_pos_RGB_EN-1024x562.jpg 1024w, https:\/\/cvo.hamburg.de\/wp-content\/uploads\/sites\/31\/2024\/04\/Erasmus_with_baseline-left_pos_RGB_EN-768x421.jpg 768w, https:\/\/cvo.hamburg.de\/wp-content\/uploads\/sites\/31\/2024\/04\/Erasmus_with_baseline-left_pos_RGB_EN-1536x843.jpg 1536w, https:\/\/cvo.hamburg.de\/wp-content\/uploads\/sites\/31\/2024\/04\/Erasmus_with_baseline-left_pos_RGB_EN-2048x1124.jpg 2048w\" sizes=\"auto, (max-width: 300px) 100vw, 300px\" \/>Kolleginnen bekommen und die zum Teil beeindruckenden Schulgeb\u00e4ude besuchen. Die IBC Schulen arbeiten vollst\u00e4ndig digital und alle Sch\u00fcler und Sch\u00fclerinnen bringen eigene digitale Endger\u00e4te (Notebooks) mit in den Unterricht &#8211; eine spannende Erfahrung und viel Inspiration auf unserem Weg der digitalen Schul- und Unterrichtsentwicklung. Das sogenannte \u201eJobshadowing\u201c (Begleiten im Beruf) wird ein Angebot sein, welches in den n\u00e4chsten Jahren weitere Kollegen und Kolleginnen beider Schulen nutzen werden.<\/p>\n<p>Wir freuen uns sehr auf den baldigen Gegenbesuch unserer d\u00e4nischen Kollegen und Kolleginnen. Ein zus\u00e4tzlicher Schritt wird die Organisation eines Sch\u00fcleraustausches sein: Eine Gruppe von engagierten und interessierten Sch\u00fcler*innen aus Jahrgang 10 und aus der Oberstufe soll eine Woche lang die M\u00f6glichkeit bekommen, das IBC zu besuchen und dort am Unterricht teilzunehmen, auch die d\u00e4nischen Sch\u00fcler*innen werden zu einem Besuch ans CvO reisen.<\/p>\n<p>&nbsp;<\/p>\n<p><img loading=\"lazy\" decoding=\"async\" class=\"alignleft size-medium wp-image-9148\" src=\"https:\/\/cvo.hamburg.de\/wp-content\/uploads\/sites\/31\/2024\/04\/erasmus_DE_V_Kofinanziert_von_der_Europaeischen_Union_Web_blau-300x165.jpg\" alt=\"\" width=\"300\" height=\"165\" srcset=\"https:\/\/cvo.hamburg.de\/wp-content\/uploads\/sites\/31\/2024\/04\/erasmus_DE_V_Kofinanziert_von_der_Europaeischen_Union_Web_blau-300x165.jpg 300w, https:\/\/cvo.hamburg.de\/wp-content\/uploads\/sites\/31\/2024\/04\/erasmus_DE_V_Kofinanziert_von_der_Europaeischen_Union_Web_blau-1024x562.jpg 1024w, https:\/\/cvo.hamburg.de\/wp-content\/uploads\/sites\/31\/2024\/04\/erasmus_DE_V_Kofinanziert_von_der_Europaeischen_Union_Web_blau-768x421.jpg 768w, https:\/\/cvo.hamburg.de\/wp-content\/uploads\/sites\/31\/2024\/04\/erasmus_DE_V_Kofinanziert_von_der_Europaeischen_Union_Web_blau-1536x843.jpg 1536w, https:\/\/cvo.hamburg.de\/wp-content\/uploads\/sites\/31\/2024\/04\/erasmus_DE_V_Kofinanziert_von_der_Europaeischen_Union_Web_blau-2048x1124.jpg 2048w\" sizes=\"auto, (max-width: 300px) 100vw, 300px\" \/><\/p>\n<p>&nbsp;<\/p>\n","protected":false},"excerpt":{"rendered":"<p>Das CvO ist 2022 in das Erasmus+ Programm der Europ\u00e4ischen Union aufgenommen worden. Dieses Programm bietet unserer Schule die M\u00f6glichkeit in den kommenden f\u00fcnf Jahren mit anderen Schulen aus Europa in den Austausch zu&#46;&#46;&#46;<\/p>\n","protected":false},"author":728,"featured_media":0,"parent":0,"menu_order":0,"comment_status":"closed","ping_status":"closed","template":"","meta":{"_acf_changed":false,"footnotes":""},"class_list":["post-6725","page","type-page","status-publish","hentry"],"acf":[],"_links":{"self":[{"href":"https:\/\/cvo.hamburg.de\/index.php?rest_route=\/wp\/v2\/pages\/6725","targetHints":{"allow":["GET"]}}],"collection":[{"href":"https:\/\/cvo.hamburg.de\/index.php?rest_route=\/wp\/v2\/pages"}],"about":[{"href":"https:\/\/cvo.hamburg.de\/index.php?rest_route=\/wp\/v2\/types\/page"}],"author":[{"embeddable":true,"href":"https:\/\/cvo.hamburg.de\/index.php?rest_route=\/wp\/v2\/users\/728"}],"replies":[{"embeddable":true,"href":"https:\/\/cvo.hamburg.de\/index.php?rest_route=%2Fwp%2Fv2%2Fcomments&post=6725"}],"version-history":[{"count":5,"href":"https:\/\/cvo.hamburg.de\/index.php?rest_route=\/wp\/v2\/pages\/6725\/revisions"}],"predecessor-version":[{"id":9151,"href":"https:\/\/cvo.hamburg.de\/index.php?rest_route=\/wp\/v2\/pages\/6725\/revisions\/9151"}],"wp:attachment":[{"href":"https:\/\/cvo.hamburg.de\/index.php?rest_route=%2Fwp%2Fv2%2Fmedia&parent=6725"}],"curies":[{"name":"wp","href":"https:\/\/api.w.org\/{rel}","templated":true}]}}