{"id":6112,"date":"2021-11-30T10:09:08","date_gmt":"2021-11-30T09:09:08","guid":{"rendered":"https:\/\/cvo.hamburg.de\/?page_id=6112"},"modified":"2021-11-30T10:11:15","modified_gmt":"2021-11-30T09:11:15","slug":"schulsanitaeter","status":"publish","type":"page","link":"https:\/\/cvo.hamburg.de\/?page_id=6112","title":{"rendered":"Schulsanit\u00e4ter"},"content":{"rendered":"<div class=\"page\" title=\"Page 1\">\n<div class=\"section\">\n<div class=\"layoutArea\">\n<div class=\"column\">\n<p><img loading=\"lazy\" decoding=\"async\" class=\"alignleft wp-image-6113\" src=\"https:\/\/cvo.hamburg.de\/wp-content\/uploads\/sites\/31\/2021\/11\/MG_0252-e1638263447283-239x300.jpg\" alt=\"\" width=\"306\" height=\"384\" srcset=\"https:\/\/cvo.hamburg.de\/wp-content\/uploads\/sites\/31\/2021\/11\/MG_0252-e1638263447283-239x300.jpg 239w, https:\/\/cvo.hamburg.de\/wp-content\/uploads\/sites\/31\/2021\/11\/MG_0252-e1638263447283-817x1024.jpg 817w, https:\/\/cvo.hamburg.de\/wp-content\/uploads\/sites\/31\/2021\/11\/MG_0252-e1638263447283-768x962.jpg 768w, https:\/\/cvo.hamburg.de\/wp-content\/uploads\/sites\/31\/2021\/11\/MG_0252-e1638263447283-1226x1536.jpg 1226w, https:\/\/cvo.hamburg.de\/wp-content\/uploads\/sites\/31\/2021\/11\/MG_0252-e1638263447283.jpg 1325w\" sizes=\"auto, (max-width: 306px) 100vw, 306px\" \/>Ein Sch\u00fcler knickt im Sportunterricht um, eine Sch\u00fclerin sackt auf dem Schulhof pl\u00f6tzlich zusammen. In solchen Situationen k\u00fchlen Kopf zu behalten, das ist Aufgabe der Schulsanit\u00e4terInnen am CvO.\u2028\u00a0Damit die Sch\u00fclerinnen und Sch\u00fcler in diesen Momenten ruhig bleiben und die \u00dcbersicht behalten, bekommen sie regelm\u00e4\u00dfig Fortbildungen vom Arbeiter-Samariter-Bund (ASB).\u2028 W\u00e4hrend der Schulzeit und bei Schulveranstaltungen helfen die ausgebildeten Schulsanit\u00e4terInnen den Verletzten als Ersthelfer vor Ort. Sie betreuen die Sch\u00fclerinnen und Sch\u00fcler auch bei gr\u00f6\u00dferen Verletzungen bis der Rettungswagen mit dem Notarzt an der Schule eintrifft. Die Schulsanit\u00e4ter verf\u00fcgen \u00fcber einen professionellen Sanit\u00e4tsrucksack und weiteres Equipment zur Ersthilfe.<\/p>\n<p>Die Mitwirkung am Schulsanit\u00e4tsdienst er\u00f6ffnet den Sch\u00fclerinnen und Sch\u00fclern die M\u00f6glichkeit, Verantwortung zu \u00fcbernehmen, sich in der Gruppe selbstst\u00e4ndig zu organisieren und in ein spannendes Berufsfeld hineinzuriechen. Neben der Teilnahme an einem Wettbewerb mit Schulsanit\u00e4tern anderer Schulen, bietet der ASB den Schulsanis als Dankesch\u00f6n f\u00fcr ihren Einsatz diverse Weiterbildungs- und Freizeitm\u00f6glichkeiten an.<\/p>\n<\/div>\n<\/div>\n<\/div>\n<\/div>\n","protected":false},"excerpt":{"rendered":"<p>Ein Sch\u00fcler knickt im Sportunterricht um, eine Sch\u00fclerin sackt auf dem Schulhof pl\u00f6tzlich zusammen. In solchen Situationen k\u00fchlen Kopf zu behalten, das ist Aufgabe der Schulsanit\u00e4terInnen am CvO.\u2028\u00a0Damit die Sch\u00fclerinnen und Sch\u00fcler in diesen&#46;&#46;&#46;<\/p>\n","protected":false},"author":728,"featured_media":0,"parent":0,"menu_order":0,"comment_status":"closed","ping_status":"closed","template":"","meta":{"_acf_changed":false,"footnotes":""},"class_list":["post-6112","page","type-page","status-publish","hentry"],"acf":[],"_links":{"self":[{"href":"https:\/\/cvo.hamburg.de\/index.php?rest_route=\/wp\/v2\/pages\/6112","targetHints":{"allow":["GET"]}}],"collection":[{"href":"https:\/\/cvo.hamburg.de\/index.php?rest_route=\/wp\/v2\/pages"}],"about":[{"href":"https:\/\/cvo.hamburg.de\/index.php?rest_route=\/wp\/v2\/types\/page"}],"author":[{"embeddable":true,"href":"https:\/\/cvo.hamburg.de\/index.php?rest_route=\/wp\/v2\/users\/728"}],"replies":[{"embeddable":true,"href":"https:\/\/cvo.hamburg.de\/index.php?rest_route=%2Fwp%2Fv2%2Fcomments&post=6112"}],"version-history":[{"count":5,"href":"https:\/\/cvo.hamburg.de\/index.php?rest_route=\/wp\/v2\/pages\/6112\/revisions"}],"predecessor-version":[{"id":6118,"href":"https:\/\/cvo.hamburg.de\/index.php?rest_route=\/wp\/v2\/pages\/6112\/revisions\/6118"}],"wp:attachment":[{"href":"https:\/\/cvo.hamburg.de\/index.php?rest_route=%2Fwp%2Fv2%2Fmedia&parent=6112"}],"curies":[{"name":"wp","href":"https:\/\/api.w.org\/{rel}","templated":true}]}}