{"id":543,"date":"2014-02-07T15:59:31","date_gmt":"2014-02-07T13:59:31","guid":{"rendered":"https:\/\/carlvossietzky.dev-schulhomepages.hamburg.de\/?page_id=4"},"modified":"2017-03-23T17:31:09","modified_gmt":"2017-03-23T16:31:09","slug":"aktuelles","status":"publish","type":"page","link":"https:\/\/cvo.hamburg.de\/?page_id=543","title":{"rendered":"Unser CvO"},"content":{"rendered":"<p style=\"padding-left: 30px\">\u201eDie Sch\u00fclerinnen und Sch\u00fcler des Carl-von-Ossietzky-Gymnasiums sollen am Ende ihrer Schulzeit ihren individuellen wie auch den gesellschaftlichen Herausforderungen gewachsen sein. Grundlage daf\u00fcr ist eine p\u00e4dagogische Orientierung der Schule, welche sowohl die F\u00f6rderung der Lernkompetenz als auch die der Achtsamkeit und des Einf\u00fchlungsverm\u00f6gens im t\u00e4glichen Miteinander in den Mittelpunkt des schulischen Lebens stellt. Beides ist die Voraussetzung f\u00fcr eine Haltung der Toleranz und Gerechtigkeit, die den Mut beinhaltet, f\u00fcr diese Werte im Sinne Carl von Ossietzkys selbst gegen Widerstand einzutreten.\u201c<\/p>\n<p>Diesen Grunds\u00e4tzen f\u00fchlen wir uns in besonderem Ma\u00dfe verpflichtet und setzen sie an unserer Schule konsequent und erfolgreich um. So geh\u00f6rt das CvO seit 2009 zum Netzwerk der 15 Club of Rome-Schulen. Mit diesem Zertifikat werden besonders f\u00f6rderungsw\u00fcrdige und innovative Schulen ausgezeichnet, die sich als Botschafter des Club of Rome f\u00fcr eine lebenswerte und nachhaltige Zukunft der Menschheit einsetzen. Wir unterst\u00fctzen daher unsere Sch\u00fclerinnen und Sch\u00fcler dabei, \u00fcber Grenzen hinweg zu denken, globale Perspektiven einzunehmen und\u00a0in ihrem lokalen Umfeld aktiv zu werden.<\/p>\n<p>Seit seiner Gr\u00fcndung im Jahr 1968 ist das CvO ein Gymnasium, das eigene Wege geht, p\u00e4dagogische Innovationen aufgreift und sich st\u00e4ndig weiterentwickelt. Wir verstehen uns als \u201elernende Schule\u201c, in der wir nicht nur unsere Sch\u00fclerinnen und Sch\u00fcler auf lebenslanges Lernen vorbereiten, sondern dies auch f\u00fcr die Lehrerinnen und Lehrer am CvO gilt. Lehrerfortbildung und eine kontinuierliche Weiterarbeit an den Konzepten zur Schul- und Unterrichtsentwicklung sind f\u00fcr uns deshalb von allergr\u00f6\u00dfter Bedeutung. F\u00fcr unsere Leistungen wurden wir u.a. mit dem Hamburger Bildungspreis (2013 und 2016) ausgezeichnet und sind in das Netzwerk innovativer Schulen, genannt \u201eBlick \u00fcber den Zaun\u201c, aufgenommen worden.<\/p>\n<p>Ganz im Sinne unserer Grunds\u00e4tze achten wir an unserer Schule auf ein wertsch\u00e4tzendes Miteinander, denn Toleranz und Respekt sind f\u00fcr uns die Voraussetzungen f\u00fcr einen Dialog und f\u00f6rdern demokratische Entscheidungen. Durch diese Begegnung auf Augenh\u00f6he sowie durch die enge Zusammenarbeit unserer sehr aktiven Sch\u00fcler- und Elternschaft, des Kollegiums und des Schulleitungsteams entsteht die besondere Schulgemeinschaft am Carl-von-Ossietzky-Gymnasium.<\/p>\n","protected":false},"excerpt":{"rendered":"<p>\u201eDie Sch\u00fclerinnen und Sch\u00fcler des Carl-von-Ossietzky-Gymnasiums sollen am Ende ihrer Schulzeit ihren individuellen wie auch den gesellschaftlichen Herausforderungen gewachsen sein. Grundlage daf\u00fcr ist eine p\u00e4dagogische Orientierung der Schule, welche sowohl die F\u00f6rderung der Lernkompetenz&#46;&#46;&#46;<\/p>\n","protected":false},"author":43,"featured_media":0,"parent":0,"menu_order":0,"comment_status":"closed","ping_status":"closed","template":"","meta":{"_acf_changed":false,"footnotes":""},"class_list":["post-543","page","type-page","status-publish","hentry"],"acf":[],"_links":{"self":[{"href":"https:\/\/cvo.hamburg.de\/index.php?rest_route=\/wp\/v2\/pages\/543","targetHints":{"allow":["GET"]}}],"collection":[{"href":"https:\/\/cvo.hamburg.de\/index.php?rest_route=\/wp\/v2\/pages"}],"about":[{"href":"https:\/\/cvo.hamburg.de\/index.php?rest_route=\/wp\/v2\/types\/page"}],"author":[{"embeddable":true,"href":"https:\/\/cvo.hamburg.de\/index.php?rest_route=\/wp\/v2\/users\/43"}],"replies":[{"embeddable":true,"href":"https:\/\/cvo.hamburg.de\/index.php?rest_route=%2Fwp%2Fv2%2Fcomments&post=543"}],"version-history":[{"count":1,"href":"https:\/\/cvo.hamburg.de\/index.php?rest_route=\/wp\/v2\/pages\/543\/revisions"}],"predecessor-version":[{"id":2435,"href":"https:\/\/cvo.hamburg.de\/index.php?rest_route=\/wp\/v2\/pages\/543\/revisions\/2435"}],"wp:attachment":[{"href":"https:\/\/cvo.hamburg.de\/index.php?rest_route=%2Fwp%2Fv2%2Fmedia&parent=543"}],"curies":[{"name":"wp","href":"https:\/\/api.w.org\/{rel}","templated":true}]}}