{"id":5146,"date":"2020-12-14T08:43:53","date_gmt":"2020-12-14T07:43:53","guid":{"rendered":"https:\/\/cvo.hamburg.de\/?page_id=5146"},"modified":"2022-01-14T09:27:22","modified_gmt":"2022-01-14T08:27:22","slug":"video-mint","status":"publish","type":"page","link":"https:\/\/cvo.hamburg.de\/?page_id=5146","title":{"rendered":"Video: MINT &#8211; Forscherkurse"},"content":{"rendered":"<p>Das CvO darf sich seit 2016 \u00bbMINT-freundliche Schule\u00ab nennen. F\u00fcr diese Auszeichnung muss ein strenger Kriterienkatalog erf\u00fcllt werden, aus dem hervorgeht, wie die Schule die MINT-F\u00e4cher (Mathematik, Informatik, Naturwissenschaften, Technik) f\u00f6rdert und in diesem Bereich bewusst Schwerpunkte setzt. Hier konnte das CvO besonders durch die Forscherkurse punkten, die an naturwissenschaftliche Forschung heranf\u00fchren. Unseren Forscherkursen &#8222;Schiffbau&#8220; und &#8222;Lebensmittel&#8220; k\u00f6nnen Sie in einem kleinen Film \u00fcber die Schulter schauen&#8230;<\/p>\n<p><img loading=\"lazy\" decoding=\"async\" class=\"alignnone size-large wp-image-5147\" src=\"https:\/\/cvo.hamburg.de\/wp-content\/uploads\/sites\/31\/2020\/12\/Screenshot-Forscherkurs-22Schiffbau22-1024x576.png\" alt=\"\" width=\"1024\" height=\"576\" srcset=\"https:\/\/cvo.hamburg.de\/wp-content\/uploads\/sites\/31\/2020\/12\/Screenshot-Forscherkurs-22Schiffbau22-1024x576.png 1024w, https:\/\/cvo.hamburg.de\/wp-content\/uploads\/sites\/31\/2020\/12\/Screenshot-Forscherkurs-22Schiffbau22-300x169.png 300w, https:\/\/cvo.hamburg.de\/wp-content\/uploads\/sites\/31\/2020\/12\/Screenshot-Forscherkurs-22Schiffbau22-768x432.png 768w, https:\/\/cvo.hamburg.de\/wp-content\/uploads\/sites\/31\/2020\/12\/Screenshot-Forscherkurs-22Schiffbau22-1536x864.png 1536w, https:\/\/cvo.hamburg.de\/wp-content\/uploads\/sites\/31\/2020\/12\/Screenshot-Forscherkurs-22Schiffbau22.png 2048w\" sizes=\"auto, (max-width: 1024px) 100vw, 1024px\" \/><\/p>\n<p>Hier geht es zum Film\u00a0<strong>(Link zu YouTube. Bei Aktivierung des Videos werden Daten an Google \u00fcbermittelt.)<\/strong><br \/>\nYouTube-Video laden: <a href=\"http:\/\/www.youtube.com\/watch?v=7EacGHCR6E4; class=&quot;a&quot;\" target=\"_blank\" rel=\"noopener noreferrer\">Video<\/a><\/p>\n<p>&nbsp;<\/p>\n<p>&#8230; und hier zum Film \u00fcber den Forscherkurs &#8222;Lebensmittel&#8220; <strong>\u00a0(Link zu YouTube. Bei Aktivierung des Videos werden Daten an Google \u00fcbermittelt.)<\/strong>:<br \/>\nYouTube-Video laden:<a href=\"http:\/\/www.youtube.com\/watch?v=TpaiQsV6wtA; class=&quot;a&quot;\" target=\"_blank\" rel=\"noopener noreferrer\">Video<\/a><\/p>\n<p><img loading=\"lazy\" decoding=\"async\" class=\"alignnone size-large wp-image-5266\" src=\"https:\/\/cvo.hamburg.de\/wp-content\/uploads\/sites\/31\/2021\/01\/Screenshot-Forscherkurs-Lebensmittel-1024x578.jpg\" alt=\"\" width=\"1024\" height=\"578\" srcset=\"https:\/\/cvo.hamburg.de\/wp-content\/uploads\/sites\/31\/2021\/01\/Screenshot-Forscherkurs-Lebensmittel-1024x578.jpg 1024w, https:\/\/cvo.hamburg.de\/wp-content\/uploads\/sites\/31\/2021\/01\/Screenshot-Forscherkurs-Lebensmittel-300x169.jpg 300w, https:\/\/cvo.hamburg.de\/wp-content\/uploads\/sites\/31\/2021\/01\/Screenshot-Forscherkurs-Lebensmittel-768x434.jpg 768w, https:\/\/cvo.hamburg.de\/wp-content\/uploads\/sites\/31\/2021\/01\/Screenshot-Forscherkurs-Lebensmittel-1536x867.jpg 1536w, https:\/\/cvo.hamburg.de\/wp-content\/uploads\/sites\/31\/2021\/01\/Screenshot-Forscherkurs-Lebensmittel.jpg 2048w\" sizes=\"auto, (max-width: 1024px) 100vw, 1024px\" \/><\/p>\n<p>&nbsp;<\/p>\n","protected":false},"excerpt":{"rendered":"<p>Das CvO darf sich seit 2016 \u00bbMINT-freundliche Schule\u00ab nennen. F\u00fcr diese Auszeichnung muss ein strenger Kriterienkatalog erf\u00fcllt werden, aus dem hervorgeht, wie die Schule die MINT-F\u00e4cher (Mathematik, Informatik, Naturwissenschaften, Technik) f\u00f6rdert und in diesem&#46;&#46;&#46;<\/p>\n","protected":false},"author":728,"featured_media":0,"parent":0,"menu_order":0,"comment_status":"closed","ping_status":"closed","template":"","meta":{"_acf_changed":false,"footnotes":""},"class_list":["post-5146","page","type-page","status-publish","hentry"],"acf":[],"_links":{"self":[{"href":"https:\/\/cvo.hamburg.de\/index.php?rest_route=\/wp\/v2\/pages\/5146","targetHints":{"allow":["GET"]}}],"collection":[{"href":"https:\/\/cvo.hamburg.de\/index.php?rest_route=\/wp\/v2\/pages"}],"about":[{"href":"https:\/\/cvo.hamburg.de\/index.php?rest_route=\/wp\/v2\/types\/page"}],"author":[{"embeddable":true,"href":"https:\/\/cvo.hamburg.de\/index.php?rest_route=\/wp\/v2\/users\/728"}],"replies":[{"embeddable":true,"href":"https:\/\/cvo.hamburg.de\/index.php?rest_route=%2Fwp%2Fv2%2Fcomments&post=5146"}],"version-history":[{"count":25,"href":"https:\/\/cvo.hamburg.de\/index.php?rest_route=\/wp\/v2\/pages\/5146\/revisions"}],"predecessor-version":[{"id":6372,"href":"https:\/\/cvo.hamburg.de\/index.php?rest_route=\/wp\/v2\/pages\/5146\/revisions\/6372"}],"wp:attachment":[{"href":"https:\/\/cvo.hamburg.de\/index.php?rest_route=%2Fwp%2Fv2%2Fmedia&parent=5146"}],"curies":[{"name":"wp","href":"https:\/\/api.w.org\/{rel}","templated":true}]}}