{"id":5024,"date":"2020-11-16T10:12:29","date_gmt":"2020-11-16T09:12:29","guid":{"rendered":"https:\/\/cvo.hamburg.de\/?page_id=5024"},"modified":"2020-11-16T10:29:23","modified_gmt":"2020-11-16T09:29:23","slug":"5024-2","status":"publish","type":"page","link":"https:\/\/cvo.hamburg.de\/?page_id=5024","title":{"rendered":"Video: Deshalb CvO"},"content":{"rendered":"<p><img loading=\"lazy\" decoding=\"async\" class=\"alignleft  wp-image-5026\" src=\"https:\/\/cvo.hamburg.de\/wp-content\/uploads\/sites\/31\/2020\/11\/Deshalb-CvO-Foto-300x168.png\" alt=\"\" width=\"398\" height=\"223\" srcset=\"https:\/\/cvo.hamburg.de\/wp-content\/uploads\/sites\/31\/2020\/11\/Deshalb-CvO-Foto-300x168.png 300w, https:\/\/cvo.hamburg.de\/wp-content\/uploads\/sites\/31\/2020\/11\/Deshalb-CvO-Foto-1024x575.png 1024w, https:\/\/cvo.hamburg.de\/wp-content\/uploads\/sites\/31\/2020\/11\/Deshalb-CvO-Foto-768x431.png 768w, https:\/\/cvo.hamburg.de\/wp-content\/uploads\/sites\/31\/2020\/11\/Deshalb-CvO-Foto-1536x863.png 1536w, https:\/\/cvo.hamburg.de\/wp-content\/uploads\/sites\/31\/2020\/11\/Deshalb-CvO-Foto.png 2048w\" sizes=\"auto, (max-width: 398px) 100vw, 398px\" \/>Wie unsere Sch\u00fclerinnen und Sch\u00fcler das Carl-von-Ossietzky-Gymnasium erleben und was sie hier toll finden, erz\u00e4hlen sie in diesem Film:<\/p>\n<p><a href=\"https:\/\/www.dropbox.com\/s\/369s8faz9oouaxc\/deshalb%20cvo.mp4?dl=0\" target=\"_blank\" rel=\"noopener noreferrer\">https:\/\/www.dropbox.com\/s\/369s8faz9oouaxc\/deshalb%20cvo.mp4?dl=0<\/a><\/p>\n","protected":false},"excerpt":{"rendered":"<p>Wie unsere Sch\u00fclerinnen und Sch\u00fcler das Carl-von-Ossietzky-Gymnasium erleben und was sie hier toll finden, erz\u00e4hlen sie in diesem Film: https:\/\/www.dropbox.com\/s\/369s8faz9oouaxc\/deshalb%20cvo.mp4?dl=0<\/p>\n","protected":false},"author":728,"featured_media":0,"parent":0,"menu_order":0,"comment_status":"closed","ping_status":"closed","template":"","meta":{"_acf_changed":false,"footnotes":""},"class_list":["post-5024","page","type-page","status-publish","hentry"],"acf":[],"_links":{"self":[{"href":"https:\/\/cvo.hamburg.de\/index.php?rest_route=\/wp\/v2\/pages\/5024","targetHints":{"allow":["GET"]}}],"collection":[{"href":"https:\/\/cvo.hamburg.de\/index.php?rest_route=\/wp\/v2\/pages"}],"about":[{"href":"https:\/\/cvo.hamburg.de\/index.php?rest_route=\/wp\/v2\/types\/page"}],"author":[{"embeddable":true,"href":"https:\/\/cvo.hamburg.de\/index.php?rest_route=\/wp\/v2\/users\/728"}],"replies":[{"embeddable":true,"href":"https:\/\/cvo.hamburg.de\/index.php?rest_route=%2Fwp%2Fv2%2Fcomments&post=5024"}],"version-history":[{"count":6,"href":"https:\/\/cvo.hamburg.de\/index.php?rest_route=\/wp\/v2\/pages\/5024\/revisions"}],"predecessor-version":[{"id":5031,"href":"https:\/\/cvo.hamburg.de\/index.php?rest_route=\/wp\/v2\/pages\/5024\/revisions\/5031"}],"wp:attachment":[{"href":"https:\/\/cvo.hamburg.de\/index.php?rest_route=%2Fwp%2Fv2%2Fmedia&parent=5024"}],"curies":[{"name":"wp","href":"https:\/\/api.w.org\/{rel}","templated":true}]}}