{"id":502,"date":"2014-05-31T18:10:08","date_gmt":"2014-05-31T16:10:08","guid":{"rendered":"https:\/\/carlvossietzky.dev-schulhomepages.hamburg.de\/?page_id=502"},"modified":"2026-03-16T10:46:58","modified_gmt":"2026-03-16T09:46:58","slug":"der-cvo-newsletter","status":"publish","type":"page","link":"https:\/\/cvo.hamburg.de\/?page_id=502","title":{"rendered":"CvO-Newsletter: CARLIGRAPH"},"content":{"rendered":"<div class=\"page\" title=\"Page 1\">\n<div class=\"layoutArea\">\n<div class=\"column\">\n<p>Der Carligraph ist unser Rundbrief \u00fcber all das, was das CvO bewegt. Wir blicken zur\u00fcck auf pr\u00e4gende Momente und erinnern an bevorstehende Ereignisse: lebhaft, bewegend, informativ.<\/p>\n<p>Die Redaktion freut sich dabei immer \u00fcber neuen Input. Jede*r ist eingeladen sich zu beteiligen!<\/p>\n<p>Hier finden Sie die Ausgaben zum Download:&nbsp;<\/p>\n<p><a href=\"https:\/\/cvo.hamburg.de\/wp-content\/uploads\/sites\/31\/2026\/02\/optimized_carligraph_no._10-2.pdf\" target=\"_blank\" rel=\"noopener\"><img loading=\"lazy\" decoding=\"async\" class=\"alignnone wp-image-10931\" src=\"https:\/\/cvo.hamburg.de\/wp-content\/uploads\/sites\/31\/2026\/02\/Bildschirmfoto-2026-02-27-um-13.37.55-725x1024.png\" alt=\"\" width=\"558\" height=\"788\" srcset=\"https:\/\/cvo.hamburg.de\/wp-content\/uploads\/sites\/31\/2026\/02\/Bildschirmfoto-2026-02-27-um-13.37.55-725x1024.png 725w, https:\/\/cvo.hamburg.de\/wp-content\/uploads\/sites\/31\/2026\/02\/Bildschirmfoto-2026-02-27-um-13.37.55-212x300.png 212w, https:\/\/cvo.hamburg.de\/wp-content\/uploads\/sites\/31\/2026\/02\/Bildschirmfoto-2026-02-27-um-13.37.55-768x1085.png 768w, https:\/\/cvo.hamburg.de\/wp-content\/uploads\/sites\/31\/2026\/02\/Bildschirmfoto-2026-02-27-um-13.37.55.png 1062w\" sizes=\"auto, (max-width: 558px) 100vw, 558px\" \/><\/a><\/p>\n<ul>\n<li><a href=\"https:\/\/cvo.hamburg.de\/wp-content\/uploads\/sites\/31\/2026\/02\/optimized_carligraph_no._10-2.pdf\">Carligraph No. 10 <\/a>&nbsp;\/ Februar 2026<\/li>\n<li><a href=\"https:\/\/cvo.hamburg.de\/wp-content\/uploads\/sites\/31\/2025\/12\/Carligraph-No.-9_small.pdf\" target=\"_blank\" rel=\"noopener\">Carligraph No. 9 \/ Dezember 2025<\/a><\/li>\n<li><a href=\"https:\/\/cvo.hamburg.de\/wp-content\/uploads\/sites\/31\/2025\/10\/Carligraph-No.-8.pdf\">Carligraph No. 8<\/a> \/Oktober 2025<\/li>\n<li><a href=\"https:\/\/cvo.hamburg.de\/wp-content\/uploads\/sites\/31\/2025\/07\/Carligraph-Nr-7.pdf\">Carligraph Nr 7<\/a> \/ Juli 2025<\/li>\n<li><a href=\"https:\/\/cvo.hamburg.de\/wp-content\/uploads\/sites\/31\/2025\/05\/Carligraph-No.-6.pdf\">Carligraph No. 6&nbsp;<\/a> \/ Mai 2025<\/li>\n<li><a href=\"https:\/\/cvo.hamburg.de\/wp-content\/uploads\/sites\/31\/2025\/04\/Carligraph-No.-5-1.pdf\">Carligraph No. 5<\/a> \/ April 2025<\/li>\n<li><a href=\"https:\/\/cvo.hamburg.de\/wp-content\/uploads\/sites\/31\/2025\/02\/Carligraph-No.-4_1.pdf\" target=\"_blank\" rel=\"noopener\">Carligraph No. 4<\/a> \/ Februar 2025<\/li>\n<li><a href=\"https:\/\/cvo.hamburg.de\/wp-content\/uploads\/sites\/31\/2024\/12\/Carligraph-No.-3.pdf\">Carligraph No. 3<\/a> \/ Dezember 2024<\/li>\n<li><a href=\"https:\/\/cvo.hamburg.de\/wp-content\/uploads\/sites\/31\/2024\/11\/Carligraph-No.-2.pdf\">Carligraph No. 2<\/a> \/ Oktober 2024<\/li>\n<li><a href=\"https:\/\/cvo.hamburg.de\/wp-content\/uploads\/sites\/31\/2024\/09\/Carligraph-No.-1.pdf\">Carligraph No. 1<\/a> \/ September 2024<\/li>\n<\/ul>\n<\/div>\n<\/div>\n<\/div>\n","protected":false},"excerpt":{"rendered":"<p>Der Carligraph ist unser Rundbrief \u00fcber all das, was das CvO bewegt. Wir blicken zur\u00fcck auf pr\u00e4gende Momente und erinnern an bevorstehende Ereignisse: lebhaft, bewegend, informativ. Die Redaktion freut sich dabei immer \u00fcber neuen&#46;&#46;&#46;<\/p>\n","protected":false},"author":44,"featured_media":0,"parent":0,"menu_order":0,"comment_status":"closed","ping_status":"closed","template":"","meta":{"_acf_changed":false,"footnotes":""},"class_list":["post-502","page","type-page","status-publish","hentry"],"acf":[],"_links":{"self":[{"href":"https:\/\/cvo.hamburg.de\/index.php?rest_route=\/wp\/v2\/pages\/502","targetHints":{"allow":["GET"]}}],"collection":[{"href":"https:\/\/cvo.hamburg.de\/index.php?rest_route=\/wp\/v2\/pages"}],"about":[{"href":"https:\/\/cvo.hamburg.de\/index.php?rest_route=\/wp\/v2\/types\/page"}],"author":[{"embeddable":true,"href":"https:\/\/cvo.hamburg.de\/index.php?rest_route=\/wp\/v2\/users\/44"}],"replies":[{"embeddable":true,"href":"https:\/\/cvo.hamburg.de\/index.php?rest_route=%2Fwp%2Fv2%2Fcomments&post=502"}],"version-history":[{"count":32,"href":"https:\/\/cvo.hamburg.de\/index.php?rest_route=\/wp\/v2\/pages\/502\/revisions"}],"predecessor-version":[{"id":10939,"href":"https:\/\/cvo.hamburg.de\/index.php?rest_route=\/wp\/v2\/pages\/502\/revisions\/10939"}],"wp:attachment":[{"href":"https:\/\/cvo.hamburg.de\/index.php?rest_route=%2Fwp%2Fv2%2Fmedia&parent=502"}],"curies":[{"name":"wp","href":"https:\/\/api.w.org\/{rel}","templated":true}]}}