{"id":499,"date":"2014-05-31T18:07:44","date_gmt":"2014-05-31T16:07:44","guid":{"rendered":"https:\/\/carlvossietzky.dev-schulhomepages.hamburg.de\/?page_id=499"},"modified":"2025-11-28T12:26:21","modified_gmt":"2025-11-28T11:26:21","slug":"oberstufe-4","status":"publish","type":"page","link":"https:\/\/cvo.hamburg.de\/?page_id=499","title":{"rendered":"Oberstufe"},"content":{"rendered":"<div>\n<p>Die vier Semester der <strong>Studienstufe<\/strong> umfassen an den Gymnasien die Jahrgangsstufen 11 und 12. Die Arbeit in der Studienstufe zielt darauf ab, Sch\u00fclerinnen und Sch\u00fclern eine vertiefte allgemeine Bildung, ein breites Orientierungswissen und eine wissenschaftsprop\u00e4deutische Grundbildung zu vermitteln, die sie dazu bef\u00e4higt, ihren Bildungsweg an einer Hochschule oder in unmittelbar beruflich qualifizierenden Bildungsg\u00e4ngen fortzusetzen.<\/p>\n<\/div>\n<p>Um diese Ziele zu erreichen, besteht f\u00fcr alle Sch\u00fclerinnen und Sch\u00fcler zum einen eine Belegverpflichtung f\u00fcr die Kernf\u00e4cher Deutsch und Mathematik sowie eine fortgef\u00fchrte Fremdsprache. Zum anderen w\u00e4hlen Sch\u00fclerinnen und Sch\u00fcler Profilbereiche, um F\u00e4cher und Themengebiete zu vertiefen, die ihren individuellen Neigungen, Interessen und St\u00e4rken entsprechen. Am CvO haben die Sch\u00fclerinnen und Sch\u00fcler die Wahlm\u00f6glichkeit zwischen <a href=\"https:\/\/cvo.hamburg.de\/wp-content\/uploads\/sites\/31\/2025\/11\/Profil-Flyer-CvO-Abi2028.pdf\">sieben verschiedenen Profilen<\/a>.&nbsp;<\/p>\n<p>Zu jedem Profilbereich geh\u00f6rt das <strong>Seminarfach<\/strong>, in dem an f\u00e4cher\u00fcbergreifenden Fragestellungen gearbeitet wird, die sich als jeweilige Profilfragen aus den Kontexten der beteiligten F\u00e4cher ergeben. Dabei \u00fcben die Sch\u00fclerinnen und Sch\u00fcler wissenschaftliches Arbeiten ein und pr\u00e4sentieren ihre Ergebnisse. Dieses Vorgehen wird begleitet durch Anwendung verschiedener Methoden (Methodentraining). Au\u00dferdem m\u00fcssen weitere Pflicht- und Wahlpflichtf\u00e4cher aus unterschiedlichen Aufgabenfeldern abgedeckt werden, sodass in der Oberstufe im Durchschnitt mindestens 34 Unterrichtsstunden pro Woche zu besuchen sind.<\/p>\n<p>Am CvO bringen die Sch\u00fclerinnen und Sch\u00fcler der Oberstufe in ihrem Profilfach die sogenannte <strong>selbstgestellte Aufgabe<\/strong> in Form einer wissenschaftlichen Facharbeit ein. Sie wird in der Regel als Klausurersatz angerechnet und in der Projektwoche oder semesterbegleitend durchgef\u00fchrt.<\/p>\n<p>Eltern und Sch\u00fcler werden zu Beginn des zweiten Halbjahres der 10. Klasse auf einer zentralen <strong>Informationsveranstaltung<\/strong>&nbsp;\u00fcber alle wichtigen Regelungen und Angebote informiert und umfassend beraten.<\/p>\n<p>Individuelle <strong>Beratungsgespr\u00e4che<\/strong> k\u00f6nnen dar\u00fcber hinaus gerne mit dem Abteilungsleiter der Oberstufe, Herrn Dr. M\u00f6bius, vereinbart werden. Bitte wenden Sie sich zur Terminabsprache an unser Schulb\u00fcro: \u2028carl-von-ossietzky-gymnasium@bsb.hamburg.de<\/p>\n<p>&nbsp;<\/p>\n<p>Weitere Informationen erhalten Sie im <a href=\"https:\/\/cvo.hamburg.de\/?page_id=195\">Downloadbereich der Oberstufe<\/a>.<\/p>\n","protected":false},"excerpt":{"rendered":"<p>Die vier Semester der Studienstufe umfassen an den Gymnasien die Jahrgangsstufen 11 und 12. Die Arbeit in der Studienstufe zielt darauf ab, Sch\u00fclerinnen und Sch\u00fclern eine vertiefte allgemeine Bildung, ein breites Orientierungswissen und eine&#46;&#46;&#46;<\/p>\n","protected":false},"author":44,"featured_media":0,"parent":0,"menu_order":0,"comment_status":"closed","ping_status":"closed","template":"","meta":{"_acf_changed":false,"footnotes":""},"class_list":["post-499","page","type-page","status-publish","hentry"],"acf":[],"_links":{"self":[{"href":"https:\/\/cvo.hamburg.de\/index.php?rest_route=\/wp\/v2\/pages\/499","targetHints":{"allow":["GET"]}}],"collection":[{"href":"https:\/\/cvo.hamburg.de\/index.php?rest_route=\/wp\/v2\/pages"}],"about":[{"href":"https:\/\/cvo.hamburg.de\/index.php?rest_route=\/wp\/v2\/types\/page"}],"author":[{"embeddable":true,"href":"https:\/\/cvo.hamburg.de\/index.php?rest_route=\/wp\/v2\/users\/44"}],"replies":[{"embeddable":true,"href":"https:\/\/cvo.hamburg.de\/index.php?rest_route=%2Fwp%2Fv2%2Fcomments&post=499"}],"version-history":[{"count":17,"href":"https:\/\/cvo.hamburg.de\/index.php?rest_route=\/wp\/v2\/pages\/499\/revisions"}],"predecessor-version":[{"id":10672,"href":"https:\/\/cvo.hamburg.de\/index.php?rest_route=\/wp\/v2\/pages\/499\/revisions\/10672"}],"wp:attachment":[{"href":"https:\/\/cvo.hamburg.de\/index.php?rest_route=%2Fwp%2Fv2%2Fmedia&parent=499"}],"curies":[{"name":"wp","href":"https:\/\/api.w.org\/{rel}","templated":true}]}}