{"id":4920,"date":"2020-11-03T13:17:12","date_gmt":"2020-11-03T12:17:12","guid":{"rendered":"https:\/\/cvo.hamburg.de\/?page_id=4920"},"modified":"2026-03-16T12:15:24","modified_gmt":"2026-03-16T11:15:24","slug":"das-cvo-stellt-sich-vor","status":"publish","type":"page","link":"https:\/\/cvo.hamburg.de\/?page_id=4920","title":{"rendered":"Infos neue 5. Klassen"},"content":{"rendered":"<div class=\"page\" title=\"Page 1\">\n<div class=\"layoutArea\">\n<div class=\"page\" title=\"Page 1\">\n<div class=\"layoutArea\">\n<div class=\"column\">\n<p>Liebe Eltern der zuk\u00fcnftigen 5.-Kl\u00e4ssler,<\/p>\n<p>wir freuen uns Ihnen Ende April die Bescheide f\u00fcr die Aufnahme am CvO senden zu k\u00f6nnen. Wir werden vier neue 5. Klassen er\u00f6ffnen.<\/p>\n<p>F\u00fcr Ihre Planung m\u00f6chten wir Ihnen auf diesem Weg bereits folgende Termine mitteilen:<\/p>\n<ul>\n<li>Dienstag, den 16.06.2026 von 15.00 \u2013 17.30 Uhr, Kennenlernnachmittag (inkl. Instrumentenkarussell)&nbsp;<\/li>\n<li>Montag, den 24.08.2026, Einschulung Jg. 5 am CvO, die genaue Uhrzeit folgt mit dem April-Brief<\/li>\n<li>Dienstag, den 25.08.2026, Klassen-Tag von 8 \u2013 13.10 Uhr<\/li>\n<li>Ab Mittwoch, den 26.08.2026, Unterricht nach Plan.<\/li>\n<\/ul>\n<p>Weitere Informationen:<\/p>\n<\/div>\n<\/div>\n<\/div>\n<\/div>\n<\/div>\n<ul>\n<li><a href=\"https:\/\/cvo.hamburg.de\/?page_id=5024\">Video &#8222;Deshalb CvO&#8220;<\/a><\/li>\n<li><a href=\"https:\/\/cvo.hamburg.de\/?page_id=2674\">Primus-Musikkonzept<\/a><\/li>\n<li><a href=\"https:\/\/cvo.hamburg.de\/?page_id=5864\">Leitfaden<\/a><\/li>\n<li><a href=\"https:\/\/cvo.hamburg.de\/?page_id=4937\" target=\"_blank\" rel=\"noopener\">Video \u201eFORSCHENDES LERNEN\u201c<\/a><\/li>\n<li><a href=\"https:\/\/cvo.hamburg.de\/?page_id=4933\" target=\"_blank\" rel=\"noopener\">Video \u201eGARTENKURS\u201c<\/a><\/li>\n<li><a href=\"https:\/\/cvo.hamburg.de\/?page_id=5146\" target=\"_blank\" rel=\"noopener\">Video \u201eMINT\u201c<\/a><\/li>\n<\/ul>\n","protected":false},"excerpt":{"rendered":"<p>Liebe Eltern der zuk\u00fcnftigen 5.-Kl\u00e4ssler, wir freuen uns Ihnen Ende April die Bescheide f\u00fcr die Aufnahme am CvO senden zu k\u00f6nnen. Wir werden vier neue 5. Klassen er\u00f6ffnen. F\u00fcr Ihre Planung m\u00f6chten wir Ihnen&#46;&#46;&#46;<\/p>\n","protected":false},"author":728,"featured_media":0,"parent":0,"menu_order":0,"comment_status":"closed","ping_status":"closed","template":"","meta":{"_acf_changed":false,"footnotes":""},"class_list":["post-4920","page","type-page","status-publish","hentry"],"acf":[],"_links":{"self":[{"href":"https:\/\/cvo.hamburg.de\/index.php?rest_route=\/wp\/v2\/pages\/4920","targetHints":{"allow":["GET"]}}],"collection":[{"href":"https:\/\/cvo.hamburg.de\/index.php?rest_route=\/wp\/v2\/pages"}],"about":[{"href":"https:\/\/cvo.hamburg.de\/index.php?rest_route=\/wp\/v2\/types\/page"}],"author":[{"embeddable":true,"href":"https:\/\/cvo.hamburg.de\/index.php?rest_route=\/wp\/v2\/users\/728"}],"replies":[{"embeddable":true,"href":"https:\/\/cvo.hamburg.de\/index.php?rest_route=%2Fwp%2Fv2%2Fcomments&post=4920"}],"version-history":[{"count":225,"href":"https:\/\/cvo.hamburg.de\/index.php?rest_route=\/wp\/v2\/pages\/4920\/revisions"}],"predecessor-version":[{"id":10941,"href":"https:\/\/cvo.hamburg.de\/index.php?rest_route=\/wp\/v2\/pages\/4920\/revisions\/10941"}],"wp:attachment":[{"href":"https:\/\/cvo.hamburg.de\/index.php?rest_route=%2Fwp%2Fv2%2Fmedia&parent=4920"}],"curies":[{"name":"wp","href":"https:\/\/api.w.org\/{rel}","templated":true}]}}