{"id":487,"date":"2014-05-31T18:05:17","date_gmt":"2014-05-31T17:05:17","guid":{"rendered":"https:\/\/carlvossietzky.dev-schulhomepages.hamburg.de\/?page_id=487"},"modified":"2021-11-18T15:08:46","modified_gmt":"2021-11-18T14:08:46","slug":"mittelstufe-2","status":"publish","type":"page","link":"https:\/\/cvo.hamburg.de\/?page_id=487","title":{"rendered":"Mittelstufe"},"content":{"rendered":"<p><a href=\"https:\/\/cvo.hamburg.de\/wp-content\/uploads\/sites\/31\/2018\/02\/DSC_0120-Bearbeitet.jpeg\" data-rel=\"lightbox\" data-rl_title=\"\" data-rl_caption=\"\" title=\"\"><img loading=\"lazy\" decoding=\"async\" class=\"size-large wp-image-3119 alignleft\" src=\"https:\/\/cvo.hamburg.de\/wp-content\/uploads\/sites\/31\/2018\/02\/DSC_0120-Bearbeitet-1024x474.jpeg\" alt=\"\" width=\"474\" height=\"219\" srcset=\"https:\/\/cvo.hamburg.de\/wp-content\/uploads\/sites\/31\/2018\/02\/DSC_0120-Bearbeitet-1024x474.jpeg 1024w, https:\/\/cvo.hamburg.de\/wp-content\/uploads\/sites\/31\/2018\/02\/DSC_0120-Bearbeitet-300x139.jpeg 300w, https:\/\/cvo.hamburg.de\/wp-content\/uploads\/sites\/31\/2018\/02\/DSC_0120-Bearbeitet-768x356.jpeg 768w, https:\/\/cvo.hamburg.de\/wp-content\/uploads\/sites\/31\/2018\/02\/DSC_0120-Bearbeitet-1100x510.jpeg 1100w, https:\/\/cvo.hamburg.de\/wp-content\/uploads\/sites\/31\/2018\/02\/DSC_0120-Bearbeitet-620x287.jpeg 620w, https:\/\/cvo.hamburg.de\/wp-content\/uploads\/sites\/31\/2018\/02\/DSC_0120-Bearbeitet-400x185.jpeg 400w, https:\/\/cvo.hamburg.de\/wp-content\/uploads\/sites\/31\/2018\/02\/DSC_0120-Bearbeitet.jpeg 1500w\" sizes=\"auto, (max-width: 474px) 100vw, 474px\" \/><\/a><\/p>\n<p>Sch\u00fclerinnen und Sch\u00fcler der Mittelstufe befinden sich in einer \u00a0Umbruchphase ihres Lebens, der Zeit zwischen Kindheit und Erwachsenensein, in der sie pubert\u00e4re Ver\u00e4nderungen verarbeiten und den oft nicht einfachen Weg der Identit\u00e4tsfindung gehen m\u00fcssen.<\/p>\n<p>Gleichzeitig umfasst die Mittelstufe in der Schullaufbahn den Zeitraum, in dem wichtige Weichenstellungen f\u00fcr die k\u00fcnftige Lebensperspektive der Jugendlichen erfolgen. Sowohl personale und soziale Kompetenzen, als auch fachliche und methodische Grundlagen, die hier erworben werden, zielen auf eine erfolgreiche Mitarbeit in der Oberstufe und beeinflussen letztlich zusammen mit den Konzepten zur Berufsfindung die weitere Lebensgestaltung.<\/p>\n<p>Gerade daher muss Schule die Jugendlichen erreichen und ihnen gerecht werden, ihre Interessen einbeziehen und wecken sowie selbstst\u00e4ndiges und soziales Lernen f\u00f6rdern. Diesem Auftrag stellen wir uns am CvO auf vielf\u00e4ltige Weise und haben f\u00fcr die Mittelstufe u.a. einen besonders differenziert ausgestalteten Wahlpflichtbereich entwickelt. Zudem bieten unsere Forscherkurse in den Jahrg\u00e4ngen 7 &#8211; 9 sowie die Profilorientierungskurse im Jahrgang 10 Gelegenheit, individuellen Begabungen nachzugehen bzw. die Profilwahl f\u00fcr die Oberstufe abzusichern.<\/p>\n<p>&nbsp;<\/p>\n","protected":false},"excerpt":{"rendered":"<p>Sch\u00fclerinnen und Sch\u00fcler der Mittelstufe befinden sich in einer \u00a0Umbruchphase ihres Lebens, der Zeit zwischen Kindheit und Erwachsenensein, in der sie pubert\u00e4re Ver\u00e4nderungen verarbeiten und den oft nicht einfachen Weg der Identit\u00e4tsfindung gehen m\u00fcssen.&#46;&#46;&#46;<\/p>\n","protected":false},"author":44,"featured_media":0,"parent":0,"menu_order":0,"comment_status":"closed","ping_status":"closed","template":"","meta":{"_acf_changed":false,"footnotes":""},"class_list":["post-487","page","type-page","status-publish","hentry"],"acf":[],"_links":{"self":[{"href":"https:\/\/cvo.hamburg.de\/index.php?rest_route=\/wp\/v2\/pages\/487","targetHints":{"allow":["GET"]}}],"collection":[{"href":"https:\/\/cvo.hamburg.de\/index.php?rest_route=\/wp\/v2\/pages"}],"about":[{"href":"https:\/\/cvo.hamburg.de\/index.php?rest_route=\/wp\/v2\/types\/page"}],"author":[{"embeddable":true,"href":"https:\/\/cvo.hamburg.de\/index.php?rest_route=\/wp\/v2\/users\/44"}],"replies":[{"embeddable":true,"href":"https:\/\/cvo.hamburg.de\/index.php?rest_route=%2Fwp%2Fv2%2Fcomments&post=487"}],"version-history":[{"count":6,"href":"https:\/\/cvo.hamburg.de\/index.php?rest_route=\/wp\/v2\/pages\/487\/revisions"}],"predecessor-version":[{"id":5998,"href":"https:\/\/cvo.hamburg.de\/index.php?rest_route=\/wp\/v2\/pages\/487\/revisions\/5998"}],"wp:attachment":[{"href":"https:\/\/cvo.hamburg.de\/index.php?rest_route=%2Fwp%2Fv2%2Fmedia&parent=487"}],"curies":[{"name":"wp","href":"https:\/\/api.w.org\/{rel}","templated":true}]}}