{"id":484,"date":"2014-05-31T18:05:07","date_gmt":"2014-05-31T17:05:07","guid":{"rendered":"https:\/\/carlvossietzky.dev-schulhomepages.hamburg.de\/?page_id=484"},"modified":"2025-11-06T10:14:40","modified_gmt":"2025-11-06T09:14:40","slug":"unterstufe-2","status":"publish","type":"page","link":"https:\/\/cvo.hamburg.de\/?page_id=484","title":{"rendered":"Unterstufe"},"content":{"rendered":"<p><a href=\"https:\/\/cvo.hamburg.de\/wp-content\/uploads\/sites\/31\/2018\/02\/DSC_0126.jpg\" data-rel=\"lightbox\" data-rl_title=\"\" data-rl_caption=\"\" title=\"\"><img loading=\"lazy\" decoding=\"async\" class=\"size-large wp-image-3118 alignleft\" src=\"https:\/\/cvo.hamburg.de\/wp-content\/uploads\/sites\/31\/2018\/02\/DSC_0126-1024x660.jpg\" alt=\"\" width=\"474\" height=\"306\" srcset=\"https:\/\/cvo.hamburg.de\/wp-content\/uploads\/sites\/31\/2018\/02\/DSC_0126-1024x660.jpg 1024w, https:\/\/cvo.hamburg.de\/wp-content\/uploads\/sites\/31\/2018\/02\/DSC_0126-300x193.jpg 300w, https:\/\/cvo.hamburg.de\/wp-content\/uploads\/sites\/31\/2018\/02\/DSC_0126-768x495.jpg 768w, https:\/\/cvo.hamburg.de\/wp-content\/uploads\/sites\/31\/2018\/02\/DSC_0126.jpg 1500w\" sizes=\"auto, (max-width: 474px) 100vw, 474px\" \/><\/a><\/p>\n<p>Wir wissen, dass der \u00dcbergang von der Grundschule zum Gymnasium f\u00fcr die meisten Kinder ein gro\u00dfer Schritt ist und haben daher unter dem Motto <a href=\"https:\/\/cvo.hamburg.de\/?page_id=115\">\u201eSanfter Einstieg\u201c<\/a>&nbsp;eine Vielzahl an Ma\u00dfnahmen entwickelt, um unseren neuen Sch\u00fclerinnen und Sch\u00fclern diesen \u00dcbergang zu erleichtern.<\/p>\n<p>&nbsp;<\/p>\n<p>&nbsp;<\/p>\n<p>&nbsp;<\/p>\n<p>&nbsp;<\/p>\n<p>&nbsp;<\/p>\n<p>&nbsp;<\/p>\n<div id=\"attachment_8899\" style=\"width: 218px\" class=\"wp-caption alignnone\"><a href=\"https:\/\/cvo.hamburg.de\/wp-content\/uploads\/sites\/31\/2025\/11\/Text-broschuere_unterstufe_2025_hp.pdf\" target=\"_blank\" rel=\"noopener\"><img loading=\"lazy\" decoding=\"async\" aria-describedby=\"caption-attachment-8899\" class=\"wp-image-8899 size-medium\" src=\"https:\/\/cvo.hamburg.de\/wp-content\/uploads\/sites\/31\/2024\/01\/Bildschirmfoto-2024-01-16-um-09.57.48-208x300.png\" alt=\"\" width=\"208\" height=\"300\" srcset=\"https:\/\/cvo.hamburg.de\/wp-content\/uploads\/sites\/31\/2024\/01\/Bildschirmfoto-2024-01-16-um-09.57.48-208x300.png 208w, https:\/\/cvo.hamburg.de\/wp-content\/uploads\/sites\/31\/2024\/01\/Bildschirmfoto-2024-01-16-um-09.57.48-711x1024.png 711w, https:\/\/cvo.hamburg.de\/wp-content\/uploads\/sites\/31\/2024\/01\/Bildschirmfoto-2024-01-16-um-09.57.48-768x1106.png 768w, https:\/\/cvo.hamburg.de\/wp-content\/uploads\/sites\/31\/2024\/01\/Bildschirmfoto-2024-01-16-um-09.57.48-1067x1536.png 1067w, https:\/\/cvo.hamburg.de\/wp-content\/uploads\/sites\/31\/2024\/01\/Bildschirmfoto-2024-01-16-um-09.57.48.png 1182w\" sizes=\"auto, (max-width: 208px) 100vw, 208px\" \/><\/a><p id=\"caption-attachment-8899\" class=\"wp-caption-text\">Unsere Brosch\u00fcre mit allen wichtigen Informationen zur Unterstufe<\/p><\/div>\n<p>&nbsp;<\/p>\n<div id=\"attachment_8896\" style=\"width: 220px\" class=\"wp-caption alignnone\"><a href=\"https:\/\/cvo.hamburg.de\/wp-content\/uploads\/sites\/31\/2025\/11\/broschuere_sportkonzept_2025_ohneB.pdf\" target=\"_blank\" rel=\"noopener\"><img loading=\"lazy\" decoding=\"async\" aria-describedby=\"caption-attachment-8896\" class=\"wp-image-8896 size-medium\" src=\"https:\/\/cvo.hamburg.de\/wp-content\/uploads\/sites\/31\/2024\/01\/Bildschirmfoto-2024-01-16-um-09.54.28-210x300.png\" alt=\"\" width=\"210\" height=\"300\" srcset=\"https:\/\/cvo.hamburg.de\/wp-content\/uploads\/sites\/31\/2024\/01\/Bildschirmfoto-2024-01-16-um-09.54.28-210x300.png 210w, https:\/\/cvo.hamburg.de\/wp-content\/uploads\/sites\/31\/2024\/01\/Bildschirmfoto-2024-01-16-um-09.54.28-716x1024.png 716w, https:\/\/cvo.hamburg.de\/wp-content\/uploads\/sites\/31\/2024\/01\/Bildschirmfoto-2024-01-16-um-09.54.28-768x1098.png 768w, https:\/\/cvo.hamburg.de\/wp-content\/uploads\/sites\/31\/2024\/01\/Bildschirmfoto-2024-01-16-um-09.54.28-1074x1536.png 1074w, https:\/\/cvo.hamburg.de\/wp-content\/uploads\/sites\/31\/2024\/01\/Bildschirmfoto-2024-01-16-um-09.54.28.png 1190w\" sizes=\"auto, (max-width: 210px) 100vw, 210px\" \/><\/a><p id=\"caption-attachment-8896\" class=\"wp-caption-text\">Unser Sportkonzept f\u00fcr alle Stufen<\/p><\/div>\n<p>&nbsp;<\/p>\n<p>&nbsp;<\/p>\n<div id=\"attachment_8886\" style=\"width: 232px\" class=\"wp-caption alignnone\"><a href=\"https:\/\/cvo.hamburg.de\/wp-content\/uploads\/sites\/31\/2025\/11\/cvo_broschuere_musikkonzept_2025_2_ohneB_booklet_hp.pdf\" target=\"_blank\" rel=\"noopener\"><img loading=\"lazy\" decoding=\"async\" aria-describedby=\"caption-attachment-8886\" class=\"wp-image-8886 size-medium\" src=\"https:\/\/cvo.hamburg.de\/wp-content\/uploads\/sites\/31\/2024\/01\/Bildschirmfoto-2024-01-16-um-09.18.59-222x300.png\" alt=\"\" width=\"222\" height=\"300\" srcset=\"https:\/\/cvo.hamburg.de\/wp-content\/uploads\/sites\/31\/2024\/01\/Bildschirmfoto-2024-01-16-um-09.18.59-222x300.png 222w, https:\/\/cvo.hamburg.de\/wp-content\/uploads\/sites\/31\/2024\/01\/Bildschirmfoto-2024-01-16-um-09.18.59-757x1024.png 757w, https:\/\/cvo.hamburg.de\/wp-content\/uploads\/sites\/31\/2024\/01\/Bildschirmfoto-2024-01-16-um-09.18.59-768x1039.png 768w, https:\/\/cvo.hamburg.de\/wp-content\/uploads\/sites\/31\/2024\/01\/Bildschirmfoto-2024-01-16-um-09.18.59-1136x1536.png 1136w, https:\/\/cvo.hamburg.de\/wp-content\/uploads\/sites\/31\/2024\/01\/Bildschirmfoto-2024-01-16-um-09.18.59.png 1306w\" sizes=\"auto, (max-width: 222px) 100vw, 222px\" \/><\/a><p id=\"caption-attachment-8886\" class=\"wp-caption-text\">Unser mehrfach ausgezeichnetes Musikkonzept &#8222;Primus&#8220;<\/p><\/div>\n<p>&nbsp;<\/p>\n<div class=\"mceTemp\">&nbsp;<\/div>\n<p>&nbsp;<\/p>\n<p>&nbsp;<\/p>\n<div id=\"attachment_5869\" style=\"width: 217px\" class=\"wp-caption alignnone\"><a href=\"https:\/\/cvo.hamburg.de\/?page_id=7041\"><img loading=\"lazy\" decoding=\"async\" aria-describedby=\"caption-attachment-5869\" class=\"wp-image-5869 \" src=\"https:\/\/cvo.hamburg.de\/wp-content\/uploads\/sites\/31\/2021\/10\/Bildschirmfoto-2021-10-01-um-17.52.00-769x1024.png\" alt=\"\" width=\"207\" height=\"276\" srcset=\"https:\/\/cvo.hamburg.de\/wp-content\/uploads\/sites\/31\/2021\/10\/Bildschirmfoto-2021-10-01-um-17.52.00-769x1024.png 769w, https:\/\/cvo.hamburg.de\/wp-content\/uploads\/sites\/31\/2021\/10\/Bildschirmfoto-2021-10-01-um-17.52.00-225x300.png 225w, https:\/\/cvo.hamburg.de\/wp-content\/uploads\/sites\/31\/2021\/10\/Bildschirmfoto-2021-10-01-um-17.52.00-768x1022.png 768w, https:\/\/cvo.hamburg.de\/wp-content\/uploads\/sites\/31\/2021\/10\/Bildschirmfoto-2021-10-01-um-17.52.00-1154x1536.png 1154w, https:\/\/cvo.hamburg.de\/wp-content\/uploads\/sites\/31\/2021\/10\/Bildschirmfoto-2021-10-01-um-17.52.00.png 1358w\" sizes=\"auto, (max-width: 207px) 100vw, 207px\" \/><\/a><p id=\"caption-attachment-5869\" class=\"wp-caption-text\">Alphabetisch sortiert finden Sie hier Schlagworte, die erkl\u00e4rt werden, sowie wichtige Kontakte und Telefonnummern \u2013 kurz: alles was man \u00fcber unsere Schule wissen sollte!<\/p><\/div>\n","protected":false},"excerpt":{"rendered":"<p>Wir wissen, dass der \u00dcbergang von der Grundschule zum Gymnasium f\u00fcr die meisten Kinder ein gro\u00dfer Schritt ist und haben daher unter dem Motto \u201eSanfter Einstieg\u201c&nbsp;eine Vielzahl an Ma\u00dfnahmen entwickelt, um unseren neuen Sch\u00fclerinnen&#46;&#46;&#46;<\/p>\n","protected":false},"author":44,"featured_media":0,"parent":0,"menu_order":0,"comment_status":"closed","ping_status":"closed","template":"","meta":{"_acf_changed":false,"footnotes":""},"class_list":["post-484","page","type-page","status-publish","hentry"],"acf":[],"_links":{"self":[{"href":"https:\/\/cvo.hamburg.de\/index.php?rest_route=\/wp\/v2\/pages\/484","targetHints":{"allow":["GET"]}}],"collection":[{"href":"https:\/\/cvo.hamburg.de\/index.php?rest_route=\/wp\/v2\/pages"}],"about":[{"href":"https:\/\/cvo.hamburg.de\/index.php?rest_route=\/wp\/v2\/types\/page"}],"author":[{"embeddable":true,"href":"https:\/\/cvo.hamburg.de\/index.php?rest_route=\/wp\/v2\/users\/44"}],"replies":[{"embeddable":true,"href":"https:\/\/cvo.hamburg.de\/index.php?rest_route=%2Fwp%2Fv2%2Fcomments&post=484"}],"version-history":[{"count":6,"href":"https:\/\/cvo.hamburg.de\/index.php?rest_route=\/wp\/v2\/pages\/484\/revisions"}],"predecessor-version":[{"id":10583,"href":"https:\/\/cvo.hamburg.de\/index.php?rest_route=\/wp\/v2\/pages\/484\/revisions\/10583"}],"wp:attachment":[{"href":"https:\/\/cvo.hamburg.de\/index.php?rest_route=%2Fwp%2Fv2%2Fmedia&parent=484"}],"curies":[{"name":"wp","href":"https:\/\/api.w.org\/{rel}","templated":true}]}}