{"id":422,"date":"2014-05-31T17:43:35","date_gmt":"2014-05-31T16:43:35","guid":{"rendered":"https:\/\/carlvossietzky.dev-schulhomepages.hamburg.de\/?page_id=422"},"modified":"2020-10-30T14:24:06","modified_gmt":"2020-10-30T13:24:06","slug":"club-of-rome-schule","status":"publish","type":"page","link":"https:\/\/cvo.hamburg.de\/?page_id=422","title":{"rendered":"Club of Rome &#8211; Schule"},"content":{"rendered":"<p>Das CvO ist seit 2009 Teil des CLUB OF ROME Schulnetzwerks. Gemeinsam mit allen <strong><a href=\"http:\/\/www.club-of-rome-schulen.org\/schulen\">CLUB OF ROME Schulen<\/a><\/strong> praktiziert sie unter dem Leitsatz \u201eGlobal denken, lokal handeln\u201c Bildung f\u00fcr die nachhaltige Gestaltung einer lebenswerten Zukunft. Sch\u00fclerinnen und Sch\u00fcler k\u00f6nnen an CLUB OF ROME Schulen ihre Potentiale entfalten und sie erfahren die Wirksamkeit ihres Handelns, damit sie die Welt von morgen verantwortungsvoll, kreativ und selbstbewusst mitgestalten k\u00f6nnen.<i>\u00a0<\/i>Dabei verfolgen Club of Rome-Schulen in ihrem f\u00e4cher\u00fcbergreifenden und vernetzten Bildungskonzept ein ganzheitliches und systemisches Lernen, Denken und Handeln.<\/p>\n<p><a href=\"https:\/\/www.globalgoals.org\"><img loading=\"lazy\" decoding=\"async\" class=\"alignleft wp-image-4819\" src=\"https:\/\/cvo.hamburg.de\/wp-content\/uploads\/sites\/31\/2020\/09\/QR_SDG-300x300.png\" alt=\"\" width=\"271\" height=\"271\" srcset=\"https:\/\/cvo.hamburg.de\/wp-content\/uploads\/sites\/31\/2020\/09\/QR_SDG-300x300.png 300w, https:\/\/cvo.hamburg.de\/wp-content\/uploads\/sites\/31\/2020\/09\/QR_SDG-1024x1024.png 1024w, https:\/\/cvo.hamburg.de\/wp-content\/uploads\/sites\/31\/2020\/09\/QR_SDG-150x150.png 150w, https:\/\/cvo.hamburg.de\/wp-content\/uploads\/sites\/31\/2020\/09\/QR_SDG-768x768.png 768w, https:\/\/cvo.hamburg.de\/wp-content\/uploads\/sites\/31\/2020\/09\/QR_SDG-80x80.png 80w, https:\/\/cvo.hamburg.de\/wp-content\/uploads\/sites\/31\/2020\/09\/QR_SDG-320x320.png 320w, https:\/\/cvo.hamburg.de\/wp-content\/uploads\/sites\/31\/2020\/09\/QR_SDG.png 1147w\" sizes=\"auto, (max-width: 271px) 100vw, 271px\" \/><\/a>Als Club-of-Rome-Schule sehen wir uns auch in der Pflicht, gemeinsam die <em><strong>Substainable Development Goals<\/strong><\/em> (SDG \/ Ziele f\u00fcr nachhaltige Entwicklung) in den Blick zu nehmen, gemeinsam zu lernen und zu handeln (Weitere Informationen zu den SDG finden Sie, wenn Sie den QR-Code scannen).<\/p>\n<p>&nbsp;<\/p>\n<p>&nbsp;<\/p>\n<p>&nbsp;<\/p>\n<p><i>\u00a0<\/i><\/p>\n<p>An unserer Schule gibt es eine Reihe von Besonderheiten, die uns als Club of Rome-Schule qualifizieren:<\/p>\n<ul>\n<li>Unsere Afghanistanpatenschaft und die Projektwoche \u201eAfrika\u201c finden im Geiste internationaler Solidarit\u00e4t und im Sinne globalen Handelns statt,<\/li>\n<li>unsere Wahlpflichtkurse \u201eDemokratisch Handeln \u2013 Lernen durch Engagement\u201e zielen darauf ab, durch eigenst\u00e4ndig geplante und durchgef\u00fchrte Projekte in sozialem und politischem Engagement in und au\u00dferhalb der Schule Demokratie zu erleben und Selbstwirksamkeit zu erfahren angeleitet von<\/li>\n<li>Lehrer*innen, die Fortbildungen im Schulnetzwerk \u201eyou:sfull\u201c \u2013 Lernen durch Engagement der <a href=\"http:\/\/www.buergerstiftung-hamburg.de\/yousful\/\" target=\"_blank\" rel=\"noopener noreferrer\">Hamburger B\u00fcrgerstiftung <\/a>\u00a0f\u00fcr Lehren von Projektmanagement genie\u00dfen und im Austausch mit Netzwerkschulen \u00fcber p\u00e4dagogische Arbeit und Projektideen hier und im bundesweiten <a href=\"http:\/\/www.lernen-durch-engagement.de\" target=\"_blank\" rel=\"noopener noreferrer\">Netzwerk \u201eLernen durch Engagement\u201c <\/a>Anregungen und Unterst\u00fctzung erfahren,<\/li>\n<li>unsere Wahlpflichtkurse \u201eG\u00e4rtnern am CvO\u201c und \u201eSchulgestaltung\u201c arbeiten interdisziplin\u00e4r an einem permakulturellen Konzept f\u00fcr den Schulhof, um in Schritten den eigenen Lebensraum zu erobern und permag\u00e4rtnerisch einen Zugang zu nachhaltigen Garten- und Ern\u00e4hrungskonzepten zu bekommen.\u00a0Einen kleinen Film \u00fcber unseren Gartenkurs k\u00f6nnen Sie sich hier anschauen:<img loading=\"lazy\" decoding=\"async\" class=\"alignnone wp-image-4903\" src=\"https:\/\/cvo.hamburg.de\/wp-content\/uploads\/sites\/31\/2020\/10\/Screenshot-22Gartenkurs22-e1604064103317-300x163.png\" alt=\"\" width=\"766\" height=\"416\" srcset=\"https:\/\/cvo.hamburg.de\/wp-content\/uploads\/sites\/31\/2020\/10\/Screenshot-22Gartenkurs22-e1604064103317-300x163.png 300w, https:\/\/cvo.hamburg.de\/wp-content\/uploads\/sites\/31\/2020\/10\/Screenshot-22Gartenkurs22-e1604064103317-1024x558.png 1024w, https:\/\/cvo.hamburg.de\/wp-content\/uploads\/sites\/31\/2020\/10\/Screenshot-22Gartenkurs22-e1604064103317-1536x837.png 1536w, https:\/\/cvo.hamburg.de\/wp-content\/uploads\/sites\/31\/2020\/10\/Screenshot-22Gartenkurs22-e1604064103317.png 1879w\" sizes=\"auto, (max-width: 766px) 100vw, 766px\" \/><br \/>\n\u21d2 Externer Link: <a href=\"https:\/\/www.dropbox.com\/s\/pk8z42wh29g6tja\/Portrait%20Gartenkurs.mp4?dl=0\" target=\"_blank\" rel=\"noopener noreferrer\">https:\/\/www.dropbox.com\/s\/pk8z42wh29g6tja\/Portrait%20Gartenkurs.mp4?dl=0<\/a><\/li>\n<\/ul>\n<ul>\n<li>unser Musik- und unser Sportkonzept zielen ebenso auf eine ganzheitliche Bildung ab wie der Wahlpflichtkurs \u201eGesunde Ern\u00e4hrung\u201c,<\/li>\n<li>weiterhin arbeitet das CvO seit Jahren an und mit einer modernen Didaktik, die selbst organisiertes Lernen fordert und f\u00f6rdert, sich am fragenden Subjekt zu orientieren sucht und verst\u00e4rkt vernetztes Lernen (f\u00e4cher\u00fcbergreifend und f\u00e4cherverbindend) erm\u00f6glichen will,<\/li>\n<li>die demokratische Beteiligung der Sch\u00fcler*innen an der Gestaltung der Schule wird am CvO systematisch gef\u00f6rdert und Eigenengagement unterst\u00fctzt,<\/li>\n<li>unsere Solaranlage wie auch das Angebot von Fairtradeprodukten sind Ausdruck des Bewusstseins um die Notwendigkeit \u00f6kologischer und \u00f6konomischer Nachhaltigkeit, zudem k\u00f6nnen sich die Sch\u00fcler*innen mit dem Thema u.a. intensiv in Forscherkursen, in der Projektwoche \u201eNachhaltigkeit\u201c, Projektwoche \u201eAfrika\u201c oder im Profil \u201eNatur und Mensch\u201c auseinandersetzen<\/li>\n<li>und schlie\u00dflich liegt eine St\u00e4rke unserer Schule in einer p\u00e4dagogischen Haltung, die sich an den Bed\u00fcrfnissen der Sch\u00fclerinnen und Sch\u00fcler orientiert und ihr Selbstvertrauen st\u00e4rken will \u2013 wir pflegen in diesem Sinne eine Anerkennungs- und Vertrauenskultur.<\/li>\n<\/ul>\n<p>Damit das Errungene nicht verloren geht und das gewonnene Vertrauen nicht verspielt wird, bedarf es kontinuierlicher Arbeit. Unsere Schule ist in diesem Sinne ein lernendes und offenes System, so wie es von einer Club of Rome-Schule erwartet werden kann. Der\u00a0Titel \u201eClub of Rome-Schule\u201c ist daher f\u00fcr uns ein wertvoller Ansporn und eine Motivation. Zudem erweitert die Teilhabe am Club of Rome in zumindest zweifacher Hinsicht unseren Horizont: Zum einen lenkt sie unsere Aufmerksamkeit st\u00e4rker darauf, \u00f6konomische und\u00a0\u00f6kologische Nachhaltigkeit nicht blo\u00df zu lehren, sondern im Schulalltag auch zu leben, zum anderen er\u00f6ffnet sie uns die Teilhabe an einem Netzwerk, zu dem andere Schulen\u00a0mit interessanten didaktischen Innovationen geh\u00f6ren und das uns Zugang zu\u00a0renommierten Wissenschaftlern er\u00f6ffnet.<\/p>\n<p><em>Gabriela Buzuk, Club of Rome-Koordinatorin<\/em><\/p>\n","protected":false},"excerpt":{"rendered":"<p>Das CvO ist seit 2009 Teil des CLUB OF ROME Schulnetzwerks. Gemeinsam mit allen CLUB OF ROME Schulen praktiziert sie unter dem Leitsatz \u201eGlobal denken, lokal handeln\u201c Bildung f\u00fcr die nachhaltige Gestaltung einer lebenswerten&#46;&#46;&#46;<\/p>\n","protected":false},"author":44,"featured_media":0,"parent":0,"menu_order":0,"comment_status":"closed","ping_status":"closed","template":"","meta":{"_acf_changed":false,"footnotes":""},"class_list":["post-422","page","type-page","status-publish","hentry"],"acf":[],"_links":{"self":[{"href":"https:\/\/cvo.hamburg.de\/index.php?rest_route=\/wp\/v2\/pages\/422","targetHints":{"allow":["GET"]}}],"collection":[{"href":"https:\/\/cvo.hamburg.de\/index.php?rest_route=\/wp\/v2\/pages"}],"about":[{"href":"https:\/\/cvo.hamburg.de\/index.php?rest_route=\/wp\/v2\/types\/page"}],"author":[{"embeddable":true,"href":"https:\/\/cvo.hamburg.de\/index.php?rest_route=\/wp\/v2\/users\/44"}],"replies":[{"embeddable":true,"href":"https:\/\/cvo.hamburg.de\/index.php?rest_route=%2Fwp%2Fv2%2Fcomments&post=422"}],"version-history":[{"count":17,"href":"https:\/\/cvo.hamburg.de\/index.php?rest_route=\/wp\/v2\/pages\/422\/revisions"}],"predecessor-version":[{"id":4910,"href":"https:\/\/cvo.hamburg.de\/index.php?rest_route=\/wp\/v2\/pages\/422\/revisions\/4910"}],"wp:attachment":[{"href":"https:\/\/cvo.hamburg.de\/index.php?rest_route=%2Fwp%2Fv2%2Fmedia&parent=422"}],"curies":[{"name":"wp","href":"https:\/\/api.w.org\/{rel}","templated":true}]}}