{"id":4192,"date":"2019-12-04T09:41:34","date_gmt":"2019-12-04T08:41:34","guid":{"rendered":"https:\/\/cvo.hamburg.de\/?page_id=4192"},"modified":"2024-05-30T11:24:49","modified_gmt":"2024-05-30T09:24:49","slug":"schuelerbibliothek","status":"publish","type":"page","link":"https:\/\/cvo.hamburg.de\/?page_id=4192","title":{"rendered":"Sch\u00fclerbibliothek &#8222;Carl liest&#8220;"},"content":{"rendered":"<p><img loading=\"lazy\" decoding=\"async\" class=\"alignleft wp-image-8148\" src=\"https:\/\/cvo.hamburg.de\/wp-content\/uploads\/sites\/31\/2023\/02\/carl-liest-300x300.jpg\" alt=\"\" width=\"207\" height=\"207\" srcset=\"https:\/\/cvo.hamburg.de\/wp-content\/uploads\/sites\/31\/2023\/02\/carl-liest-300x300.jpg 300w, https:\/\/cvo.hamburg.de\/wp-content\/uploads\/sites\/31\/2023\/02\/carl-liest-150x150.jpg 150w, https:\/\/cvo.hamburg.de\/wp-content\/uploads\/sites\/31\/2023\/02\/carl-liest-80x80.jpg 80w, https:\/\/cvo.hamburg.de\/wp-content\/uploads\/sites\/31\/2023\/02\/carl-liest-320x320.jpg 320w, https:\/\/cvo.hamburg.de\/wp-content\/uploads\/sites\/31\/2023\/02\/carl-liest.jpg 326w\" sizes=\"auto, (max-width: 207px) 100vw, 207px\" \/><br \/>\nWir am CvO lieben und leben Lesen und geben dem Lesen daher im und au\u00dferhalb des Unterrichts vielf\u00e4ltigen Raum, f\u00fcr die schulische wie auch die pers\u00f6nliche Entwicklung unserer Sch\u00fcler*innen. Seit Anfang 2020 haben wir, zus\u00e4tzlich zu unserer Oberstufenfachb\u00fccherei AIZ, eine gro\u00dfe gem\u00fctliche <strong>Pr\u00e4senz- und Ausleihbibliothek<\/strong>, Carl liest, mit sowohl Kinder- und Jugend- als auch Fachliteratur f\u00fcr alle Jahrg\u00e4nge.<\/p>\n<p><em>Carl liest<\/em> ist eine ganzt\u00e4gige Lese-, Lern- und Entspannungsoase, befindet sich im Erdgescho\u00df des B-Geb\u00e4udes und ist f\u00fcr alle Sch\u00fcler*innen und Lehrer*innen t\u00e4glich von 9:00 \u2013 14: 30 Uhr durchgehend ge\u00f6ffnet und betreut.<\/p>\n<p><img loading=\"lazy\" decoding=\"async\" class=\"wp-image-9276 alignleft\" src=\"https:\/\/cvo.hamburg.de\/wp-content\/uploads\/sites\/31\/2024\/05\/image.jpeg\" alt=\"\" width=\"205\" height=\"134\" srcset=\"https:\/\/cvo.hamburg.de\/wp-content\/uploads\/sites\/31\/2024\/05\/image.jpeg 1298w, https:\/\/cvo.hamburg.de\/wp-content\/uploads\/sites\/31\/2024\/05\/image-300x197.jpeg 300w, https:\/\/cvo.hamburg.de\/wp-content\/uploads\/sites\/31\/2024\/05\/image-1024x671.jpeg 1024w, https:\/\/cvo.hamburg.de\/wp-content\/uploads\/sites\/31\/2024\/05\/image-768x504.jpeg 768w\" sizes=\"auto, (max-width: 205px) 100vw, 205px\" \/>Wir freuen uns sehr, dass Carl liest und unser Engagement in der Lesef\u00f6rderung dieses Jahr mit dem <a href=\"https:\/\/cvo.hamburg.de\/?p=9053\">Deutschen Lesepreis<\/a> ausgezeichnet wurde.<\/p>\n<p>Die B\u00fccherei ist aufgrund einer Elternratsinitiative entstanden und inzwischen mit einer festangestellten Leitung ein integraler Bestandteil der<a href=\"https:\/\/cvo.hamburg.de\/?page_id=8413\"> Lesef\u00f6rderung\/-angebote<\/a> an unserer Schule. Denn gute Lesekompetenz ist wichtig f\u00fcr das Lernen wie auch das Leben. Sowohl im als auch au\u00dferhalb des Unterrichts bietet <em>Carl liest<\/em> dazu jede Menge M\u00f6glichkeiten. Es gibt ein sehr breites und aktuelles Sortiment an Medien, von aktueller Jugendliteratur, Comics und Mangas, Sach- und Fachb\u00fcchern, Zeitschriften, B\u00fcchern zu Hobbies bis hin zu Klassikern.<br \/>\nViele Aktionen \u00fcber das ganze Schuljahr hinweg unterst\u00fctzen unsere Sch\u00fcler*innen dabei ihre Lesemotivation (neu) zu entdecken oder einfach ihre Leselust auszuleben \u2013 wir lieben Lesen!<img loading=\"lazy\" decoding=\"async\" class=\"alignright wp-image-8149\" src=\"https:\/\/cvo.hamburg.de\/wp-content\/uploads\/sites\/31\/2023\/02\/schach-224x300.jpg\" alt=\"\" width=\"164\" height=\"220\" srcset=\"https:\/\/cvo.hamburg.de\/wp-content\/uploads\/sites\/31\/2023\/02\/schach-224x300.jpg 224w, https:\/\/cvo.hamburg.de\/wp-content\/uploads\/sites\/31\/2023\/02\/schach.jpg 364w\" sizes=\"auto, (max-width: 164px) 100vw, 164px\" \/><\/p>\n<p><em>Carl liest<\/em> ist daher viel mehr als nur reine Bibliothek:<\/p>\n<ul>\n<li>Entspannungsort in den Pausen und im Ganztag (inkl. Schachbrettverleih)<\/li>\n<li>Alternative Lernumgebung f\u00fcr Unterrichtsprojekte<\/li>\n<li>Arbeitsort in Gruppenphasen, Freistunden oder der Mittagspause<\/li>\n<li>Rechercheort<\/li>\n<li>AG Ort (zurzeit die Schach AG mit einem Vereinsschachtrainer jeden Dienstag und die Literatur AG mit Hr. Heller jeden Montag und einen offenen M\u00fctter-Literaturzirkel einmal im Monat)<\/li>\n<li>Veranstaltungsort&nbsp;f\u00fcr Klassen, Schule, Stadtviertel<\/li>\n<\/ul>\n<p><img loading=\"lazy\" decoding=\"async\" class=\"size-medium wp-image-8155 alignright\" src=\"https:\/\/cvo.hamburg.de\/wp-content\/uploads\/sites\/31\/2023\/02\/bib-300x273.jpg\" alt=\"\" width=\"300\" height=\"273\" srcset=\"https:\/\/cvo.hamburg.de\/wp-content\/uploads\/sites\/31\/2023\/02\/bib-300x273.jpg 300w, https:\/\/cvo.hamburg.de\/wp-content\/uploads\/sites\/31\/2023\/02\/bib.jpg 436w\" sizes=\"auto, (max-width: 300px) 100vw, 300px\" \/>\u00dcbrigens: Alle aktuellen Infos \u00fcber Neuanschaffungen, Aktionen und Veranstaltungen in <em>Carl liest<\/em> findet man nicht nur vor Ort, sondern auch auf dem <em>Carl liest<\/em> Instagram Account <a href=\"http:\/\/www.instagramm.com\/carl.liest\">@carl.liest<\/a>.<\/p>\n<p>Neugierig? Einen guten Eindruck von <em>Carl liest<\/em> liefern diese Filme:<br \/>\n\u2022 <a href=\"https:\/\/www.youtube.com\/watch?v=ufRvw3mb1e4; class=&quot;a&quot;\" target=\"_blank\" rel=\"noopener noreferrer\">Video<\/a> <em>Carl liest<\/em>,<br \/>\n<a href=\"https:\/\/youtu.be\/NXpqO6p3NVs;feature=emb_imp_woyt&quot; class=&quot;a&quot;\" target=\"_blank\" rel=\"noopener noreferrer\">\u2022 Video <\/a> <em>Lesef\u00f6rderung<\/em> und<br \/>\n\u2022 <a href=\"https:\/\/www.instagram.com\/reel\/Cl1C6mToxCA\/?igshid=MDJmNzVkMjY=\" target=\"_blank\" rel=\"noopener\">Schachspielen.<\/a><br \/>\nWer neugierig auf den Weg bis zur Er\u00f6ffnung und die R\u00e4umlichkeiten ist, dem empfehle ich einen Blick auf die B\u00fccherei-Homepage <a href=\"http:\/\/www.carl-liest.de\/\">www.carl-liest.de<\/a><\/p>\n<p>Das Projekt <em>Carl liest<\/em> h\u00e4tte ohne Schule und Schulverein, aber auch ohne zahlreiche private Sach- und Geldspenden nicht realisiert werden k\u00f6nnen. Und auch weiterhin unterst\u00fctzen uns die Schule und insbesondere der Schulverein, sodass wir unserer Schulgemeinschaft stets aktuelle Literatur und eine sch\u00f6ne Umgebung anbieten k\u00f6nnen. Daf\u00fcr sind wir sehr, sehr dankbar\u2013 und freuen uns auch weiterhin \u00fcber private Sachspenden, insbesondere \u00fcber:<\/p>\n<ul>\n<li>Zeitschriften von 2024 oder Spezialhefte \u2013 vielleicht lesen Sie in Ihrer Familie ja Geo junior, Spiegel, Focus, National Geographics u.\u00e4. oder Jugendzeitschriften im Abo und w\u00fcrden uns regelm\u00e4\u00dfig die aktuellen Exemplare spenden, wenn Sie sie gelesen haben? Das w\u00e4re toll!<\/li>\n<li>Aktuelle B\u00fccher der Kinder- und Jugendliteratur und allseits beliebte Serien; aber auch Sachb\u00fccher, insbesondere passend zu den Schulf\u00e4chern\/-themen (Natur, Physik, Tiere, Geschichte, Politik etc.) oder auch der Freizeitgestaltung der Sch\u00fcler*innen (Sport, Kochen, Zeichnen, Gaming etc.)<\/li>\n<li>Comics, Mangas, Graphic Novels<\/li>\n<li>Aktuelle Nachschlagewerke<\/li>\n<li>Aktuelle fremdsprachige Literatur in den an unserer Schule gelehrten Sprachen Englisch, Franz\u00f6sisch, Spanisch und Latein (da ist die Aktualit\u00e4t wohl relativ&#8230;)<\/li>\n<\/ul>\n<p>Nat\u00fcrlich sind auch Geldspenden f\u00fcr unsere neue Bibliothek <em>Carl liest<\/em> sehr willkommen! Wir tr\u00e4umen von einer neuen und besseren Beleuchtung und ein paar weitere Sitzs\u00e4cken. Wir k\u00f6nnen auch gerne Spendenbescheinigungen ausstellen.<\/p>\n<p>Und last but not least: Wir freuen uns immer \u00fcber M\u00fctter, V\u00e4ter, Gro\u00dfeltern und andere, die Lust und Zeit haben, in den Pausen unterst\u00fctzend bei der Aufsicht und Ausleihe zu helfen!<\/p>\n<p><img loading=\"lazy\" decoding=\"async\" class=\"alignleft wp-image-8381\" src=\"https:\/\/cvo.hamburg.de\/wp-content\/uploads\/sites\/31\/2023\/06\/Mina-Insta-Story-183x300.jpeg\" alt=\"\" width=\"240\" height=\"393\" srcset=\"https:\/\/cvo.hamburg.de\/wp-content\/uploads\/sites\/31\/2023\/06\/Mina-Insta-Story-183x300.jpeg 183w, https:\/\/cvo.hamburg.de\/wp-content\/uploads\/sites\/31\/2023\/06\/Mina-Insta-Story-625x1024.jpeg 625w, https:\/\/cvo.hamburg.de\/wp-content\/uploads\/sites\/31\/2023\/06\/Mina-Insta-Story-768x1258.jpeg 768w, https:\/\/cvo.hamburg.de\/wp-content\/uploads\/sites\/31\/2023\/06\/Mina-Insta-Story-938x1536.jpeg 938w, https:\/\/cvo.hamburg.de\/wp-content\/uploads\/sites\/31\/2023\/06\/Mina-Insta-Story.jpeg 1179w\" sizes=\"auto, (max-width: 240px) 100vw, 240px\" \/>Seit diesem Schuljahr haben wir noch eine weitere, besondere Helferin in Ausbildung in der B\u00fccherei \u2013 Mina, unsere Bibliotheksh\u00fcndin:<br \/>\nMina ist an mindestens zwei Tagen in der Schule, meist Montag und Donnerstag.<\/p>\n<p>Mina (und ich als ihre Begleiterin) werden gerade zum Lesehund-Team ausgebildet.<br \/>\nEin Lesehund ist ein ausgebildeter Therapiehund, der Kinder helfen kann, ihre Lesekompetenz zu verbessern, Freude und Motivation am Lesen (wieder) zu entdecken, Selbstvertrauen zu st\u00e4rken und quasi nebenher einen selbstsicheren Umgang mit Hunden zu bekommen.<br \/>\nWenn Mina in <em>Carl liest<\/em> ist befindet sie sich ausschlie\u00dflich im \u201egro\u00dfen Raum\u201c. Die Sch\u00fcler*innen k\u00f6nnen mit ihr zusammen lesen oder kuscheln, wenn sie das wollen. Wenn Kinder lieber keinen Kontakt mit ihr haben wollen, k\u00f6nnen sie einfach im zweiten Raum bleiben. Mina hat gelernt, sich nur im \u201eHauptraum\u201c aufzuhalten. Nat\u00fcrlich kann man Mina auch von mir begleitet vorsichtig kennenlernen \u2013 einfach mich ansprechen.<\/p>\n<p>\u00dcbrigens: Minas Box hinter dem Schreibtisch ist ihr Schutzraum \u2013 dort bitte sie in Ruhe lassen. Wahrscheinlich hat sie gerade gearbeitet (Schule und Ausbildung ist auch f\u00fcr Hundekinder anstrengend \ud83d\ude09) und m\u00f6chte sich ausruhen. Oder ich habe sie dorthin geschickt. Dann bitte nicht b\u00f6se sein, wenn ihr sie im Moment nicht streicheln und\/oder mit ihr spielen k\u00f6nnt.<\/p>\n<p>Bei allen Fragen zur B\u00fccherei, Spenden- und anderen Unterst\u00fctzungsangeboten bitte mich gerne kontaktieren:<\/p>\n<p>Kontakt:<br \/>\nE-Mail: <a href=\"mailto:carl-liest@outlook.de\">carl-liest@outlook.de<\/a><br \/>\nInstagram @carl.liest<\/p>\n<p><em>Michaela Knoke, Leitung \u201eCarl liest\u201c<\/em><\/p>\n","protected":false},"excerpt":{"rendered":"<p>Wir am CvO lieben und leben Lesen und geben dem Lesen daher im und au\u00dferhalb des Unterrichts vielf\u00e4ltigen Raum, f\u00fcr die schulische wie auch die pers\u00f6nliche Entwicklung unserer Sch\u00fcler*innen. Seit Anfang 2020 haben wir,&#46;&#46;&#46;<\/p>\n","protected":false},"author":728,"featured_media":0,"parent":0,"menu_order":0,"comment_status":"closed","ping_status":"closed","template":"","meta":{"_acf_changed":false,"footnotes":""},"class_list":["post-4192","page","type-page","status-publish","hentry"],"acf":[],"_links":{"self":[{"href":"https:\/\/cvo.hamburg.de\/index.php?rest_route=\/wp\/v2\/pages\/4192","targetHints":{"allow":["GET"]}}],"collection":[{"href":"https:\/\/cvo.hamburg.de\/index.php?rest_route=\/wp\/v2\/pages"}],"about":[{"href":"https:\/\/cvo.hamburg.de\/index.php?rest_route=\/wp\/v2\/types\/page"}],"author":[{"embeddable":true,"href":"https:\/\/cvo.hamburg.de\/index.php?rest_route=\/wp\/v2\/users\/728"}],"replies":[{"embeddable":true,"href":"https:\/\/cvo.hamburg.de\/index.php?rest_route=%2Fwp%2Fv2%2Fcomments&post=4192"}],"version-history":[{"count":70,"href":"https:\/\/cvo.hamburg.de\/index.php?rest_route=\/wp\/v2\/pages\/4192\/revisions"}],"predecessor-version":[{"id":9279,"href":"https:\/\/cvo.hamburg.de\/index.php?rest_route=\/wp\/v2\/pages\/4192\/revisions\/9279"}],"wp:attachment":[{"href":"https:\/\/cvo.hamburg.de\/index.php?rest_route=%2Fwp%2Fv2%2Fmedia&parent=4192"}],"curies":[{"name":"wp","href":"https:\/\/api.w.org\/{rel}","templated":true}]}}