{"id":416,"date":"2014-05-31T17:42:06","date_gmt":"2014-05-31T15:42:06","guid":{"rendered":"https:\/\/carlvossietzky.dev-schulhomepages.hamburg.de\/?page_id=416"},"modified":"2022-11-24T16:00:56","modified_gmt":"2022-11-24T15:00:56","slug":"blick-ueber-den-zaun","status":"publish","type":"page","link":"https:\/\/cvo.hamburg.de\/?page_id=416","title":{"rendered":"Blick \u00fcber den Zaun"},"content":{"rendered":"<p>Bundesweit ist das Carl-von Ossietzky-Gymnasium &nbsp;eines der wenigen, ausgew\u00e4hlten Gymnasien im Schulverbund \u201eBlick \u00fcber den Zaun\u201d, einem Zusammenschluss reformorientierter Schulen unterschiedlicher Schulformen. Der Schulverbund hat es sich zum Ziel gesetzt, innovativen Schulen M\u00f6glichkeiten der gegenseitigen Unterst\u00fctzung zu er\u00f6ffnen und dar\u00fcber hinaus das Leitbild einer guten Schule auch in der \u00d6ffentlichkeit zu diskutieren. Grundlage dieser Arbeit ist das gemeinsame p\u00e4dagogische Verst\u00e4ndnis von einer kindgerechten Schule. Der Schulverbund hat deshalb in einem Leitbild vier Parameter f\u00fcr eine gute Schule formuliert:<\/p>\n<ul>\n<li>Individuelles F\u00f6rdern und Fordern der Kinder und Jugendlichen<\/li>\n<li>Erziehender Unterricht (also die Verbindung von Wissensvermittlung und Bildung)<\/li>\n<li>F\u00f6rderung eines demokratischen Zusammenlebens<\/li>\n<li>Kontinuierliche Reformarbeit \u201evon innen\u201c (Schule als lernende Institution)<\/li>\n<\/ul>\n<p>Diese Standards finden sich in unserem CvO-Leitbild wieder und sind Grundlage f\u00fcr unsere Schul- und Unterrichtsentwicklung. Sie bilden auch die gemeinsame Basis bei den gegenseitigen Besuchen der Mitglieder des Arbeitskreises 7 von \u201eBlick \u00fcber den Zaun\u201c, dem auch das CVO seit 2007 angh\u00f6rt. Die Aufgabe eines Arbeitskreises ist die gegenseitige Unterst\u00fctzung und Beratung der Schulen untereinander. Einmal im Jahr treffen sich jeweils zwei Vertreter aus jeder Schule in einer der Mitgliedsschulen des Arbeitskreises. Dabei besteht die Gelegenheit, die Gastgeber-Schule intensiv kennenzulernen, etwa bei Hospitationen im Unterricht oder in Gespr\u00e4chen mit Sch\u00fcler\/innen, Eltern und Lehrer\/innen. Den Abschluss eines solchen Arbeitstreffens bildet eine ausf\u00fchrliche und konstruktive R\u00fcckmeldung der \u201ekritischen Freunde\u201c zu den beobachteten St\u00e4rken und Schw\u00e4chen der Schule. Alle zwei bis drei Jahre treffen sich zudem alle Schulen des B\u00fcZ-Verbunds zu einer gemeinsamen Tagung, die jeweils ein p\u00e4dagogisches bzw. bildungspolitisches Thema zum Schwerpunkt hat.<\/p>\n<p>F\u00fcr das CvO besteht durch die Mitgliedschaft im Schulverbund \u201eBlick \u00fcber den Zaun\u201d die Chance, wertvolle Impulse f\u00fcr die weitere Entwicklung der Schule und des Unterrichts zu erhalten.<\/p>\n<p>&nbsp;<\/p>\n<p>&nbsp;<\/p>\n","protected":false},"excerpt":{"rendered":"<p>Bundesweit ist das Carl-von Ossietzky-Gymnasium &nbsp;eines der wenigen, ausgew\u00e4hlten Gymnasien im Schulverbund \u201eBlick \u00fcber den Zaun\u201d, einem Zusammenschluss reformorientierter Schulen unterschiedlicher Schulformen. Der Schulverbund hat es sich zum Ziel gesetzt, innovativen Schulen M\u00f6glichkeiten der&#46;&#46;&#46;<\/p>\n","protected":false},"author":44,"featured_media":0,"parent":0,"menu_order":0,"comment_status":"closed","ping_status":"closed","template":"","meta":{"_acf_changed":false,"footnotes":""},"class_list":["post-416","page","type-page","status-publish","hentry"],"acf":[],"_links":{"self":[{"href":"https:\/\/cvo.hamburg.de\/index.php?rest_route=\/wp\/v2\/pages\/416","targetHints":{"allow":["GET"]}}],"collection":[{"href":"https:\/\/cvo.hamburg.de\/index.php?rest_route=\/wp\/v2\/pages"}],"about":[{"href":"https:\/\/cvo.hamburg.de\/index.php?rest_route=\/wp\/v2\/types\/page"}],"author":[{"embeddable":true,"href":"https:\/\/cvo.hamburg.de\/index.php?rest_route=\/wp\/v2\/users\/44"}],"replies":[{"embeddable":true,"href":"https:\/\/cvo.hamburg.de\/index.php?rest_route=%2Fwp%2Fv2%2Fcomments&post=416"}],"version-history":[{"count":3,"href":"https:\/\/cvo.hamburg.de\/index.php?rest_route=\/wp\/v2\/pages\/416\/revisions"}],"predecessor-version":[{"id":7788,"href":"https:\/\/cvo.hamburg.de\/index.php?rest_route=\/wp\/v2\/pages\/416\/revisions\/7788"}],"wp:attachment":[{"href":"https:\/\/cvo.hamburg.de\/index.php?rest_route=%2Fwp%2Fv2%2Fmedia&parent=416"}],"curies":[{"name":"wp","href":"https:\/\/api.w.org\/{rel}","templated":true}]}}