{"id":4009,"date":"2019-08-29T11:03:50","date_gmt":"2019-08-29T09:03:50","guid":{"rendered":"https:\/\/cvo.hamburg.de\/?page_id=4009"},"modified":"2024-11-11T14:03:40","modified_gmt":"2024-11-11T13:03:40","slug":"nachmittagsangebote","status":"publish","type":"page","link":"https:\/\/cvo.hamburg.de\/?page_id=4009","title":{"rendered":"Nachmittagsangebote"},"content":{"rendered":"<div class=\"page\" title=\"Page 1\">\n<div class=\"page\" title=\"Page 1\">\n<div class=\"layoutArea\">\n<div class=\"column\">\n<p>Ab der 3. Sitzung der AG ist die Teilnahme verpflichtend. Sch\u00fclerinnen und Sch\u00fcler der 5.-7. Klassen nehmen diese Angebote im Rahmen des Ganztages bis 16 Uhr wahr und m\u00fcssen einen Anmeldebogen ausf\u00fcllen, der von der AG-Leitung ausgegeben und dort wieder zur\u00fcckgegeben wird.<\/p>\n<p style=\"text-align: left;padding-left: 40px\">\u21d2 Die Zeiten k\u00f6nnen nach Absprache mit den Sch\u00fclerinnen und Sch\u00fclern im Laufe des Schuljahres variieren.<\/p>\n<\/div>\n<\/div>\n<\/div>\n<table style=\"width: 96.462689%;border-color: #000000;background-color: #ffffff;height: 1248px\">\n<colgroup>\n<col>\n<col>\n<col>\n<col>\n<col>\n<col>\n<col><\/colgroup>\n<tbody>\n<tr style=\"height: 56px\">\n<td style=\"width: 13.777778%;text-align: left;height: 56px\">\n<div class=\"layoutArea\">\n<div class=\"column\">\n<p><span style=\"color: #ff6600\"><strong>ANGEBOT<\/strong><\/span><\/p>\n<\/div>\n<\/div>\n<\/td>\n<td style=\"width: 21.989632%;text-align: left;height: 56px\">\n<div class=\"layoutArea\">\n<div class=\"column\">\n<p><span style=\"color: #ff6600\"><strong>F\u00dcR WEN?<\/strong><\/span><\/p>\n<\/div>\n<\/div>\n<\/td>\n<td style=\"width: 17.641331%;text-align: left;height: 56px\">\n<div class=\"layoutArea\">\n<div class=\"column\">\n<p><span style=\"color: #ff6600\"><strong>AG-LEITUNG<\/strong><\/span><\/p>\n<\/div>\n<\/div>\n<\/td>\n<td style=\"width: 6.186517%;text-align: left;height: 56px\">\n<div class=\"layoutArea\">\n<div class=\"column\">\n<p><span style=\"color: #ff6600\"><strong>TAG<\/strong><\/span><\/p>\n<\/div>\n<\/div>\n<\/td>\n<td style=\"width: 14.207084%;text-align: left;height: 56px\">\n<div class=\"layoutArea\">\n<div class=\"column\">\n<p><span style=\"color: #ff6600\"><strong>UHRZEIT<\/strong><\/span><\/p>\n<\/div>\n<\/div>\n<\/td>\n<td style=\"width: 34.616967%;text-align: left;height: 56px\">\n<div class=\"layoutArea\">\n<div class=\"column\">\n<p><span style=\"color: #ff6600\"><strong>RAUM<\/strong><\/span><\/p>\n<\/div>\n<\/div>\n<\/td>\n<\/tr>\n<tr style=\"height: 80px\">\n<td style=\"width: 13.777778%;text-align: left;height: 80px\">\n<div class=\"layoutArea\">\n<div class=\"column\">\n<p>Gro\u00dfer Chor<\/p>\n<\/div>\n<\/div>\n<\/td>\n<td style=\"width: 21.989632%;text-align: left;height: 80px\">\n<div class=\"layoutArea\">\n<div class=\"column\">\n<div class=\"page\" title=\"Page 1\">\n<div class=\"layoutArea\">\n<div class=\"column\">\n<p>Oberstufe, Eltern, Lehrer, Ehemalige<\/p>\n<\/div>\n<\/div>\n<\/div>\n<\/div>\n<\/div>\n<\/td>\n<td style=\"width: 17.641331%;text-align: left;height: 80px\">\n<div class=\"layoutArea\">\n<div class=\"column\">\n<p>Frau Rinklake,<br \/>\nHerr Rinklake<\/p>\n<\/div>\n<\/div>\n<\/td>\n<td style=\"width: 6.186517%;text-align: left;height: 80px\">\n<div class=\"layoutArea\">\n<div class=\"column\">\n<p>Mo<\/p>\n<\/div>\n<\/div>\n<\/td>\n<td style=\"width: 14.207084%;text-align: left;height: 80px\">\n<div class=\"layoutArea\">\n<div class=\"column\">\n<p>18:00 \u2013 19:30<\/p>\n<\/div>\n<\/div>\n<\/td>\n<td style=\"width: 34.616967%;text-align: left;height: 80px\">\n<div class=\"layoutArea\">\n<div class=\"column\">\n<div class=\"page\" title=\"Page 1\">\n<div class=\"layoutArea\">\n<div class=\"column\">\n<p>Pausenhalle<\/p>\n<\/div>\n<\/div>\n<\/div>\n<\/div>\n<\/div>\n<\/td>\n<\/tr>\n<tr style=\"height: 56px\">\n<td style=\"width: 13.777778%;text-align: left;height: 56px\">\n<div class=\"layoutArea\">\n<div class=\"column\">\n<p>Big Band<\/p>\n<\/div>\n<\/div>\n<\/td>\n<td style=\"width: 21.989632%;text-align: left;height: 56px\">\n<div class=\"layoutArea\">\n<div class=\"column\">\n<p>Kl. 7 &#8211; 12<\/p>\n<\/div>\n<\/div>\n<\/td>\n<td style=\"width: 17.641331%;text-align: left;height: 56px\">\n<div class=\"layoutArea\">\n<div class=\"column\">\n<p>Herr Ortmeyer<\/p>\n<\/div>\n<\/div>\n<\/td>\n<td style=\"width: 6.186517%;text-align: left;height: 56px\">\n<div class=\"layoutArea\">\n<div class=\"column\">\n<p>Di<\/p>\n<\/div>\n<\/div>\n<\/td>\n<td style=\"width: 14.207084%;text-align: left;height: 56px\">\n<div class=\"layoutArea\">\n<div class=\"column\">\n<p>15:30 \u2013 17:00&nbsp;<\/p>\n<\/div>\n<\/div>\n<\/td>\n<td style=\"width: 34.616967%;text-align: left;height: 56px\">\n<div class=\"layoutArea\">\n<div class=\"column\">\n<p>linker Musikraum<\/p>\n<\/div>\n<\/div>\n<\/td>\n<\/tr>\n<tr style=\"height: 104px\">\n<td style=\"width: 13.777778%;text-align: left;height: 104px\">\n<div class=\"layoutArea\">\n<div class=\"column\">\n<p>Orchester 5 \u2013 7<\/p>\n<\/div>\n<\/div>\n<\/td>\n<td style=\"width: 21.989632%;text-align: left;height: 104px\">\n<div class=\"layoutArea\">\n<div class=\"column\">\n<p>Kl. 5 &#8211; 7<\/p>\n<\/div>\n<\/div>\n<\/td>\n<td style=\"width: 17.641331%;text-align: left;height: 104px\">\n<div class=\"layoutArea\">\n<div class=\"column\">\n<p>Frau Brandt- Wille,<br \/>\nHerr Albrecht<\/p>\n<\/div>\n<\/div>\n<\/td>\n<td style=\"width: 6.186517%;text-align: left;height: 104px\">\n<div class=\"layoutArea\">\n<div class=\"column\">\n<p>Mi<\/p>\n<\/div>\n<\/div>\n<\/td>\n<td style=\"width: 14.207084%;text-align: left;height: 104px\">\n<div class=\"layoutArea\">\n<div class=\"column\">\n<p>13.30 \u2013 14.30<\/p>\n<\/div>\n<\/div>\n<\/td>\n<td style=\"width: 34.616967%;text-align: left;height: 104px\">\n<div class=\"layoutArea\">\n<div class=\"column\">\n<p>Theaterraum&nbsp;<\/p>\n<\/div>\n<\/div>\n<\/td>\n<\/tr>\n<tr style=\"height: 80px\">\n<td style=\"width: 13.777778%;text-align: left;height: 80px\">\n<div class=\"layoutArea\">\n<div class=\"column\">\n<p>Gro\u00dfes Orchester<\/p>\n<\/div>\n<\/div>\n<\/td>\n<td style=\"width: 21.989632%;text-align: left;height: 80px\">\n<div class=\"layoutArea\">\n<div class=\"column\">\n<p>Kl. 7- 12<\/p>\n<\/div>\n<\/div>\n<\/td>\n<td style=\"width: 17.641331%;text-align: left;height: 80px\">\n<div class=\"layoutArea\">\n<div class=\"column\">\n<div class=\"page\" title=\"Page 1\">\n<div class=\"section\">\n<div class=\"layoutArea\">\n<div class=\"column\">\n<p>Herr Vogler<\/p>\n<\/div>\n<\/div>\n<\/div>\n<\/div>\n<\/div>\n<\/div>\n<\/td>\n<td style=\"width: 6.186517%;text-align: left;height: 80px\">\n<div class=\"layoutArea\">\n<div class=\"column\">\n<p>Do<\/p>\n<\/div>\n<\/div>\n<\/td>\n<td style=\"width: 14.207084%;text-align: left;height: 80px\">\n<div class=\"layoutArea\">\n<div class=\"column\">\n<p>15.30 \u2013 17.00<\/p>\n<\/div>\n<\/div>\n<\/td>\n<td style=\"width: 34.616967%;text-align: left;height: 80px\">\n<div class=\"layoutArea\">\n<div class=\"column\">\n<p>Pausenhalle<\/p>\n<\/div>\n<\/div>\n<\/td>\n<\/tr>\n<tr style=\"height: 80px\">\n<td style=\"width: 13.777778%;text-align: left;height: 80px\">\n<div class=\"layoutArea\">\n<div class=\"column\">\n<p>Rock-Pop-Workshop<\/p>\n<\/div>\n<\/div>\n<\/td>\n<td style=\"width: 21.989632%;text-align: left;height: 80px\">\n<div class=\"layoutArea\">\n<div class=\"column\">\n<p>Kl. 5 &#8211; 12<\/p>\n<\/div>\n<\/div>\n<\/td>\n<td style=\"width: 17.641331%;text-align: left;height: 80px\">\n<div class=\"layoutArea\">\n<div class=\"column\">\n<p>Herr Vogler<\/p>\n<\/div>\n<\/div>\n<\/td>\n<td style=\"text-align: left;height: 80px;width: 6.186517%\">\n<div class=\"layoutArea\">\n<div class=\"column\">\n<p>Mo &nbsp; &nbsp;&nbsp;<\/p>\n<\/div>\n<\/div>\n<\/td>\n<td style=\"text-align: left;width: 14.207084%\">\n<div class=\"layoutArea\">\n<div class=\"column\">\n<p>13.10 &#8211; 13.40<\/p>\n<\/div>\n<\/div>\n<\/td>\n<td style=\"width: 34.616967%;text-align: left;height: 80px\">\n<div class=\"layoutArea\">\n<div class=\"column\">\n<p>RPW-Keller<\/p>\n<\/div>\n<\/div>\n<\/td>\n<\/tr>\n<tr style=\"height: 80px\">\n<td style=\"width: 13.777778%;text-align: left;height: 80px\">\n<div class=\"layoutArea\">\n<div class=\"column\">\n<p>Gitarren AG<\/p>\n<\/div>\n<\/div>\n<\/td>\n<td style=\"width: 21.989632%;text-align: left;height: 80px\">\n<div class=\"layoutArea\">\n<div class=\"column\">\n<p>Kl. 6 &#8211; 10<\/p>\n<\/div>\n<\/div>\n<\/td>\n<td style=\"width: 17.641331%;text-align: left;height: 80px\">\n<div class=\"layoutArea\">\n<div class=\"column\">\n<p>Herr Zeijl,<br \/>\nFrau Leo<\/p>\n<\/div>\n<\/div>\n<\/td>\n<td style=\"width: 6.186517%;text-align: left;height: 80px\">\n<div class=\"layoutArea\">\n<div class=\"column\">\n<p>Mo<\/p>\n<\/div>\n<\/div>\n<\/td>\n<td style=\"width: 14.207084%;text-align: left;height: 80px\">\n<div class=\"layoutArea\">\n<div class=\"column\">\n<p>15.30 \u2013 16.30<\/p>\n<\/div>\n<\/div>\n<\/td>\n<td style=\"width: 34.616967%;text-align: left;height: 80px\">\n<div class=\"layoutArea\">\n<div class=\"column\">\n<p>A 11<\/p>\n<\/div>\n<\/div>\n<\/td>\n<\/tr>\n<tr style=\"height: 80px\">\n<td style=\"width: 13.777778%;text-align: left;height: 80px\">\n<div class=\"layoutArea\">\n<div class=\"column\">\n<div class=\"page\" title=\"Page 1\">\n<div class=\"layoutArea\">\n<div class=\"column\">\n<p>Veranstaltungstechnik AG<\/p>\n<\/div>\n<\/div>\n<\/div>\n<\/div>\n<\/div>\n<\/td>\n<td style=\"width: 21.989632%;text-align: left;height: 80px\">\n<div class=\"layoutArea\">\n<div class=\"column\">\n<p>Kl. 5 &#8211; 12<\/p>\n<\/div>\n<\/div>\n<\/td>\n<td style=\"width: 17.641331%;text-align: left;height: 80px\">\n<div class=\"layoutArea\">\n<div class=\"column\">\n<p>Herr Vogler<\/p>\n<\/div>\n<\/div>\n<\/td>\n<td style=\"width: 6.186517%;text-align: left;height: 80px\">\n<div class=\"layoutArea\">\n<div class=\"column\">\n<p>Di<\/p>\n<\/div>\n<\/div>\n<\/td>\n<td style=\"width: 14.207084%;text-align: left;height: 80px\">\n<div class=\"layoutArea\">\n<div class=\"column\">\n<div class=\"page\" title=\"Page 1\">\n<div class=\"layoutArea\">\n<div class=\"column\">\n<p>13:10 -13:55<\/p>\n<\/div>\n<\/div>\n<\/div>\n<\/div>\n<\/div>\n<\/td>\n<td style=\"width: 34.616967%;text-align: left;height: 80px\">\n<div class=\"layoutArea\">\n<div class=\"column\">\n<div class=\"page\" title=\"Page 1\">\n<div class=\"layoutArea\">\n<div class=\"column\">\n<p>rechter Musikraum<\/p>\n<\/div>\n<\/div>\n<\/div>\n<\/div>\n<\/div>\n<\/td>\n<\/tr>\n<tr style=\"height: 56px\">\n<td style=\"width: 13.777778%;text-align: left;height: 56px\">\n<div class=\"layoutArea\">\n<div class=\"column\">\n<p>Literaturseminar<\/p>\n<\/div>\n<\/div>\n<\/td>\n<td style=\"width: 21.989632%;text-align: left;height: 56px\">\n<div class=\"layoutArea\">\n<div class=\"column\">\n<p>Kl. 10 \u2013 12<\/p>\n<\/div>\n<\/div>\n<\/td>\n<td style=\"width: 17.641331%;text-align: left;height: 56px\">\n<div class=\"layoutArea\">\n<div class=\"column\">\n<p>Herr Heller<\/p>\n<\/div>\n<\/div>\n<\/td>\n<td style=\"width: 6.186517%;text-align: left;height: 56px\">\n<div class=\"layoutArea\">\n<div class=\"column\">\n<p>Mo<\/p>\n<\/div>\n<\/div>\n<\/td>\n<td style=\"width: 14.207084%;text-align: left;height: 56px\">\n<div class=\"layoutArea\">\n<div class=\"column\">\n<p>13:10 \u2013 13.55<\/p>\n<\/div>\n<\/div>\n<\/td>\n<td style=\"width: 34.616967%;text-align: left;height: 56px\">\n<div class=\"layoutArea\">\n<div class=\"column\">\n<p>Carl liest<\/p>\n<\/div>\n<\/div>\n<\/td>\n<\/tr>\n<tr>\n<td style=\"width: 13.777778%;text-align: left\">\n<div class=\"layoutArea\">\n<div class=\"column\">\n<p>Improvisations-Theater<\/p>\n<\/div>\n<\/div>\n<\/td>\n<td style=\"width: 21.989632%;text-align: left\">\n<div class=\"layoutArea\">\n<div class=\"column\">\n<p>Kl. 10 &#8211; 11<\/p>\n<\/div>\n<\/div>\n<\/td>\n<td style=\"width: 17.641331%;text-align: left\">\n<div class=\"layoutArea\">\n<div class=\"column\">\n<p>Herr Heller<\/p>\n<\/div>\n<\/div>\n<\/td>\n<td style=\"width: 6.186517%;text-align: left\">\n<div class=\"layoutArea\">\n<div class=\"column\">\n<p>Mo<\/p>\n<\/div>\n<\/div>\n<\/td>\n<td style=\"width: 14.207084%;text-align: left\">\n<div class=\"layoutArea\">\n<div class=\"column\">\n<p>15.30 &#8211; 17.00<\/p>\n<\/div>\n<\/div>\n<\/td>\n<td style=\"width: 34.616967%;text-align: left\">\n<div class=\"layoutArea\">\n<div class=\"column\">\n<p>Theaterraum<\/p>\n<\/div>\n<\/div>\n<\/td>\n<\/tr>\n<tr style=\"height: 80px\">\n<td style=\"width: 13.777778%;text-align: left;height: 80px\">\n<div class=\"layoutArea\">\n<div class=\"column\">\n<p>NATEX-AG<br \/>\n(wir experimentieren)<\/p>\n<\/div>\n<\/div>\n<\/td>\n<td style=\"width: 21.989632%;text-align: left;height: 80px\">\n<div class=\"layoutArea\">\n<div class=\"column\">\n<p>Kl. 5 + 6<\/p>\n<\/div>\n<\/div>\n<\/td>\n<td style=\"width: 17.641331%;text-align: left;height: 80px\">\n<div class=\"layoutArea\">\n<div class=\"column\">\n<p>Frau W\u00fclfken<\/p>\n<\/div>\n<\/div>\n<\/td>\n<td style=\"width: 6.186517%;text-align: left;height: 80px\">\n<div class=\"layoutArea\">\n<div class=\"column\">\n<p>Mi<\/p>\n<\/div>\n<\/div>\n<\/td>\n<td style=\"width: 14.207084%;text-align: left;height: 80px\">\n<div class=\"layoutArea\">\n<div class=\"column\">\n<p>13.30 \u2013 14.30<\/p>\n<\/div>\n<\/div>\n<\/td>\n<td style=\"width: 34.616967%;text-align: left;height: 80px\">\n<div class=\"layoutArea\">\n<div class=\"column\">\n<p>F 21<\/p>\n<\/div>\n<\/div>\n<\/td>\n<\/tr>\n<tr>\n<td style=\"width: 13.777778%;text-align: left\">\n<div class=\"layoutArea\">\n<div class=\"column\">\n<p>NaWi AG<\/p>\n<\/div>\n<\/div>\n<\/td>\n<td style=\"width: 21.989632%;text-align: left\">\n<div class=\"layoutArea\">\n<div class=\"column\">\n<p>Kl. 5 &#8211; 10<\/p>\n<\/div>\n<\/div>\n<\/td>\n<td style=\"width: 17.641331%;text-align: left\">\n<div class=\"layoutArea\">\n<div class=\"column\">\n<p>Herr Arndt,<\/p>\n<p>Herr Runde<\/p>\n<\/div>\n<\/div>\n<\/td>\n<td style=\"width: 6.186517%;text-align: left\">\n<div class=\"layoutArea\">\n<div class=\"column\">\n<p>Mo<\/p>\n<\/div>\n<\/div>\n<\/td>\n<td style=\"width: 14.207084%;text-align: left\">\n<div class=\"layoutArea\">\n<div class=\"column\">\n<p>13.55 &#8211; 15.25<\/p>\n<\/div>\n<\/div>\n<\/td>\n<td style=\"width: 34.616967%;text-align: left\">\n<div class=\"layoutArea\">\n<div class=\"column\">\n<p>F 21<\/p>\n<\/div>\n<\/div>\n<\/td>\n<\/tr>\n<tr>\n<td style=\"width: 13.777778%;text-align: left\">\n<div class=\"layoutArea\">\n<div class=\"column\">\n<p>Schach AG<\/p>\n<\/div>\n<\/div>\n<\/td>\n<td style=\"width: 21.989632%;text-align: left\">\n<div class=\"layoutArea\">\n<div class=\"column\">\n<p>alle Jg.<\/p>\n<\/div>\n<\/div>\n<\/td>\n<td style=\"width: 17.641331%;text-align: left\">\n<div class=\"layoutArea\">\n<div class=\"column\">\n<p>Herr Kahrimani<\/p>\n<\/div>\n<\/div>\n<\/td>\n<td style=\"width: 6.186517%;text-align: left\">\n<div class=\"layoutArea\">\n<div class=\"column\">\n<p>Di<\/p>\n<\/div>\n<\/div>\n<\/td>\n<td style=\"width: 14.207084%;text-align: left\">\n<div class=\"layoutArea\">\n<div class=\"column\">\n<p>13.10 &#8211; 13.55<\/p>\n<\/div>\n<\/div>\n<\/td>\n<td style=\"width: 34.616967%;text-align: left\">\n<div class=\"layoutArea\">\n<div class=\"column\">\n<p>Carl liest<\/p>\n<\/div>\n<\/div>\n<\/td>\n<\/tr>\n<tr style=\"height: 96px\">\n<td style=\"width: 13.777778%;text-align: left;height: 96px\">\n<div class=\"layoutArea\">\n<div class=\"column\">\n<p>Handball<\/p>\n<\/div>\n<\/div>\n<\/td>\n<td style=\"width: 21.989632%;text-align: left;height: 96px\">\n<div class=\"layoutArea\">\n<div class=\"column\">\n<p>Kl. 5 + 6<\/p>\n<\/div>\n<\/div>\n<\/td>\n<td style=\"width: 17.641331%;text-align: left;height: 96px\"><span style=\"font-family: inherit;font-size: inherit\">Herr Neumann,<br \/>\nHerr Garbode<\/span><\/td>\n<td style=\"width: 6.186517%;text-align: left;height: 96px\"><img decoding=\"async\" src=\"image\/png;base64,iVBORw0KGgoAAAANSUhEUgAAAAEAAAABCAYAAAAfFcSJAAAAAXNSR0IArs4c6QAAAAlwSFlzAAAXEQAAFxEByibzPwAAAA1JREFUCB1jYGBgsAIAAD8AO+2bAfEAAAAASUVORK5CYII=\" alt=\"page1image66107456\" width=\"0.480010\" height=\"0.480010\"><span style=\"font-family: inherit;font-size: inherit\">Mi<\/span><\/td>\n<td style=\"width: 14.207084%;text-align: left;height: 96px\">\n<div class=\"layoutArea\">\n<div class=\"column\">\n<p>13:10 \u2013 13.55<\/p>\n<\/div>\n<\/div>\n<\/td>\n<td style=\"width: 34.616967%;text-align: left;height: 96px\">\n<div class=\"layoutArea\">\n<div class=\"column\">\n<div class=\"page\" title=\"Page 1\">\n<div class=\"section\">\n<div class=\"layoutArea\">\n<div class=\"column\">\n<p>Alte Sporthalle<\/p>\n<\/div>\n<\/div>\n<\/div>\n<\/div>\n<\/div>\n<\/div>\n<\/td>\n<\/tr>\n<tr style=\"height: 80px\">\n<td style=\"width: 13.777778%;text-align: left;height: 80px\">\n<div class=\"layoutArea\">\n<div class=\"column\">\n<p>Hockey<\/p>\n<\/div>\n<\/div>\n<\/td>\n<td style=\"width: 21.989632%;text-align: left;height: 80px\">\n<div class=\"layoutArea\">\n<div class=\"column\">\n<p>Kl. 5 + 6<\/p>\n<\/div>\n<\/div>\n<\/td>\n<td style=\"width: 17.641331%;text-align: left;height: 80px\">\n<div class=\"layoutArea\">\n<div class=\"column\">\n<p>Herr Teschke<\/p>\n<\/div>\n<\/div>\n<\/td>\n<td style=\"width: 6.186517%;text-align: left;height: 80px\">\n<div class=\"layoutArea\">\n<div class=\"column\">\n<p>Mo<\/p>\n<\/div>\n<\/div>\n<\/td>\n<td style=\"width: 14.207084%;text-align: left;height: 80px\">\n<div class=\"layoutArea\">\n<div class=\"column\">\n<p>13.55 &#8211; 15.25<\/p>\n<\/div>\n<\/div>\n<\/td>\n<td style=\"width: 34.616967%;text-align: left;height: 80px\">\n<div class=\"layoutArea\">\n<div class=\"column\">\n<p>Neue Sporthalle<\/p>\n<\/div>\n<\/div>\n<\/td>\n<\/tr>\n<\/tbody>\n<\/table>\n<div class=\"page\" title=\"Page 2\">\n<div class=\"layoutArea\">\n<div class=\"column\">\n<p>&nbsp;<\/p>\n<div class=\"page\" title=\"Page 2\">\n<div class=\"layoutArea\">\n<div class=\"column\">\n<p>&nbsp;<\/p>\n<\/div>\n<\/div>\n<\/div>\n<div class=\"page\" title=\"Page 1\">\n<div class=\"layoutArea\">\n<div class=\"column\">\n<blockquote><p>Nachmittagsangebote (auch f\u00fcr Ganztag) am CvO 2024\/25 zum Download: <a href=\"https:\/\/cvo.hamburg.de\/wp-content\/uploads\/sites\/31\/2024\/11\/Uebersicht-Nachmittagsangebote.pdf\">\u00dcbersicht Nachmittagsangebote<\/a><\/p><\/blockquote>\n<\/div>\n<\/div>\n<\/div>\n<\/div>\n<\/div>\n<\/div>\n<\/div>\n","protected":false},"excerpt":{"rendered":"<p>Ab der 3. Sitzung der AG ist die Teilnahme verpflichtend. Sch\u00fclerinnen und Sch\u00fcler der 5.-7. Klassen nehmen diese Angebote im Rahmen des Ganztages bis 16 Uhr wahr und m\u00fcssen einen Anmeldebogen ausf\u00fcllen, der von&#46;&#46;&#46;<\/p>\n","protected":false},"author":728,"featured_media":0,"parent":0,"menu_order":0,"comment_status":"closed","ping_status":"closed","template":"","meta":{"_acf_changed":false,"footnotes":""},"class_list":["post-4009","page","type-page","status-publish","hentry"],"acf":[],"_links":{"self":[{"href":"https:\/\/cvo.hamburg.de\/index.php?rest_route=\/wp\/v2\/pages\/4009","targetHints":{"allow":["GET"]}}],"collection":[{"href":"https:\/\/cvo.hamburg.de\/index.php?rest_route=\/wp\/v2\/pages"}],"about":[{"href":"https:\/\/cvo.hamburg.de\/index.php?rest_route=\/wp\/v2\/types\/page"}],"author":[{"embeddable":true,"href":"https:\/\/cvo.hamburg.de\/index.php?rest_route=\/wp\/v2\/users\/728"}],"replies":[{"embeddable":true,"href":"https:\/\/cvo.hamburg.de\/index.php?rest_route=%2Fwp%2Fv2%2Fcomments&post=4009"}],"version-history":[{"count":25,"href":"https:\/\/cvo.hamburg.de\/index.php?rest_route=\/wp\/v2\/pages\/4009\/revisions"}],"predecessor-version":[{"id":9726,"href":"https:\/\/cvo.hamburg.de\/index.php?rest_route=\/wp\/v2\/pages\/4009\/revisions\/9726"}],"wp:attachment":[{"href":"https:\/\/cvo.hamburg.de\/index.php?rest_route=%2Fwp%2Fv2%2Fmedia&parent=4009"}],"curies":[{"name":"wp","href":"https:\/\/api.w.org\/{rel}","templated":true}]}}