{"id":400,"date":"2014-05-31T17:35:47","date_gmt":"2014-05-31T15:35:47","guid":{"rendered":"https:\/\/carlvossietzky.dev-schulhomepages.hamburg.de\/?page_id=400"},"modified":"2024-10-25T10:45:44","modified_gmt":"2024-10-25T08:45:44","slug":"hausmeisterteam","status":"publish","type":"page","link":"https:\/\/cvo.hamburg.de\/?page_id=400","title":{"rendered":"Hausmeisterteam"},"content":{"rendered":"<p>Unser Hausmeister Andreas Schr\u00f6der ist zusammen mit unseren Betriebsarbeitern Lars Margraf und Karen Melkonyan-Kristof f\u00fcr alle technischen Belange der Schule zust\u00e4ndig. Dar\u00fcber hinaus stellen sie sicher, dass alle schulischen Veranstaltungen reibungslos verlaufen k\u00f6nnen.<\/p>\n<p>Herr Schr\u00f6der und Herr Margraf haben die Schl\u00fcsselverwaltung unter sich und daher sind sie auch die Ersten, die jeden Morgen unsere Schule betreten.<\/p>\n<p><em><strong>Zeiten<\/strong><\/em><br \/>\nMontag bis Donnerstag: 6.00 Uhr bis 14.30 Uhr<br \/>\nFreitag: 6.00 Uhr bis 14.00 Uhr<\/p>\n","protected":false},"excerpt":{"rendered":"<p>Unser Hausmeister Andreas Schr\u00f6der ist zusammen mit unseren Betriebsarbeitern Lars Margraf und Karen Melkonyan-Kristof f\u00fcr alle technischen Belange der Schule zust\u00e4ndig. Dar\u00fcber hinaus stellen sie sicher, dass alle schulischen Veranstaltungen reibungslos verlaufen k\u00f6nnen. Herr&#46;&#46;&#46;<\/p>\n","protected":false},"author":44,"featured_media":0,"parent":0,"menu_order":0,"comment_status":"closed","ping_status":"closed","template":"","meta":{"_acf_changed":false,"footnotes":""},"class_list":["post-400","page","type-page","status-publish","hentry"],"acf":[],"_links":{"self":[{"href":"https:\/\/cvo.hamburg.de\/index.php?rest_route=\/wp\/v2\/pages\/400","targetHints":{"allow":["GET"]}}],"collection":[{"href":"https:\/\/cvo.hamburg.de\/index.php?rest_route=\/wp\/v2\/pages"}],"about":[{"href":"https:\/\/cvo.hamburg.de\/index.php?rest_route=\/wp\/v2\/types\/page"}],"author":[{"embeddable":true,"href":"https:\/\/cvo.hamburg.de\/index.php?rest_route=\/wp\/v2\/users\/44"}],"replies":[{"embeddable":true,"href":"https:\/\/cvo.hamburg.de\/index.php?rest_route=%2Fwp%2Fv2%2Fcomments&post=400"}],"version-history":[{"count":16,"href":"https:\/\/cvo.hamburg.de\/index.php?rest_route=\/wp\/v2\/pages\/400\/revisions"}],"predecessor-version":[{"id":9669,"href":"https:\/\/cvo.hamburg.de\/index.php?rest_route=\/wp\/v2\/pages\/400\/revisions\/9669"}],"wp:attachment":[{"href":"https:\/\/cvo.hamburg.de\/index.php?rest_route=%2Fwp%2Fv2%2Fmedia&parent=400"}],"curies":[{"name":"wp","href":"https:\/\/api.w.org\/{rel}","templated":true}]}}