{"id":397,"date":"2014-05-31T17:35:10","date_gmt":"2014-05-31T16:35:10","guid":{"rendered":"https:\/\/carlvossietzky.dev-schulhomepages.hamburg.de\/?page_id=397"},"modified":"2026-05-05T15:23:58","modified_gmt":"2026-05-05T13:23:58","slug":"das-schulbuero","status":"publish","type":"page","link":"https:\/\/cvo.hamburg.de\/?page_id=397","title":{"rendered":"Schulb\u00fcro"},"content":{"rendered":"<p>Wie in allen gro\u00dfen Institutionen gibt es auch am CvO einen zentralen Ort von gro\u00dfer Anziehungskraft. Dort, wo sozusagen das Herz des Ganzen schl\u00e4gt. Bei uns ist dies das Schulb\u00fcro, das von Frau Krischkofski mit Unterst\u00fctzung von Frau Heinsohn, Frau K\u00fcpper und Frau Lorenz geleitet wird. <strong style=\"font-style: italic\">&nbsp;<\/strong><\/p>\n<div id=\"attachment_8268\" style=\"width: 199px\" class=\"wp-caption alignleft\"><img loading=\"lazy\" decoding=\"async\" aria-describedby=\"caption-attachment-8268\" class=\"wp-image-8268\" src=\"https:\/\/cvo.hamburg.de\/wp-content\/uploads\/sites\/31\/2023\/04\/Stefanie-Krischkofski-Bild-213x300.jpg\" alt=\"\" width=\"189\" height=\"266\" srcset=\"https:\/\/cvo.hamburg.de\/wp-content\/uploads\/sites\/31\/2023\/04\/Stefanie-Krischkofski-Bild-213x300.jpg 213w, https:\/\/cvo.hamburg.de\/wp-content\/uploads\/sites\/31\/2023\/04\/Stefanie-Krischkofski-Bild.jpg 429w\" sizes=\"auto, (max-width: 189px) 100vw, 189px\" \/><p id=\"caption-attachment-8268\" class=\"wp-caption-text\">Stefanie Krischkofski<\/p><\/div>\n<div id=\"attachment_4127\" style=\"width: 200px\" class=\"wp-caption alignleft\"><img loading=\"lazy\" decoding=\"async\" aria-describedby=\"caption-attachment-4127\" class=\"wp-image-4127\" src=\"https:\/\/cvo.hamburg.de\/wp-content\/uploads\/sites\/31\/2019\/11\/20191115081118127-213x300.jpeg\" alt=\"\" width=\"190\" height=\"268\" srcset=\"https:\/\/cvo.hamburg.de\/wp-content\/uploads\/sites\/31\/2019\/11\/20191115081118127-213x300.jpeg 213w, https:\/\/cvo.hamburg.de\/wp-content\/uploads\/sites\/31\/2019\/11\/20191115081118127.jpeg 370w\" sizes=\"auto, (max-width: 190px) 100vw, 190px\" \/><p id=\"caption-attachment-4127\" class=\"wp-caption-text\">Tanja Heinsohn<\/p><\/div>\n<div id=\"attachment_11048\" style=\"width: 218px\" class=\"wp-caption alignleft\"><img loading=\"lazy\" decoding=\"async\" aria-describedby=\"caption-attachment-11048\" class=\"wp-image-11048\" src=\"https:\/\/cvo.hamburg.de\/wp-content\/uploads\/sites\/31\/2026\/05\/3be3912c-233x300.jpg\" alt=\"\" width=\"208\" height=\"268\" srcset=\"https:\/\/cvo.hamburg.de\/wp-content\/uploads\/sites\/31\/2026\/05\/3be3912c-233x300.jpg 233w, https:\/\/cvo.hamburg.de\/wp-content\/uploads\/sites\/31\/2026\/05\/3be3912c-797x1024.jpg 797w, https:\/\/cvo.hamburg.de\/wp-content\/uploads\/sites\/31\/2026\/05\/3be3912c-768x987.jpg 768w, https:\/\/cvo.hamburg.de\/wp-content\/uploads\/sites\/31\/2026\/05\/3be3912c-1195x1536.jpg 1195w, https:\/\/cvo.hamburg.de\/wp-content\/uploads\/sites\/31\/2026\/05\/3be3912c-1593x2048.jpg 1593w, https:\/\/cvo.hamburg.de\/wp-content\/uploads\/sites\/31\/2026\/05\/3be3912c-scaled.jpg 1991w\" sizes=\"auto, (max-width: 208px) 100vw, 208px\" \/><p id=\"caption-attachment-11048\" class=\"wp-caption-text\">Stine K\u00fcpper<\/p><\/div>\n<div id=\"attachment_8837\" style=\"width: 232px\" class=\"wp-caption alignleft\"><img loading=\"lazy\" decoding=\"async\" aria-describedby=\"caption-attachment-8837\" class=\"wp-image-8837\" src=\"https:\/\/cvo.hamburg.de\/wp-content\/uploads\/sites\/31\/2023\/12\/image-2-scaled-e1702638811188-249x300.jpeg\" alt=\"\" width=\"222\" height=\"267\" srcset=\"https:\/\/cvo.hamburg.de\/wp-content\/uploads\/sites\/31\/2023\/12\/image-2-scaled-e1702638811188-249x300.jpeg 249w, https:\/\/cvo.hamburg.de\/wp-content\/uploads\/sites\/31\/2023\/12\/image-2-scaled-e1702638811188-850x1024.jpeg 850w, https:\/\/cvo.hamburg.de\/wp-content\/uploads\/sites\/31\/2023\/12\/image-2-scaled-e1702638811188-768x926.jpeg 768w, https:\/\/cvo.hamburg.de\/wp-content\/uploads\/sites\/31\/2023\/12\/image-2-scaled-e1702638811188-1274x1536.jpeg 1274w, https:\/\/cvo.hamburg.de\/wp-content\/uploads\/sites\/31\/2023\/12\/image-2-scaled-e1702638811188.jpeg 1476w\" sizes=\"auto, (max-width: 222px) 100vw, 222px\" \/><p id=\"caption-attachment-8837\" class=\"wp-caption-text\">Manuela Lorenz<\/p><\/div>\n<p>&nbsp;<\/p>\n<p>&nbsp;<\/p>\n<p>&nbsp;<\/p>\n<p>&nbsp;<\/p>\n<p>&nbsp;<\/p>\n<p>&nbsp;<\/p>\n<p>&nbsp;<\/p>\n<p>&nbsp;<\/p>\n<p>Das Schulb\u00fcro ist montags bis donnerstags von 07.15 \u2013 16.00 Uhr besetzt, freitags von 7.15 \u2013 14.00 Uhr.<br \/>\nVon 10.00 \u2013 11.15 Uhr ist Stillarbeitszeit, das Schulb\u00fcro ist in diesem Zeitraum geschlossen. In dringenden F\u00e4llen \u2013 wie z.B. Verletzungen &#8211; soll selbstverst\u00e4ndlich geklopft werden!<\/p>\n<p>Tel: 040 \/ 428 93 15 0<br \/>\nE-Mail: carl-von-ossietzky-gymnasium@bsfb.hamburg.de<\/p>\n","protected":false},"excerpt":{"rendered":"<p>Wie in allen gro\u00dfen Institutionen gibt es auch am CvO einen zentralen Ort von gro\u00dfer Anziehungskraft. Dort, wo sozusagen das Herz des Ganzen schl\u00e4gt. Bei uns ist dies das Schulb\u00fcro, das von Frau Krischkofski&#46;&#46;&#46;<\/p>\n","protected":false},"author":44,"featured_media":0,"parent":0,"menu_order":0,"comment_status":"closed","ping_status":"closed","template":"","meta":{"_acf_changed":false,"footnotes":""},"class_list":["post-397","page","type-page","status-publish","hentry"],"acf":[],"_links":{"self":[{"href":"https:\/\/cvo.hamburg.de\/index.php?rest_route=\/wp\/v2\/pages\/397","targetHints":{"allow":["GET"]}}],"collection":[{"href":"https:\/\/cvo.hamburg.de\/index.php?rest_route=\/wp\/v2\/pages"}],"about":[{"href":"https:\/\/cvo.hamburg.de\/index.php?rest_route=\/wp\/v2\/types\/page"}],"author":[{"embeddable":true,"href":"https:\/\/cvo.hamburg.de\/index.php?rest_route=\/wp\/v2\/users\/44"}],"replies":[{"embeddable":true,"href":"https:\/\/cvo.hamburg.de\/index.php?rest_route=%2Fwp%2Fv2%2Fcomments&post=397"}],"version-history":[{"count":43,"href":"https:\/\/cvo.hamburg.de\/index.php?rest_route=\/wp\/v2\/pages\/397\/revisions"}],"predecessor-version":[{"id":11055,"href":"https:\/\/cvo.hamburg.de\/index.php?rest_route=\/wp\/v2\/pages\/397\/revisions\/11055"}],"wp:attachment":[{"href":"https:\/\/cvo.hamburg.de\/index.php?rest_route=%2Fwp%2Fv2%2Fmedia&parent=397"}],"curies":[{"name":"wp","href":"https:\/\/api.w.org\/{rel}","templated":true}]}}