{"id":385,"date":"2014-05-31T17:33:40","date_gmt":"2014-05-31T15:33:40","guid":{"rendered":"https:\/\/carlvossietzky.dev-schulhomepages.hamburg.de\/?page_id=385"},"modified":"2025-09-19T10:38:25","modified_gmt":"2025-09-19T08:38:25","slug":"beratungslehrer","status":"publish","type":"page","link":"https:\/\/cvo.hamburg.de\/?page_id=385","title":{"rendered":"Beratungslehrer-Team"},"content":{"rendered":"<p>Die schulische Beratung hat die Aufgabe, alles in den Blick zu nehmen, was Sch\u00fclerinnen und Sch\u00fcler, aber auch Eltern und Kolleginnen und Kollegen bei schulischen Problemen oder Fragen unterst\u00fctzen kann.<\/p>\n<p><a href=\"https:\/\/cvo.hamburg.de\/wp-content\/uploads\/sites\/31\/2021\/09\/2374.jpg\" data-rel=\"lightbox\" data-rl_title=\"\" data-rl_caption=\"\" title=\"\"><img loading=\"lazy\" decoding=\"async\" class=\"alignleft size-medium wp-image-5849\" src=\"https:\/\/cvo.hamburg.de\/wp-content\/uploads\/sites\/31\/2021\/09\/2374-300x201.jpg\" alt=\"\" width=\"300\" height=\"201\" srcset=\"https:\/\/cvo.hamburg.de\/wp-content\/uploads\/sites\/31\/2021\/09\/2374-300x201.jpg 300w, https:\/\/cvo.hamburg.de\/wp-content\/uploads\/sites\/31\/2021\/09\/2374-1024x685.jpg 1024w, https:\/\/cvo.hamburg.de\/wp-content\/uploads\/sites\/31\/2021\/09\/2374-768x513.jpg 768w, https:\/\/cvo.hamburg.de\/wp-content\/uploads\/sites\/31\/2021\/09\/2374-1536x1027.jpg 1536w, https:\/\/cvo.hamburg.de\/wp-content\/uploads\/sites\/31\/2021\/09\/2374.jpg 2048w\" sizes=\"auto, (max-width: 300px) 100vw, 300px\" \/><\/a>Petra Lafferenz, Dr. Stephanie Wenck und Christian Gartmann sind das Beratungslehrer-Team am CvO.<\/p>\n<p>Zu Beginn einer Beratung geht es darum, das Problem zu erfassen und die Ursachen zu erkennen. Vielfach f\u00fchrt der Austausch zu weiteren Gespr\u00e4chen, manchmal wird klar, dass andere Hilfen n\u00f6tig werden oder dass der Kreis der Unterst\u00fctzer\/innen erweitert werden sollte. Im Folgenden ist es hilfreich einige Fragen zu kl\u00e4ren: Was ist n\u00f6tig, was wird hilfreich sein, welcher Zustand soll erreicht werden, wer soll dabei was \u00fcbernehmen? Und: In welcher Zeit ist das eventuell zu erreichen? Schlie\u00dflich: Woran werden wir erkennen, dass wir Erfolg gehabt haben?<br \/>\nDie Beratungen sind <strong>vertraulich <\/strong>und werden nach den Grunds\u00e4tzen der <strong>Kooperation,<\/strong> <strong>Neutralit\u00e4t<\/strong> und <strong>Allparteilichkeit <\/strong>gef\u00fchrt.<\/p>\n<p><strong>Kontakt: <\/strong><a href=\"mailto:petra.lafferenz@cvo.hamburg.de\"><strong>petra.lafferenz@cvo.hamburg.de<\/strong><\/a>&nbsp;und <span class=\"Ohne\"><a href=\"mailto:christian.gartmann@cvo.hamburg.de\">christian.gartmann@cvo.hamburg.de<\/a>, <a href=\"mailto:stephanie.wenck@cvo.hamburg.de\" target=\"_blank\" rel=\"noopener\">stephanie.wenck@cvo.hamburg.de<\/a><\/span><\/p>\n<p>&nbsp;<\/p>\n<p>Au\u00dferdem k\u00f6nnen Sch\u00fcler*innen, Kolleg*innen und Eltern Frau Lafferenz und Herrn Gartmann jederzeit in der Schule ansprechen, eine Mitteilung in ihrem Postfach im Lehrerzimmer hinterlegen oder sich an das Schulb\u00fcro wenden, um kurzfristig einen Gespr\u00e4chstermin zu vereinbaren.<\/p>\n","protected":false},"excerpt":{"rendered":"<p>Die schulische Beratung hat die Aufgabe, alles in den Blick zu nehmen, was Sch\u00fclerinnen und Sch\u00fcler, aber auch Eltern und Kolleginnen und Kollegen bei schulischen Problemen oder Fragen unterst\u00fctzen kann. Petra Lafferenz, Dr. Stephanie&#46;&#46;&#46;<\/p>\n","protected":false},"author":44,"featured_media":0,"parent":0,"menu_order":0,"comment_status":"closed","ping_status":"closed","template":"","meta":{"_acf_changed":false,"footnotes":""},"class_list":["post-385","page","type-page","status-publish","hentry"],"acf":[],"_links":{"self":[{"href":"https:\/\/cvo.hamburg.de\/index.php?rest_route=\/wp\/v2\/pages\/385","targetHints":{"allow":["GET"]}}],"collection":[{"href":"https:\/\/cvo.hamburg.de\/index.php?rest_route=\/wp\/v2\/pages"}],"about":[{"href":"https:\/\/cvo.hamburg.de\/index.php?rest_route=\/wp\/v2\/types\/page"}],"author":[{"embeddable":true,"href":"https:\/\/cvo.hamburg.de\/index.php?rest_route=\/wp\/v2\/users\/44"}],"replies":[{"embeddable":true,"href":"https:\/\/cvo.hamburg.de\/index.php?rest_route=%2Fwp%2Fv2%2Fcomments&post=385"}],"version-history":[{"count":14,"href":"https:\/\/cvo.hamburg.de\/index.php?rest_route=\/wp\/v2\/pages\/385\/revisions"}],"predecessor-version":[{"id":10492,"href":"https:\/\/cvo.hamburg.de\/index.php?rest_route=\/wp\/v2\/pages\/385\/revisions\/10492"}],"wp:attachment":[{"href":"https:\/\/cvo.hamburg.de\/index.php?rest_route=%2Fwp%2Fv2%2Fmedia&parent=385"}],"curies":[{"name":"wp","href":"https:\/\/api.w.org\/{rel}","templated":true}]}}