{"id":382,"date":"2014-05-31T17:33:01","date_gmt":"2014-05-31T15:33:01","guid":{"rendered":"https:\/\/carlvossietzky.dev-schulhomepages.hamburg.de\/?page_id=382"},"modified":"2025-10-14T15:23:40","modified_gmt":"2025-10-14T13:23:40","slug":"lehrer","status":"publish","type":"page","link":"https:\/\/cvo.hamburg.de\/?page_id=382","title":{"rendered":"Kollegium"},"content":{"rendered":"<p>Am CvO arbeiten ca. 80 Lehrerinnen und Lehrer. Nachfolgend finden Sie eine Aufstellung aller Lehrerinnen und Lehrer mit besonderen Funktionen:<\/p>\n<h5><strong>Fachleitungen am CvO<\/strong><\/h5>\n<h6><strong>G<\/strong>esellschaftswissenschaftliche F\u00e4cher<\/h6>\n<ul>\n<li>Geografie: Maren Tschanter-Hoffstall (Tsch)<\/li>\n<li>Geschichte: Kai Heller (He)<\/li>\n<li>PGW: Christoph Simon (Sim)<\/li>\n<li>Psychologie: Gabriela Buzuk (Bzk)<\/li>\n<li>Seminarfach: Kai Heller (He)<\/li>\n<\/ul>\n<h6><strong>K<\/strong>\u00fcnstlerisch-musisch-sportlicher Bereich<\/h6>\n<ul>\n<li>Theater: Saskia B\u00fchring (Bg)<\/li>\n<li>Kunst: Michael Stephan (Stp)<\/li>\n<li>Musik: Henning Vogler (Vo)<\/li>\n<li>Sport: Lars Garbode (Ga)<\/li>\n<\/ul>\n<h6><strong>M<\/strong>INT<\/h6>\n<ul>\n<li>Biologie: Stefanie Pem\u00f6ller (Pe), Asja Muntendorf (Md)<\/li>\n<li>Chemie: S\u00f6ren Arndt (Ar), Sonja W\u00fclfken (W\u00fc)<\/li>\n<li>Informatik: Thorsten Kirchhoff (Ki)<\/li>\n<li>Mathematik: Per Becker (Br), Tobias Plattkowski (Pla)<\/li>\n<li>Physik: Dr. Oliver Kronenwerth (Kw), Sebastian Runde (Ru)<\/li>\n<\/ul>\n<h6><strong>P<\/strong>hilosophie \/ Religion<\/h6>\n<ul>\n<li>Philosophie: Christian Gartmann (Gart)<\/li>\n<li>Religion: Dr. phil. Florian Jaster (Ja)<\/li>\n<\/ul>\n<h6><strong>S<\/strong>prachen<\/h6>\n<ul>\n<li>Deutsch: Kirsten Schumacher (Su)<\/li>\n<li>Englisch: Karina Malitzky (Ma)<\/li>\n<li>Franz\u00f6sisch: Hilke Niemann (Nie)<\/li>\n<li>Latein: Wiebke Heller (Hel)<\/li>\n<li>Spanisch: Claudia Rutzen (Ru)<\/li>\n<\/ul>\n<p>&nbsp;<\/p>\n<p><strong>Ausbildungsbeauftragte<br \/>\n<\/strong>Petra Klante<\/p>\n<p><strong>Begabtenf\u00f6rderung<\/strong><br \/>\nNicole Grabow<\/p>\n<p><strong>Beratungslehrer<br \/>\n<\/strong>Petra Lafferenz und C<span class=\"Ohne\">hristian Gartmann<\/span><\/p>\n<p><strong>Berufsorientierung<\/strong><br \/>\nKai Heller<br \/>\nMail: <a href=\"mailto:boso.sek2@cvo.hamburg.de\">boso.sek2@cvo.hamburg.de<\/a><\/p>\n<p><strong>\u201eClub of Rome\u201c<br \/>\n<\/strong>&nbsp;Gabriela Buzuk<\/p>\n<p><strong>Gestaltung und Betreuung Differenzierungsr\u00e4ume<\/strong><br \/>\nDaniela Appe<\/p>\n<p><strong>Interkultureller Austausch und Betreuung der IV-Klassen<br \/>\n<\/strong>Dagmar Mil\u00e1n-Kalbfleisch<\/p>\n<p><strong>IT- und Medienbetreuung<br \/>\n<\/strong>Thorsten Kirchhoff und &nbsp;Gunnar Hitz<\/p>\n<p><strong>Koordination Sozialpraktikum\/Betriebspraktikum<br \/>\n<\/strong>Christian Gartmann (Gart) und Dr. phil. Jaster (Ja)<\/p>\n<p><strong>Lehrmittelbibliothek<br \/>\n<\/strong>Dagmar Milan<\/p>\n<p><strong>Lerncoaching<br \/>\n<\/strong>Christian Gartmann<\/p>\n<p><strong>Mediatoren*innen<\/strong><br \/>\nHeike Becher und Christoph Simon<\/p>\n<p><strong>\u00d6ffentlichkeitsarbeit<\/strong><br \/>\nLutz Hambach<\/p>\n<p><strong>Schulgestaltung<\/strong><br \/>\nAnnika Hobiger<\/p>\n<p><strong>Schulsanit\u00e4ter*innen<\/strong><br \/>\nClaudia Rutzen<\/p>\n<p><strong>Schul-Sozialarbeiterin<br \/>\n<\/strong>Dr. Stefanie Wenck<\/p>\n<p><strong>Sprachf\u00f6rderung<br \/>\n<\/strong>Corinna Jechoux<\/p>\n<p><strong>Stundenplan<\/strong><br \/>\nKatrin Brandenburg &nbsp;und Wiebke Heller<\/p>\n<p><strong>Unterrichtsentwicklung Oberstufe<\/strong><br \/>\nHenning Vogler<\/p>\n<p><strong>Verbindungslehrer*innen<br \/>\n<\/strong>N.N.<\/p>\n<p><strong>Yes-Projekt und Suchtpr\u00e4vention<br \/>\n<\/strong>Birte Kr\u00fcger und Christoph Simon<\/p>\n<p>&nbsp;<\/p>\n<p>&nbsp;<\/p>\n","protected":false},"excerpt":{"rendered":"<p>Am CvO arbeiten ca. 80 Lehrerinnen und Lehrer. Nachfolgend finden Sie eine Aufstellung aller Lehrerinnen und Lehrer mit besonderen Funktionen: Fachleitungen am CvO Gesellschaftswissenschaftliche F\u00e4cher Geografie: Maren Tschanter-Hoffstall (Tsch) Geschichte: Kai Heller (He) PGW:&#46;&#46;&#46;<\/p>\n","protected":false},"author":44,"featured_media":0,"parent":0,"menu_order":0,"comment_status":"closed","ping_status":"closed","template":"","meta":{"_acf_changed":false,"footnotes":""},"class_list":["post-382","page","type-page","status-publish","hentry"],"acf":[],"_links":{"self":[{"href":"https:\/\/cvo.hamburg.de\/index.php?rest_route=\/wp\/v2\/pages\/382","targetHints":{"allow":["GET"]}}],"collection":[{"href":"https:\/\/cvo.hamburg.de\/index.php?rest_route=\/wp\/v2\/pages"}],"about":[{"href":"https:\/\/cvo.hamburg.de\/index.php?rest_route=\/wp\/v2\/types\/page"}],"author":[{"embeddable":true,"href":"https:\/\/cvo.hamburg.de\/index.php?rest_route=\/wp\/v2\/users\/44"}],"replies":[{"embeddable":true,"href":"https:\/\/cvo.hamburg.de\/index.php?rest_route=%2Fwp%2Fv2%2Fcomments&post=382"}],"version-history":[{"count":21,"href":"https:\/\/cvo.hamburg.de\/index.php?rest_route=\/wp\/v2\/pages\/382\/revisions"}],"predecessor-version":[{"id":10529,"href":"https:\/\/cvo.hamburg.de\/index.php?rest_route=\/wp\/v2\/pages\/382\/revisions\/10529"}],"wp:attachment":[{"href":"https:\/\/cvo.hamburg.de\/index.php?rest_route=%2Fwp%2Fv2%2Fmedia&parent=382"}],"curies":[{"name":"wp","href":"https:\/\/api.w.org\/{rel}","templated":true}]}}