{"id":372,"date":"2014-05-31T17:31:33","date_gmt":"2014-05-31T16:31:33","guid":{"rendered":"https:\/\/carlvossietzky.dev-schulhomepages.hamburg.de\/?page_id=372"},"modified":"2026-03-20T09:55:35","modified_gmt":"2026-03-20T08:55:35","slug":"die-eltern","status":"publish","type":"page","link":"https:\/\/cvo.hamburg.de\/?page_id=372","title":{"rendered":"Elternrat"},"content":{"rendered":"<p>Mitwirkung von Eltern ist f\u00fcr eine lebendige Schule unerl\u00e4sslich. Eltern k\u00f6nnen sich auf vielf\u00e4ltige Weise am CvO engagieren, z.B. im Elternrat, in schulischen Gremien, in Arbeitsgruppen und Projekten sowie bei der \u00dcbernahme einer Klassen- oder Profilelternvertretung. Die Mitwirkung ist gut investierte Zeit und f\u00fchrt zus\u00e4tzlich zu einem aktuellen Informationsstand bei den Eltern, was an der Schule gerade l\u00e4uft.<\/p>\n<p>Unsere Kinder verbringen einen Gro\u00dfteil ihres Tages in der Schule. Durch unsere Unterst\u00fctzung k\u00f6nnen wir diesen Bereich ihres Lebens mitgestalten und manche Aktivit\u00e4ten sogar erst erm\u00f6glichen. Von den durch Eltern unterst\u00fctzten Projekten und Aktivit\u00e4ten profitieren alle Sch\u00fcler:innen. Zudem macht es viel Spa\u00df, Schule durch pers\u00f6nliche Energie oder eigene Erfahrungen mitzugestalten und andere nette Eltern kennenzulernen.<\/p>\n<p>Elternarbeit hat am CvO eine lange und wertsch\u00e4tzende Tradition. Wir unterst\u00fctzen, geben Ideen, entwickeln Konzepte, organisieren, packen mit an und vieles mehr. Manchmal m\u00fcssen wir dabei sehr beharrlich sein, manchmal mutig an externe Ansprechpartner:innen herantreten und bisweilen auch zusammen mit anderen Gremien \u2013 wie bspw. dem Kreis-Elternrat oder der Elternkammer Hamburg \u2013 schul\u00fcbergreifend agieren. Das Bet\u00e4tigungsfeld ist umfangreich, daher ben\u00f6tigen wir die Hilfe vieler Eltern. Wir freuen uns immer \u00fcber Anregungen und Kritik, aber wir brauchen vor allem auch die direkte Beteiligung aus der Elternschaft.<\/p>\n<p style=\"text-align: center\"><strong>Elternrat 2025\/26<\/strong><\/p>\n<p>Der Elternrat f\u00fcr das Schuljahr 2025 \/ 2026 besteht aus 15 Vollmitgliedern (Andrea Ahrens, Tanja Dehmel, Maria Droese, Christian Gerdes, Alexander Hachmann, Thomas Koester, Stine K\u00fcpper, Volkmar Lecke, Maria Orlok, Markus Rehle, Christina Riggert, Laura Schmidt zur Nedden, Lena Schmiedecke, Thorsten Visbal, Gitte Wilms) und derzeit f\u00fcnf Ersatzmitgliedern (Mareike Chrobak, Steffen Greve, Petra Grunwald, Tobias K\u00fchnel, Janne Weidisch). Vorstand des Elternrats sind Volkmar Lecke, Maria Orlok und Gitte Wilms.<\/p>\n<div id=\"attachment_10605\" style=\"width: 1034px\" class=\"wp-caption alignnone\"><img loading=\"lazy\" decoding=\"async\" aria-describedby=\"caption-attachment-10605\" class=\"wp-image-10605 size-large\" src=\"https:\/\/cvo.hamburg.de\/wp-content\/uploads\/sites\/31\/2025\/11\/image00015-scaled-e1763460632658-1024x585.jpeg\" alt=\"\" width=\"1024\" height=\"585\" srcset=\"https:\/\/cvo.hamburg.de\/wp-content\/uploads\/sites\/31\/2025\/11\/image00015-scaled-e1763460632658-1024x585.jpeg 1024w, https:\/\/cvo.hamburg.de\/wp-content\/uploads\/sites\/31\/2025\/11\/image00015-scaled-e1763460632658-300x171.jpeg 300w, https:\/\/cvo.hamburg.de\/wp-content\/uploads\/sites\/31\/2025\/11\/image00015-scaled-e1763460632658-768x439.jpeg 768w, https:\/\/cvo.hamburg.de\/wp-content\/uploads\/sites\/31\/2025\/11\/image00015-scaled-e1763460632658-1536x878.jpeg 1536w, https:\/\/cvo.hamburg.de\/wp-content\/uploads\/sites\/31\/2025\/11\/image00015-scaled-e1763460632658-2048x1170.jpeg 2048w\" sizes=\"auto, (max-width: 1024px) 100vw, 1024px\" \/><p id=\"caption-attachment-10605\" class=\"wp-caption-text\">Vordere Reihe v. l. n. r.: Lena Schmiedecke, Dr. Maria Droese, Volkmar Lecke, Tanja Dehmel, Maria Orlok, Gitte Wilms, Alexander Hachmann, Thorsten Visbal<br \/>Hintere Reihe v. l. n. r.: Tobias K\u00fchnel, Andrea Ahrens, Janne Weidisch, Laura Schmidt zur Nedden, Christina Riggert, Prof. Dr. Steffen Greve, Markus Rehle, <br \/>Dr. Christian Gerdes, Dr. Mareike Chrobak, Thomas Koester, Petra Grunwald (auf dem Bild fehlt Stine K\u00fcpper)<\/p><\/div>\n<p>&nbsp;<\/p>\n<p><strong>Termine ER-Sitzungen<\/strong> (Beginn jeweils um 19 Uhr)<\/p>\n<ul>\n<li>30.03.26&nbsp;<\/li>\n<li><del>28.04.26 <\/del>neu: 29.04.26<\/li>\n<li>27.05.26<\/li>\n<li>23.06.26<\/li>\n<\/ul>\n<p>Die Elternratssitzungen sind in der Regel schul\u00f6ffentlich, entsprechend freuen wir uns \u00fcber viele G\u00e4ste aus der Elternschaft. Sie erhalten vor allen Sitzungen eine Einladung \u00fcber den Verteiler der Elternvertretung der Klasse Ihres Kindes.<\/p>\n<p>Sie erreichen den Elternrat auch au\u00dferhalb der Sitzungen ganz einfach per Mail: <a href=\"mailto:info@cvo-elternrat.de\">info@cvo-elternrat.de<\/a><\/p>\n<p>&nbsp;<\/p>\n<p>GESETZLICHE GRUNDLAGEN DER MITWIRKUNG VON ELTERN<\/p>\n<p>Der Elternrat, eines der offiziellen Gremien nach dem <a href=\"http:\/\/www.hamburg.de\/schulgesetz\/64412\/start.html\" target=\"_blank\" rel=\"noopener\">Hamburger Schulgesetz<\/a>, vertritt die Elternseite in allen schulischen Belangen und bei schulpolitischen Entscheidungen, trifft sich etwa monatlich in schul\u00f6ffentlichen Sitzungen (zuweilen auch virtuell), hat derzeit 15 feste Mitglieder und sechs Vertreter:innen. Zudem entsendet der Elternrat Mitglieder in Gremien und und Aussch\u00fcsse.<\/p>\n<p>Die Mitglieder des Elternrats werden jedes Jahr zu Beginn des Schuljahres auf der Eltern-Vollversammlung durch die Elternvertreter:innen aller Klassen und Profile gew\u00e4hlt. Man muss \u00fcbrigens kein Klassen-\/Profil-Elternvertreter:in sein, um sich zur Wahl zu stellen \u2013 jedes Elternteil kann gew\u00e4hlt werden. Weitere Informationen \u00fcber die M\u00f6glichkeiten der Elternmitwirkung in der Schule gibt der Elternratgeber <a href=\"https:\/\/www.hamburg.de\/contentblob\/66856\/90e17aede81318f49dbe2fe553a421a3\/data\/br-elternratgeber-2019.pdf\" target=\"_blank\" rel=\"noopener\">\u201eWir reden mit\u201c<\/a>.<\/p>\n<p>&nbsp;<\/p>\n<p>MITWIRKUNG VON ELTERN IN SCHULISCHEN GREMIEN<\/p>\n<p>Die parit\u00e4tisch mit Lehrern, Sch\u00fclern und Eltern besetzte Schulkonferenz stellt das h\u00f6chste Entscheidungsgremium der Schule dar. Die Teilnahme an Lehrer- und Fachkonferenzen erm\u00f6glicht einen guten Einblick in die fachspezifischen Themen. Im Ganztags- und Mensaausschuss werden aktuelle Themen und Herausforderungen besprochen. Im Lernmittelausschuss wirken Mitglieder des Elternrats bei Entscheidungen zur Anschaffung von Lernmitteln mit. Der Runde Tisch zwischen Lehrer:innen und Elternratsmitgliedern f\u00f6rdert das gegenseitige Verst\u00e4ndnis f\u00fcreinander. Die Mitarbeit in au\u00dferschulischen Gremien wie dem Kreiselternrat (KER) oder der Vereinigung der Elternratsvorsitzenden Hamburger Gymnasien (VEHG) sorgen f\u00fcr einen \u201eBlick \u00fcber den Zaun\u201c, der wiederum hilfreich f\u00fcr die Arbeit an unserer Schule ist und die M\u00f6glichkeit der Einflussnahme auf schulpolitische Entscheidungen des Hamburger Senats bietet.<\/p>\n<p>Klassen- und Profil-Elternvertreter:innen (jeweils 2 Vertreter:innen + 2 Stellvertreter:innen) nehmen zweimal pro Schuljahr an Klassenkonferenzen mit Klassenlehrer:innen und Klassensprecher:innen teil und bilden die Schnittstelle zwischen Klassenleitung und Eltern sowie zwischen dem Elternrat und den Eltern der Klasse.<\/p>\n<p>&nbsp;<\/p>\n<p>MITWIRKUNG VON ELTERN IN ARBEITSGRUPPEN UND PROJEKTEN<\/p>\n<p>Zur strukturierten Bearbeitung anstehender Themen gibt es Arbeitsgruppen und Projekte der Schule und des Elternrats. Folgende Gruppen und Projekte bestehen derzeit (in alphabetischer Reihenfolge):<\/p>\n<ul>\n<li>Begleitung bei geplanten Bauma\u00dfnahmen&nbsp;<\/li>\n<li><a href=\"https:\/\/cvo.hamburg.de\/?p=8564\">\u201eCarl:a&#8220;<\/a> \u2013 Arbeitsgruppe f\u00fcr Demokratie, Toleranz und Vielfalt<\/li>\n<li>Club of Rome<\/li>\n<li>Digitalisierung<\/li>\n<li>Digitale Nutzungsordnung<\/li>\n<li>Elternrats-Klassenpaten f\u00fcr 5. Klassen<\/li>\n<li>Homepage<\/li>\n<li>Leitfaden f\u00fcr neue Eltern<\/li>\n<li>Praktikumskonzept im Rahmen der Berufs- und Studienorientierung<\/li>\n<li><a href=\"https:\/\/cvo.hamburg.de\/?page_id=502\">Schulnewsletter \u201eCarligraph\u201c<\/a><\/li>\n<li>Sport (Partnerschule des Nachwuchs-Leistungssports, Triathlon, Hamburger Zehntel, Jugend trainiert f\u00fcr Olympia)<\/li>\n<li>Tag der offenen T\u00fcr und andere Veranstaltungen zur Anmelderunde bzw. Au\u00dfendarstellung der Schule<\/li>\n<li>Verkehrssicherheit und Radschulwege<\/li>\n<\/ul>\n<p>Um mitgestalten zu k\u00f6nnen muss man aber nicht Mitglied im Elternrat sein. Wir freuen uns dar\u00fcber, wenn sich viele Eltern auch ohne ein Amt einbringen: Vielleicht haben Sie ja Lust, 1x\/Woche in der \u201aCarl liest\u2018-Schulb\u00fccherei zu helfen? Oder Sie suchen sich ein bestimmtes aktuelles Thema aus, bei dem Sie sich einbringen wollen? Die M\u00f6glichkeiten sind mannigfaltig und auch Ihre Kinder profitieren davon, dass Eltern Aktivit\u00e4ten und Veranstaltungen mitgestalten, die Ihren Kindern Freude machen!<\/p>\n<p>Sie erreichen den Elternrat auch au\u00dferhalb der Sitzungen ganz einfach per Mail an: <a href=\"mailto:info@cvo-elternrat.de\">info@cvo-elternrat.de<\/a><br \/>\nBis bald? Wir freuen uns auf Sie.<\/p>\n<p>Ihr Elternratsvorstand<br \/>\nVolkmar Lecke, Maria Orlok und Gitte Wilms<\/p>\n<p><em>Foto: Frank Pauleit<\/em><\/p>\n","protected":false},"excerpt":{"rendered":"<p>Mitwirkung von Eltern ist f\u00fcr eine lebendige Schule unerl\u00e4sslich. Eltern k\u00f6nnen sich auf vielf\u00e4ltige Weise am CvO engagieren, z.B. im Elternrat, in schulischen Gremien, in Arbeitsgruppen und Projekten sowie bei der \u00dcbernahme einer Klassen-&#46;&#46;&#46;<\/p>\n","protected":false},"author":44,"featured_media":0,"parent":0,"menu_order":0,"comment_status":"closed","ping_status":"closed","template":"","meta":{"_acf_changed":false,"footnotes":""},"class_list":["post-372","page","type-page","status-publish","hentry"],"acf":[],"_links":{"self":[{"href":"https:\/\/cvo.hamburg.de\/index.php?rest_route=\/wp\/v2\/pages\/372","targetHints":{"allow":["GET"]}}],"collection":[{"href":"https:\/\/cvo.hamburg.de\/index.php?rest_route=\/wp\/v2\/pages"}],"about":[{"href":"https:\/\/cvo.hamburg.de\/index.php?rest_route=\/wp\/v2\/types\/page"}],"author":[{"embeddable":true,"href":"https:\/\/cvo.hamburg.de\/index.php?rest_route=\/wp\/v2\/users\/44"}],"replies":[{"embeddable":true,"href":"https:\/\/cvo.hamburg.de\/index.php?rest_route=%2Fwp%2Fv2%2Fcomments&post=372"}],"version-history":[{"count":60,"href":"https:\/\/cvo.hamburg.de\/index.php?rest_route=\/wp\/v2\/pages\/372\/revisions"}],"predecessor-version":[{"id":10949,"href":"https:\/\/cvo.hamburg.de\/index.php?rest_route=\/wp\/v2\/pages\/372\/revisions\/10949"}],"wp:attachment":[{"href":"https:\/\/cvo.hamburg.de\/index.php?rest_route=%2Fwp%2Fv2%2Fmedia&parent=372"}],"curies":[{"name":"wp","href":"https:\/\/api.w.org\/{rel}","templated":true}]}}