{"id":3615,"date":"2019-01-10T09:47:45","date_gmt":"2019-01-10T08:47:45","guid":{"rendered":"https:\/\/cvo.hamburg.de\/?page_id=3615"},"modified":"2025-11-11T14:28:44","modified_gmt":"2025-11-11T13:28:44","slug":"alsterfood","status":"publish","type":"page","link":"https:\/\/cvo.hamburg.de\/?page_id=3615","title":{"rendered":"Schulmensa"},"content":{"rendered":"<p><img loading=\"lazy\" decoding=\"async\" class=\"alignleft size-medium wp-image-5651\" src=\"https:\/\/cvo.hamburg.de\/wp-content\/uploads\/sites\/31\/2021\/06\/lemke_logo-300x123.jpg\" alt=\"\" width=\"300\" height=\"123\" srcset=\"https:\/\/cvo.hamburg.de\/wp-content\/uploads\/sites\/31\/2021\/06\/lemke_logo-300x123.jpg 300w, https:\/\/cvo.hamburg.de\/wp-content\/uploads\/sites\/31\/2021\/06\/lemke_logo-1024x419.jpg 1024w, https:\/\/cvo.hamburg.de\/wp-content\/uploads\/sites\/31\/2021\/06\/lemke_logo-768x314.jpg 768w, https:\/\/cvo.hamburg.de\/wp-content\/uploads\/sites\/31\/2021\/06\/lemke_logo-1536x628.jpg 1536w, https:\/\/cvo.hamburg.de\/wp-content\/uploads\/sites\/31\/2021\/06\/lemke_logo.jpg 2048w\" sizes=\"auto, (max-width: 300px) 100vw, 300px\" \/>Seit dem Schuljahr 2021\/22 arbeiten wir erfolgreich mit dem Schulcaterer Lemke zusammen!<\/p>\n<p>Lemke ist ein Catering-Unternehmen mit Sitz in Norderstedt. Die &nbsp;K\u00fcchencrew setzt sich aus drei K\u00f6chen und drei K\u00fcchenhilfen zusammen, die alle selber Eltern von Kindern an Schulen sind. Unter Ber\u00fccksichtigung der&nbsp;DGE-Richtlinien versucht die Crew t\u00e4glich&nbsp;den Geschmack der Kinder zu treffen (evtl. Unvertr\u00e4glichkeiten und Allergien bitte bei der Registrierung angeben). Lemkes Ziel ist zudem ein nachhaltiger Umgang mit Lebensmitteln.<\/p>\n<p>Es gibt einige Regelungen&nbsp;bez\u00fcglich des Essensangebotes und der Essensregistrierung \u00fcber die wir kurz informieren m\u00f6chten:<\/p>\n<p>In der Mensa wird schon ab der ersten Pause mit dem Fr\u00fchst\u00fccksverkauf im Free-Flow-System ein reichhaltiges Angebot angeboten. Das Fr\u00fchst\u00fccksangebot umfasst neben verschiedenen Backwaren, belegten Br\u00f6tchen und Laugengeb\u00e4ck auch Wraps, Bagels, eine M\u00fcsli-Auswahl und Obst geben. Ab der zweiten Pause werden die Kinder, zus\u00e4tzlich zu dem reichhaltigen Fr\u00fchst\u00fccksangebot, mit einem t\u00e4glich wechselnden warmen Snack versorgt.<\/p>\n<p>Ab der dritten Pause wird das warme Essen f\u00fcr alle Sch\u00fcler und Sch\u00fclerinnen angeboten. Am Buffet stehen zudem immer weitere Gerichte zur Auswahl. Erg\u00e4nzt wird das Mittagessen mit einem reichhaltigen Salatbuffet, verschiedenen Desserts sowie Obst. Nat\u00fcrlich wird auch in dieser Pause die M\u00f6glichkeit bestehen, Getr\u00e4nke und unverpackte Lebensmittel (Take a way ist in Planung) zu erwerben.<\/p>\n<p>Grunds\u00e4tzlich wird es einen Barverkauf geben. Wir m\u00f6chten Sie jedoch bitten, Ihre Kinder f\u00fcr das Mittagessen im System von Pair Solutions anzumelden (s.u.). Somit ist sichergestellt, dass Ihr Kind auch ein warmes Mittagessen bekommen wird. Im <a href=\"https:\/\/cvo.hamburg.de\/wp-content\/uploads\/sites\/31\/2025\/11\/PAIR_Elternbrief_November-2025.pdf\">Schreiben von Pair Solutions<\/a> werden die Anmeldung im System und die Abrechnung erl\u00e4utert. Ab 01.08.2025 betr\u00e4gt der Preis f\u00fcr ein Mittagessen an Hamburger Schulen 5,60 \u20ac pro Kind. Davon werden 0,60 \u20ac von der Stadt Hamburg \u00fcbernommen. Der von den Eltern zu zahlende H\u00f6chstpreis f\u00fcr das Mittagessen wird um 30 Cent auf 5,00 Euro angehoben. Hierf\u00fcr m\u00fcssen Sie Ihr Kind allerdings im System von Pair Solutions angemeldet haben. Ein freier Verkauf des Mittagessens ist m\u00f6glich.&nbsp;<\/p>\n<p>Das Infoschreiben der Beh\u00f6rde zum schulischen Mittagessen finden Sie <a href=\"https:\/\/cvo.hamburg.de\/wp-content\/uploads\/sites\/31\/2025\/07\/Schulisches-Mittagessen-Neuer-Maximalpreis-fuer-Eltern-fuer-das-Schuljahr-2025-26.pdf\">hier!&nbsp;<\/a><\/p>\n<p><strong>PAIR Registrier-Portal<\/strong><\/p>\n<p><em>Bitte registrieren Sie Ihr Kind fr\u00fchzeitig im System (wenn m\u00f6glich schon vor Beginn der Sommerferien). Aufgrund des sehr hohen Arbeitsaufkommens kurz vor Schulstart kann es zum Ende der Sommerferien und nach dem Schulstart zu Wartezeiten kommen und Ihr Kind ist nicht zum Mittagessen angemeldet.<\/em><\/p>\n<p><strong><a href=\"https:\/\/registrierung.pairsolutions.de\/?id=763869FEE31997BFB0677DC57D373018\">https:\/\/registrierung.pairsolutions.de\/?id=763869FEE31997BFB0677DC57D373018<\/a><\/strong><\/p>\n<p>Nach erfolgter Registrierung erhalten Sie eine Mail mit den Zugangsdaten (Teilnehmernummer und Passwort) sowie dem Link, der zum&nbsp;&nbsp;PAIR Service-Portal f\u00fchrt (Bestellkalender, Kontoeinsicht, Datenschutz): <strong><a href=\"https:\/\/iss.pairsolutions.de\/\">https:\/\/iss.pairsolutions.de\/<\/a><\/strong><\/p>\n<p>&nbsp;<\/p>\n<p>Downloads:<\/p>\n<p><a href=\"https:\/\/cvo.hamburg.de\/wp-content\/uploads\/sites\/31\/2025\/11\/PAIR_Elternbrief_November-2025.pdf\">PAIR_Elternbrief_November 2025<\/a><\/p>\n<p><a href=\"https:\/\/cvo.hamburg.de\/wp-content\/uploads\/sites\/31\/2021\/06\/CvO_Lemke_Elternbrief_final.pdf\" target=\"_blank\" rel=\"noopener noreferrer\">Lemke Elternbrief<\/a><\/p>\n<p>&nbsp;<\/p>\n<p>&nbsp;<\/p>\n","protected":false},"excerpt":{"rendered":"<p>Seit dem Schuljahr 2021\/22 arbeiten wir erfolgreich mit dem Schulcaterer Lemke zusammen! Lemke ist ein Catering-Unternehmen mit Sitz in Norderstedt. Die &nbsp;K\u00fcchencrew setzt sich aus drei K\u00f6chen und drei K\u00fcchenhilfen zusammen, die alle selber&#46;&#46;&#46;<\/p>\n","protected":false},"author":728,"featured_media":0,"parent":0,"menu_order":0,"comment_status":"closed","ping_status":"closed","template":"","meta":{"_acf_changed":false,"footnotes":""},"class_list":["post-3615","page","type-page","status-publish","hentry"],"acf":[],"_links":{"self":[{"href":"https:\/\/cvo.hamburg.de\/index.php?rest_route=\/wp\/v2\/pages\/3615","targetHints":{"allow":["GET"]}}],"collection":[{"href":"https:\/\/cvo.hamburg.de\/index.php?rest_route=\/wp\/v2\/pages"}],"about":[{"href":"https:\/\/cvo.hamburg.de\/index.php?rest_route=\/wp\/v2\/types\/page"}],"author":[{"embeddable":true,"href":"https:\/\/cvo.hamburg.de\/index.php?rest_route=\/wp\/v2\/users\/728"}],"replies":[{"embeddable":true,"href":"https:\/\/cvo.hamburg.de\/index.php?rest_route=%2Fwp%2Fv2%2Fcomments&post=3615"}],"version-history":[{"count":17,"href":"https:\/\/cvo.hamburg.de\/index.php?rest_route=\/wp\/v2\/pages\/3615\/revisions"}],"predecessor-version":[{"id":10596,"href":"https:\/\/cvo.hamburg.de\/index.php?rest_route=\/wp\/v2\/pages\/3615\/revisions\/10596"}],"wp:attachment":[{"href":"https:\/\/cvo.hamburg.de\/index.php?rest_route=%2Fwp%2Fv2%2Fmedia&parent=3615"}],"curies":[{"name":"wp","href":"https:\/\/api.w.org\/{rel}","templated":true}]}}