{"id":359,"date":"2014-05-31T17:29:32","date_gmt":"2014-05-31T15:29:32","guid":{"rendered":"https:\/\/carlvossietzky.dev-schulhomepages.hamburg.de\/?page_id=359"},"modified":"2025-10-16T10:30:22","modified_gmt":"2025-10-16T08:30:22","slug":"schueler","status":"publish","type":"page","link":"https:\/\/cvo.hamburg.de\/?page_id=359","title":{"rendered":"Sch\u00fcler*innen"},"content":{"rendered":"<p>Die Sch\u00fclerschaft des CvO wird durch das Schulsprecherteam vertreten. Die gew\u00e4hlten Vertreter setzen sich engagiert f\u00fcr die Belange ihrer Mitsch\u00fcler ein und haben schon einige aufsehenerregende Aktionen ins Leben gerufen.<\/p>\n<div id=\"attachment_10523\" style=\"width: 1034px\" class=\"wp-caption aligncenter\"><img loading=\"lazy\" decoding=\"async\" aria-describedby=\"caption-attachment-10523\" class=\"size-large wp-image-10523\" src=\"https:\/\/cvo.hamburg.de\/wp-content\/uploads\/sites\/31\/2025\/10\/Schuelersprecher-1024x826.jpg\" alt=\"\" width=\"1024\" height=\"826\" srcset=\"https:\/\/cvo.hamburg.de\/wp-content\/uploads\/sites\/31\/2025\/10\/Schuelersprecher-1024x826.jpg 1024w, https:\/\/cvo.hamburg.de\/wp-content\/uploads\/sites\/31\/2025\/10\/Schuelersprecher-300x242.jpg 300w, https:\/\/cvo.hamburg.de\/wp-content\/uploads\/sites\/31\/2025\/10\/Schuelersprecher-768x619.jpg 768w, https:\/\/cvo.hamburg.de\/wp-content\/uploads\/sites\/31\/2025\/10\/Schuelersprecher-1536x1239.jpg 1536w, https:\/\/cvo.hamburg.de\/wp-content\/uploads\/sites\/31\/2025\/10\/Schuelersprecher-2048x1652.jpg 2048w\" sizes=\"auto, (max-width: 1024px) 100vw, 1024px\" \/><p id=\"caption-attachment-10523\" class=\"wp-caption-text\">Das sind die &#8222;CarOs&#8220;: Taro, Zoe, Michel, Avesta, Levi und Mathilda.<\/p><\/div>\n<p>Die zentralen Themen des Teams sind dieses Jahr eine bessere Organisation der Schulsprecherwahl durch die Einf\u00fchrung einer Wahlordnung. Au\u00dferdem m\u00f6chten die sechs an den Erfolg des Unterstufen Fu\u00dfballturniers ankn\u00fcpfen und das Turnier in diesem Schuljahr auf die Mittelstufe ausweiten. Und f\u00fcr viele Sch\u00fclerInnen am wichtigsten: ein erneuter Schulausflug ins UCI Mundsburg.<\/p>\n<p>Wir w\u00fcnschen viel Erfolg und ein gl\u00fcckliches H\u00e4ndchen!<\/p>\n<p><em>Foto: L. Hambach<\/em><\/p>\n<p>&nbsp;<\/p>\n<p>&nbsp;<\/p>\n","protected":false},"excerpt":{"rendered":"<p>Die Sch\u00fclerschaft des CvO wird durch das Schulsprecherteam vertreten. Die gew\u00e4hlten Vertreter setzen sich engagiert f\u00fcr die Belange ihrer Mitsch\u00fcler ein und haben schon einige aufsehenerregende Aktionen ins Leben gerufen. Die zentralen Themen des&#46;&#46;&#46;<\/p>\n","protected":false},"author":44,"featured_media":0,"parent":0,"menu_order":0,"comment_status":"closed","ping_status":"closed","template":"","meta":{"_acf_changed":false,"footnotes":""},"class_list":["post-359","page","type-page","status-publish","hentry"],"acf":[],"_links":{"self":[{"href":"https:\/\/cvo.hamburg.de\/index.php?rest_route=\/wp\/v2\/pages\/359","targetHints":{"allow":["GET"]}}],"collection":[{"href":"https:\/\/cvo.hamburg.de\/index.php?rest_route=\/wp\/v2\/pages"}],"about":[{"href":"https:\/\/cvo.hamburg.de\/index.php?rest_route=\/wp\/v2\/types\/page"}],"author":[{"embeddable":true,"href":"https:\/\/cvo.hamburg.de\/index.php?rest_route=\/wp\/v2\/users\/44"}],"replies":[{"embeddable":true,"href":"https:\/\/cvo.hamburg.de\/index.php?rest_route=%2Fwp%2Fv2%2Fcomments&post=359"}],"version-history":[{"count":20,"href":"https:\/\/cvo.hamburg.de\/index.php?rest_route=\/wp\/v2\/pages\/359\/revisions"}],"predecessor-version":[{"id":10548,"href":"https:\/\/cvo.hamburg.de\/index.php?rest_route=\/wp\/v2\/pages\/359\/revisions\/10548"}],"wp:attachment":[{"href":"https:\/\/cvo.hamburg.de\/index.php?rest_route=%2Fwp%2Fv2%2Fmedia&parent=359"}],"curies":[{"name":"wp","href":"https:\/\/api.w.org\/{rel}","templated":true}]}}