{"id":3435,"date":"2018-09-11T12:17:14","date_gmt":"2018-09-11T10:17:14","guid":{"rendered":"https:\/\/cvo.hamburg.de\/?page_id=3435"},"modified":"2018-09-11T12:26:51","modified_gmt":"2018-09-11T10:26:51","slug":"sprachzertifikate","status":"publish","type":"page","link":"https:\/\/cvo.hamburg.de\/?page_id=3435","title":{"rendered":"Sprachzertifikate"},"content":{"rendered":"<p>Am Carl-von-Ossietzky-Gymnasium k\u00f6nnen in der Oberstufe folgende Sprachzertifikate erworben werden:<\/p>\n<ul>\n<li>Cambridge Certificate in Advanced English<\/li>\n<li>CertiLingua (europ\u00e4isches Exzellenzlabel)<\/li>\n<\/ul>\n<p><strong>&gt; Informationen zum Vorbereitungskurs auf das<br \/>\n<\/strong><strong><em>Cambridge Certificate in Advanced Englisch (CAE)<\/em><\/strong><\/p>\n<p><strong><em>\u00a0<\/em><\/strong>Oberstufensch\u00fclerinnen und \u2013sch\u00fclern mit guten und sehr guten Leistungen im Fach Englisch haben am Carl-von-Ossietzky-Gymnasium die M\u00f6glichkeit einen w\u00f6chentlich zweist\u00fcndigen \u201eCambridge-Kurs\u201c zu belegen. Dieser Kurs bereitet die Sch\u00fcler auf die Teilnahme an der Pr\u00fcfung f\u00fcr das <em>Cambridge Certificate in Advanced English<\/em>vor (Niveau C1 des Gemeinsamen europ\u00e4ischen\u00a0Referenzrahmens f\u00fcr Sprachen). Es macht sich nicht nur gut im Lebenslauf, sondern berechtigt dar\u00fcber hinaus zum Studium in vielen englischsprachigen L\u00e4ndern.\u00a0Angeboten wird der Kurs vorrangig f\u00fcr Sch\u00fclerinnen und Sch\u00fcler des 11. Jahrgangs, die Teilnahme von Sch\u00fclerinnen und Sch\u00fcler des 12. Jahrgangs ist aber auch m\u00f6glich. Hierbei sollte jedoch beachtet werden, dass die Pr\u00fcfungstermine entweder im Mai oder Juni, also parallel zu den Abiturpr\u00fcfungen liegen.<\/p>\n<p>&nbsp;<\/p>\n<p><strong>&gt; CertiLingua (europ\u00e4isches Exzellenzlabel)\u00a0<a href=\"https:\/\/cvo.hamburg.de\/wp-content\/uploads\/sites\/31\/2018\/09\/Bildschirmfoto-2018-09-11-um-12.21.42.png\" data-rel=\"lightbox\" data-rl_title=\"\" data-rl_caption=\"\" title=\"\"><img loading=\"lazy\" decoding=\"async\" class=\"wp-image-3437 alignleft\" src=\"https:\/\/cvo.hamburg.de\/wp-content\/uploads\/sites\/31\/2018\/09\/Bildschirmfoto-2018-09-11-um-12.21.42.png\" alt=\"\" width=\"112\" height=\"113\" srcset=\"https:\/\/cvo.hamburg.de\/wp-content\/uploads\/sites\/31\/2018\/09\/Bildschirmfoto-2018-09-11-um-12.21.42.png 246w, https:\/\/cvo.hamburg.de\/wp-content\/uploads\/sites\/31\/2018\/09\/Bildschirmfoto-2018-09-11-um-12.21.42-150x150.png 150w, https:\/\/cvo.hamburg.de\/wp-content\/uploads\/sites\/31\/2018\/09\/Bildschirmfoto-2018-09-11-um-12.21.42-60x60.png 60w\" sizes=\"auto, (max-width: 112px) 100vw, 112px\" \/><\/a><\/strong><\/p>\n<p>Aufgrund unseres umfangreichen und vielf\u00e4ltigen Angebots im Bereich des interkulturellen Lernens und\u00a0 der Fremdsprachen ist das CvO als eines von wenigen Hamburger Gymnasien als <em>CertiLingua\u00a0<\/em>Schule ausgew\u00e4hlt worden. Ab dem Schuljahr 2018\/2019 k\u00f6nnen Sch\u00fclerinnen und Sch\u00fcler des CvO mit dem Abitur das <em>CertiLingua\u00a0<\/em>erwerben. Das <em>CertiLingua\u00a0<\/em>ist ein europ\u00e4isches Exzellenzlabel, das herausragende sprachliche, europ\u00e4ische und interkulturelle Kompetenzen von Sch\u00fclerinnen und Sch\u00fclern auszeichnet.<\/p>\n<p>Voraussetzung daf\u00fcr ist die zweij\u00e4hrige Kursarbeit im bilingualen Profil <em>Crossing Borders<\/em>, bei der neben der englischen Sprache interkulturelles Lernen und internationale Themen im Mittelpunkt stehen. Sch\u00fclerinnen und Sch\u00fcler, die das <em>CertiLingua\u00a0<\/em>erwerben m\u00f6chten, f\u00fchren neben der Arbeit im Profil zwei moderne Fremdsprachen (etwa Spanisch und Englisch oder Spanisch und Franz\u00f6sisch) erfolgreich bis zum Abitur fort. Die in der Schule erworbenen interkulturellen und fremdsprachlichen Kompetenzen werden in einem selbstst\u00e4ndig durchgef\u00fchrten und dokumentierten, mehrt\u00e4gigen Begegnungsprojekt im Ausland angewandt und vertieft. In Hinblick auf eine zunehmend international gepr\u00e4gte Arbeits- und Lebenswelt bietet das <em>CertiLingua\u00a0<\/em>jungen Menschen eine optimale Vorbereitung und hervorragende Perspektiven.<\/p>\n","protected":false},"excerpt":{"rendered":"<p>Am Carl-von-Ossietzky-Gymnasium k\u00f6nnen in der Oberstufe folgende Sprachzertifikate erworben werden: Cambridge Certificate in Advanced English CertiLingua (europ\u00e4isches Exzellenzlabel) &gt; Informationen zum Vorbereitungskurs auf das Cambridge Certificate in Advanced Englisch (CAE) \u00a0Oberstufensch\u00fclerinnen und \u2013sch\u00fclern mit&#46;&#46;&#46;<\/p>\n","protected":false},"author":728,"featured_media":0,"parent":0,"menu_order":0,"comment_status":"closed","ping_status":"closed","template":"","meta":{"_acf_changed":false,"footnotes":""},"class_list":["post-3435","page","type-page","status-publish","hentry"],"acf":[],"_links":{"self":[{"href":"https:\/\/cvo.hamburg.de\/index.php?rest_route=\/wp\/v2\/pages\/3435","targetHints":{"allow":["GET"]}}],"collection":[{"href":"https:\/\/cvo.hamburg.de\/index.php?rest_route=\/wp\/v2\/pages"}],"about":[{"href":"https:\/\/cvo.hamburg.de\/index.php?rest_route=\/wp\/v2\/types\/page"}],"author":[{"embeddable":true,"href":"https:\/\/cvo.hamburg.de\/index.php?rest_route=\/wp\/v2\/users\/728"}],"replies":[{"embeddable":true,"href":"https:\/\/cvo.hamburg.de\/index.php?rest_route=%2Fwp%2Fv2%2Fcomments&post=3435"}],"version-history":[{"count":1,"href":"https:\/\/cvo.hamburg.de\/index.php?rest_route=\/wp\/v2\/pages\/3435\/revisions"}],"predecessor-version":[{"id":3436,"href":"https:\/\/cvo.hamburg.de\/index.php?rest_route=\/wp\/v2\/pages\/3435\/revisions\/3436"}],"wp:attachment":[{"href":"https:\/\/cvo.hamburg.de\/index.php?rest_route=%2Fwp%2Fv2%2Fmedia&parent=3435"}],"curies":[{"name":"wp","href":"https:\/\/api.w.org\/{rel}","templated":true}]}}