{"id":3183,"date":"2018-03-01T14:25:28","date_gmt":"2018-03-01T13:25:28","guid":{"rendered":"http:\/\/cvo.hamburg.de\/?page_id=3183"},"modified":"2024-06-03T08:14:23","modified_gmt":"2024-06-03T06:14:23","slug":"aktivitaetskonzept-2017-2019","status":"publish","type":"page","link":"https:\/\/cvo.hamburg.de\/?page_id=3183","title":{"rendered":"Aktivit\u00e4tskonzept 2024"},"content":{"rendered":"<div class=\"page\" title=\"Page 1\">\n<div class=\"layoutArea\">\n<div class=\"column\">\n<h4>Unterrichtsverabredungen und Projekte im Sinne unserer Mitgliedschaft im Netzwerk der Club-of-Rome-Schulen<\/h4>\n<p><em><strong>Verabredungen zur Unterrichtsplanung<\/strong><\/em><\/p>\n<ul style=\"list-style-type: disc\">\n<li>Selbstgesteuertes Lernen in Progress<br \/>\no Konferenzen<br \/>\no LMS<br \/>\no Verabredungen<\/li>\n<li>Auf den p\u00e4dagogischen Fachkonferenzen zu Beginn des Schuljahres wird festgelegt, welches der Themen aus unserem f\u00fcr alle Jahrgangsstufen vorhandenen Club of Rome Curriculum im folgenden Schuljahr behandelt wird \u2013 und in welchem Fach<\/li>\n<li>Ideensammlung zum jeweiligen Jahres-SDG<\/li>\n<\/ul>\n<p><em><strong>In den Unterricht \/ die Stundentafel eingebunden<\/strong><\/em><\/p>\n<ul>\n<li>Jahres-SDG \u2013 2023\/24 Live on Land \u2013 Kids des Schulteams mit Frau Schumacher bewerben die schulweite Vermittlung und Projekte zum jeweilige Jahres-SDG<\/li>\n<li>Projektwoche \u201eNachhaltigkeit\u201c\u2013 Nur mal kurz die Welt retten und Projektwoche \u201eHilfe f\u00fcr Afrika\u201c j\u00e4hrlich wechselnd f\u00fcr Klassen 9 und 10 jahrgangs\u00fcbergreifend in Wahlprojekten<\/li>\n<li>DH Sek 1 und Sek 2: Gelebte Demokratie im Service-Learning vor Ort, Projektideen k\u00f6nnen bei Schulbesuch vorgestellt werden\n<ul>\n<li>Diverse soziale und \u00f6kologische Projekte im Sinne der SDG werden laufend von Sch\u00fcler*innen in den Kursen Demokratisch Handeln Sek 1 und 2 erdacht, entwickelt \/ geplant und durchgef\u00fchrt. Nur einige Bsp.:<br \/>\n\u25aa &nbsp;Blutspenden am CvO 2020<br \/>\n\u25aa &nbsp;Nahrungsmittelsammlung schulweit f\u00fcr die Hamburger Tafel<br \/>\n\u25aa &nbsp;Stammzelltypisierung mit Informationsveranstaltung f\u00fcr S1 und 2<br \/>\n&nbsp; &nbsp; Wiederholung im zweij\u00e4hrigen Intervall angedacht<br \/>\n\u25aa &nbsp;Tombola beim Neujahrs-Cup zugunsten der Kanduyi Children e.V.<br \/>\n\u25aa &nbsp;Kleidersammlung f\u00fcr Obdachlose<\/li>\n<\/ul>\n<\/li>\n<li>Je ein Kurs \u201eHilfe f\u00fcr Afrika \u2013 unsere Partnerschule in Tansania\u201c in der Mittel- und Oberstufe. Diese Kurse unterst\u00fctzen unter anderem die Sch\u00fcler unserer \u201eInternationalen Vorbereitungsklasse&#8220;<\/li>\n<li>WPKurse G\u00e4rtnern:\n<ul>\n<li>In der Mittelstufe vermitteln zwei Kurse \u201eSchulg\u00e4rtnern\u201c nachhaltiges G\u00e4rtnern und sichert die langfristige Pflege und Begleitung des Urban Gardening-Projektes \u201eEssbare Schule\u201c.<\/li>\n<li>Planung und Pflege der Schulgartenanlagen mit Obstanbau<\/li>\n<\/ul>\n<\/li>\n<\/ul>\n<\/div>\n<\/div>\n<\/div>\n<div class=\"page\" title=\"Page 2\">\n<div class=\"layoutArea\">\n<div class=\"column\">\n<p><em><strong>Was neben dem Unterricht l\u00e4uft:<\/strong><\/em><\/p>\n<ul>\n<li>\u201eTag f\u00fcr Afrika\u201c am 1. f\u00fcr Sch\u00fcler schulfreien Tag des m\u00fcndlichen Abiturs\u2013 vorbereitet und durchgef\u00fchrt Kurse \u201ePatenschaft in Tansania<\/li>\n<li>Flaschensammlungen f\u00fcr \u201eHilfe f\u00fcr Afrika\u201c<\/li>\n<li>Wiederkehrende soziale Projekte des Schulsprecherteams\n<ul>\n<li>Jugend gegen AIDS \u2013 Sammlung zum Welt-AIDS-Tago<\/li>\n<li>Backen gegen die soziale K\u00e4lte<\/li>\n<\/ul>\n<\/li>\n<\/ul>\n<p><em><strong>Lehrer (-fortbildung)<\/strong><\/em><\/p>\n<ul>\n<li>CvO Teil des Netzwerkes LDE- Lernen durch Engagement Hamburg [you:]sful \u2013 Lernen durch Engagement und Bundesweit Stiftung Lernen durch Engagement\n<ul>\n<li>Tool-Box der B\u00fcrgerstiftung kann eingesehen werden<\/li>\n<li>Mitgliedschaft kann erkl\u00e4rt werden<\/li>\n<\/ul>\n<\/li>\n<li>B\u00fcrgerstiftung Hamburg: SCHILF im Service-Learning f\u00fcr interessierte Lehrer*innen, um Sch\u00fcler*innen anders an Selbstverantwortung durch Selbstwirksamkeit heranzuf\u00fchren und ihre Haltung f\u00fcr Global Citizenship entwickeln zu lassen<\/li>\n<\/ul>\n<\/div>\n<\/div>\n<\/div>\n<p>&nbsp;<\/p>\n","protected":false},"excerpt":{"rendered":"<p>Unterrichtsverabredungen und Projekte im Sinne unserer Mitgliedschaft im Netzwerk der Club-of-Rome-Schulen Verabredungen zur Unterrichtsplanung Selbstgesteuertes Lernen in Progress o Konferenzen o LMS o Verabredungen Auf den p\u00e4dagogischen Fachkonferenzen zu Beginn des Schuljahres wird festgelegt,&#46;&#46;&#46;<\/p>\n","protected":false},"author":728,"featured_media":0,"parent":0,"menu_order":0,"comment_status":"closed","ping_status":"closed","template":"","meta":{"_acf_changed":false,"footnotes":""},"class_list":["post-3183","page","type-page","status-publish","hentry"],"acf":[],"_links":{"self":[{"href":"https:\/\/cvo.hamburg.de\/index.php?rest_route=\/wp\/v2\/pages\/3183","targetHints":{"allow":["GET"]}}],"collection":[{"href":"https:\/\/cvo.hamburg.de\/index.php?rest_route=\/wp\/v2\/pages"}],"about":[{"href":"https:\/\/cvo.hamburg.de\/index.php?rest_route=\/wp\/v2\/types\/page"}],"author":[{"embeddable":true,"href":"https:\/\/cvo.hamburg.de\/index.php?rest_route=\/wp\/v2\/users\/728"}],"replies":[{"embeddable":true,"href":"https:\/\/cvo.hamburg.de\/index.php?rest_route=%2Fwp%2Fv2%2Fcomments&post=3183"}],"version-history":[{"count":10,"href":"https:\/\/cvo.hamburg.de\/index.php?rest_route=\/wp\/v2\/pages\/3183\/revisions"}],"predecessor-version":[{"id":9309,"href":"https:\/\/cvo.hamburg.de\/index.php?rest_route=\/wp\/v2\/pages\/3183\/revisions\/9309"}],"wp:attachment":[{"href":"https:\/\/cvo.hamburg.de\/index.php?rest_route=%2Fwp%2Fv2%2Fmedia&parent=3183"}],"curies":[{"name":"wp","href":"https:\/\/api.w.org\/{rel}","templated":true}]}}