{"id":2674,"date":"2017-04-05T16:16:38","date_gmt":"2017-04-05T14:16:38","guid":{"rendered":"http:\/\/cvo.hamburg.de\/?page_id=2674"},"modified":"2025-11-06T09:54:42","modified_gmt":"2025-11-06T08:54:42","slug":"musikkonzept-2","status":"publish","type":"page","link":"https:\/\/cvo.hamburg.de\/?page_id=2674","title":{"rendered":"Musikkonzept Primus"},"content":{"rendered":"<h3><span style=\"color: #e88f13\">Musik mit Kopf, Herz und Hand<\/span><\/h3>\n<p>Am CvO liegt der Schwerpunkt des Musikunterrichts in den Klassen 5 und 6 auf dem praktischen Musizieren. Mit dem Musizieren wird den Sch\u00fclerinnen und Sch\u00fclern das Tor zur Welt der Musik ge\u00f6ffnet. Sie haben damit Zugang zu den vielf\u00e4ltigen musikalischen und kulturellen Angeboten am CvO bis zum Abitur. Das gemeinsame Singen und Musizieren macht zudem Spa\u00df und unterst\u00fctzt eine umfassende Pers\u00f6nlichkeitsbildung auf vielf\u00e4ltige Weise:<\/p>\n<ul>\n<li>Musizieren f\u00f6rdert die Konzentrationsf\u00e4higkeit, was die Grundlage f\u00fcr ein erfolgreiches lebenslanges Lernen ist.<\/li>\n<li>Es st\u00e4rkt das Selbstbewusstsein, indem sich jedes Kind als wertvoller Teil eines Ganzen erf\u00e4hrt.<\/li>\n<li>Durch das klassen\u00fcbergreifende gemeinsame Musizieren wird die soziale Kompetenz der Einzelnen gef\u00f6rdert und ein Gemeinschaftsgef\u00fchl innerhalb des Jahrgangs unterst\u00fctzt.<\/li>\n<\/ul>\n<div class=\"page\" title=\"Page 2\">\n<div class=\"section\">\n<div class=\"layoutArea\">\n<div class=\"column\">\n<p>F\u00fcr die Organisation unseres Musikkonzepts wurde 2011 der gemeinn\u00fctzige Verein <strong>Primus e.V.<\/strong> gegr\u00fcndet, so dass jedem Kind, unabh\u00e4ngig von der finanziellen Situation des Elternhauses, das Erlernen eines Musikinstrumentes erm\u00f6glicht wird. Eine&nbsp;der beiden Musikstunden in Jahrgang 5 und 6 ist daher eine musikpraktische Stunde, f\u00fcr die Ihr Kind eine der folgenden \u201eGro\u00dfgruppen\u201c w\u00e4hlt:<\/p>\n<\/div>\n<\/div>\n<\/div>\n<\/div>\n<p>&nbsp;<\/p>\n<table class=\" aligncenter\" style=\"height: 944px;width: 80.69462347064552%;border-color: #000000\">\n<tbody>\n<tr style=\"height: 96px\">\n<td style=\"background-color: #bfd8e3;width: 50.115074798619105%;height: 96px\" width=\"697\">\n<p style=\"text-align: center\"><strong>&nbsp;<\/strong><span style=\"font-size: 14pt\"><strong>Ihr Kind erlernt ein&nbsp;<u>neues Instrument<\/u><\/strong><\/span><\/p>\n<ul>\n<li style=\"text-align: left\"><span style=\"font-size: 14pt\">eine zus\u00e4tzliche <u>3. Musikstunde<\/u> am Nachmittag<\/span><\/li>\n<li style=\"text-align: left\"><span style=\"font-size: 14pt\"><u>kostenpflichtig<\/u><\/span><\/li>\n<\/ul>\n<\/td>\n<td style=\"background-color: #e3e3bf;width: 71.21786550420335%\">\n<p style=\"text-align: center\"><strong><span style=\"font-size: 14pt\">Ihr Kind erlernt&nbsp;<u>kein<\/u> neues Instrument, sondern w\u00e4hlt eine der u.g. Gruppen<\/span><\/strong><\/p>\n<ul>\n<li style=\"text-align: left\"><span style=\"font-size: 14pt\"><u>keine<\/u> zus\u00e4tzliche Musikstunde<\/span><\/li>\n<li style=\"text-align: left\"><span style=\"font-size: 14pt\"><u>keine<\/u><\/span><span style=\"font-size: 14pt\"> Kosten&nbsp;&nbsp;<\/span><\/li>\n<\/ul>\n<\/td>\n<\/tr>\n<tr style=\"height: 160px\">\n<td style=\"width: 50.115074798619105%;height: 160px;background-color: #fafafa\" width=\"697\">\n<p style=\"text-align: center\"><strong><u>Blasinstrumente:<\/u><\/strong><\/p>\n<p style=\"text-align: center\"><strong>Querfl\u00f6te,&nbsp;Klarinette, Saxophon,<br \/>\n<\/strong><strong>Trompete&nbsp;und&nbsp;Posaune<\/strong><\/p>\n<p style=\"text-align: center\">39 \u20ac monatlich inkl. Leihinstrument<br \/>\nab SJ 2026\/27: 43 \u20ac<\/p>\n<\/td>\n<td style=\"width: 71.21786550420335%;background-color: #f7f7f2\">\n<p style=\"text-align: center\"><strong>&nbsp;<\/strong><strong>Rhythmusgruppe<\/strong><\/p>\n<p style=\"text-align: center\">keine Voraussetzungen<\/p>\n<div class=\"page\" title=\"Page 2\">\n<div class=\"section\">\n<div class=\"layoutArea\">\n<div class=\"column\">\n<p>Alle Kinder der <u>Sportklasse<\/u> haben eine Doppelstunde Musik (Theorie und Praxis) im Klassenverband. Auf besonderen Wunsch kann alternativ ein Instrument erlernt werden.<\/p>\n<\/div>\n<\/div>\n<\/div>\n<\/div>\n<\/td>\n<\/tr>\n<tr style=\"height: 136px\">\n<td style=\"width: 50.115074798619105%;height: 136px;background-color: #fafafa\" width=\"697\">\n<p style=\"text-align: center\"><strong><u>Streichinstrumente:<\/u><\/strong><\/p>\n<p style=\"text-align: center\"><strong>Geige, Bratsche, Cello,&nbsp;<\/strong><b>Kontrabass<\/b><\/p>\n<p style=\"text-align: center\">39 \u20ac monatlich inkl. Leihinstrument<br \/>\nab SJ 2026\/27: 43 \u20ac<\/p>\n<\/td>\n<td style=\"width: 71.21786550420335%;background-color: #f7f7f2\">\n<p style=\"text-align: center\"><strong>&nbsp;Orchester oder Gitarren AG<br \/>\n<\/strong>Voraussetzung: Ihr Kind spielt schon ein entsprechendes Instrument und hat Privatunterricht<\/p>\n<\/td>\n<\/tr>\n<tr style=\"height: 96px\">\n<td style=\"width: 50.115074798619105%;height: 96px;background-color: #fafafa\" width=\"697\">\n<p style=\"text-align: center\"><strong>Gitarre<\/strong><\/p>\n<p style=\"text-align: center\">29 \u20ac monatlich, Instrument muss angeschafft werden<br \/>\nab SJ 2026\/27: 33 \u20ac<\/p>\n<\/td>\n<td style=\"width: 71.21786550420335%;background-color: #f7f7f2\">\n<p style=\"text-align: center\"><strong>&nbsp;<\/strong><\/p>\n<\/td>\n<\/tr>\n<tr style=\"height: 96px\">\n<td style=\"width: 50.115074798619105%;height: 96px;background-color: #fafafa\" width=\"697\">\n<p style=\"text-align: center\"><strong>&nbsp;<\/strong><strong>Keyboard<\/strong><\/p>\n<p style=\"text-align: center\">29 \u20ac monatlich, Instrument muss angeschafft werden<br \/>\nab SJ 2026\/27: 33 \u20ac<\/p>\n<\/td>\n<td style=\"width: 71.21786550420335%;background-color: #f7f7f2\">\n<p style=\"text-align: center\"><strong>&nbsp;<\/strong><\/p>\n<\/td>\n<\/tr>\n<tr style=\"height: 96px\">\n<td style=\"width: 50.115074798619105%;height: 96px;background-color: #fafafa\" width=\"697\">\n<p style=\"text-align: center\"><strong>&nbsp;<\/strong><strong>Musical<\/strong><\/p>\n<p style=\"text-align: center\"><strong>&nbsp;<\/strong>29 \u20ac monatlich<br \/>\nab SJ 2026\/27: 33 \u20ac<\/p>\n<\/td>\n<td style=\"width: 71.21786550420335%;background-color: #f7f7f2\">\n<p style=\"text-align: center\"><strong>&nbsp;<\/strong><\/p>\n<\/td>\n<\/tr>\n<\/tbody>\n<\/table>\n<p>Die zweite Musikstunde findet als normaler Musikunterricht im Klassenverband statt.<br \/>\nIn der zus\u00e4tzlichen Kleingruppenstunde am Nachmittag mit 4-6 Kindern wird die spezifische Technik des Instrumentes erlernt. Wenn Ihr Kind ein neues Instrument im Rahmen des Musikkonzeptes erlernt und\/oder ein Instrument gestellt bekommen soll, treten Sie f\u00fcr zwei Jahre dem Verein \u201ePrimus\u201c bei und entrichten den entsprechenden Vereinsbeitrag.<\/p>\n<p>\u21d2 Download: Unsere Brosch\u00fcre zum Musikkonzept finden Sie <a href=\"https:\/\/cvo.hamburg.de\/wp-content\/uploads\/sites\/31\/2025\/11\/cvo_broschuere_musikkonzept_2025_2_ohneB_booklet_hp.pdf\" target=\"_blank\" rel=\"noopener\">hier<\/a>&nbsp;<\/p>\n<p><strong>Alle Informationen zu Organisation und Wahlm\u00f6glichkeiten finden Sie unter <a href=\"http:\/\/www.primus-cvo.de\/\">www.primus-cvo.de<\/a><br \/>\nBei Fragen kontaktieren Sie gerne Frau Brandt-Wille.<\/strong><br \/>\n<strong>E-Mail: primus.cvo@cvo.hamburg.de<br \/>\n<\/strong><\/p>\n<p>&nbsp;<\/p>\n<p style=\"padding-left: 40px\"><em><strong><img loading=\"lazy\" decoding=\"async\" class=\"alignleft size-full wp-image-2525\" src=\"https:\/\/cvo.hamburg.de\/wp-content\/uploads\/sites\/31\/2014\/05\/Hbger-Bildungspreis.jpg\" alt=\"\" width=\"100\" height=\"85\">F\u00fcr unser Musikkonzept in den Jahrg\u00e4ngen 5 und 6 hat das CvO 2016 den Hamburger Bildungspreis erhalten. Nach der Auszeichnung f\u00fcr den Rock-Pop-Workshop im Jahr 2013 erh\u00e4lt das CvO damit bereits zum zweiten Mal den Hamburger Bildungspreis f\u00fcr sein besonderes musikalisches Bildungskonzept.<\/strong><\/em><\/p>\n","protected":false},"excerpt":{"rendered":"<p>Musik mit Kopf, Herz und Hand Am CvO liegt der Schwerpunkt des Musikunterrichts in den Klassen 5 und 6 auf dem praktischen Musizieren. Mit dem Musizieren wird den Sch\u00fclerinnen und Sch\u00fclern das Tor zur&#46;&#46;&#46;<\/p>\n","protected":false},"author":728,"featured_media":0,"parent":0,"menu_order":0,"comment_status":"closed","ping_status":"closed","template":"","meta":{"_acf_changed":false,"footnotes":""},"class_list":["post-2674","page","type-page","status-publish","hentry"],"acf":[],"_links":{"self":[{"href":"https:\/\/cvo.hamburg.de\/index.php?rest_route=\/wp\/v2\/pages\/2674","targetHints":{"allow":["GET"]}}],"collection":[{"href":"https:\/\/cvo.hamburg.de\/index.php?rest_route=\/wp\/v2\/pages"}],"about":[{"href":"https:\/\/cvo.hamburg.de\/index.php?rest_route=\/wp\/v2\/types\/page"}],"author":[{"embeddable":true,"href":"https:\/\/cvo.hamburg.de\/index.php?rest_route=\/wp\/v2\/users\/728"}],"replies":[{"embeddable":true,"href":"https:\/\/cvo.hamburg.de\/index.php?rest_route=%2Fwp%2Fv2%2Fcomments&post=2674"}],"version-history":[{"count":43,"href":"https:\/\/cvo.hamburg.de\/index.php?rest_route=\/wp\/v2\/pages\/2674\/revisions"}],"predecessor-version":[{"id":10575,"href":"https:\/\/cvo.hamburg.de\/index.php?rest_route=\/wp\/v2\/pages\/2674\/revisions\/10575"}],"wp:attachment":[{"href":"https:\/\/cvo.hamburg.de\/index.php?rest_route=%2Fwp%2Fv2%2Fmedia&parent=2674"}],"curies":[{"name":"wp","href":"https:\/\/api.w.org\/{rel}","templated":true}]}}