{"id":2668,"date":"2017-03-30T17:24:05","date_gmt":"2017-03-30T15:24:05","guid":{"rendered":"http:\/\/cvo.hamburg.de\/?page_id=2668"},"modified":"2017-05-29T12:10:39","modified_gmt":"2017-05-29T10:10:39","slug":"carl-von-ossietzky","status":"publish","type":"page","link":"https:\/\/cvo.hamburg.de\/?page_id=2668","title":{"rendered":"Carl von Ossietzky"},"content":{"rendered":"<p style=\"padding-left: 30px\"><em>\u201eEurop\u00e4ische Friedenspolitik lebt aus dem Geist der Geschichte. (\u2026) Mit seiner scharfen Feder stritt Carl von Ossietzky gegen Militarismus und Nationalismus. (\u2026) Er w\u00e4re gewiss auch darin mit uns einig, dass es auf unsere Jugend und die unserer Nachbarv\u00f6lker ankommt, den Zusammenschluss der V\u00f6lker Europas weiter voranzubringen, als es uns Alten gelungen ist.\u201c<\/em><br \/>\n<strong><em>\u2028\u2028Willy Brandt: Gedanken eines Zeitzeugen, 1990<\/em><\/strong><\/p>\n<p>Unsere Schule gab sich offiziell am 1. September 1984 ihren heutigen Namen. Dies geschah nicht zuletzt aus dem Wissen heraus, dass die Werte, f\u00fcr die Carl von Ossietzky steht, eben jene Werte sind, die wir f\u00fcr zentral halten: Zivilcourage, Anti-Militarismus, Demokratie, Freiheit, Rechtsstaatlichkeit, Toleranz, Gerechtigkeit, Solidarit\u00e4t und den Kampf f\u00fcr die Menschenrechte. Diesen Werten f\u00fchlen wir uns am Carl-von-Ossietzky-Gymnasium in besonderem Ma\u00dfe verpflichtet; sie sind daher Grunds\u00e4tze unseres Leitbildes, die aktiv im Schulalltag umgesetzt und gelebt werden.<\/p>\n<h5>Kurzbiografie Carl von Ossietzky<\/h5>\n<p>Der Publizist und Friedensnobelpreistr\u00e4ger Carl von Ossietzky wurde am 3. Oktober 1889 in Hamburg geboren. Seit 1911 war Ossietzky f\u00fcr verschiedene Zeitungen t\u00e4tig bevor er 1927 Chefredakteur und Herausgeber der \u201eWeltb\u00fchne&#8220; wurde, f\u00fcr die auch Kurt Tucholsky arbeitete. Ossietzky wurde einer der bedeutendsten Publizisten der Weimarer Republik, in seinen Leitartikeln wendete er sich gegen die Aush\u00f6hlung der Verfassung und kritisierte die Parteienpolitik. Nach einem Artikel \u00fcber die geheime Aufr\u00fcstung der Reichswehr wurde er 1931 in einem aufsehenerregenden Proze\u00df wegen Verrats milit\u00e4rischer Geheimnisse zu 18 Monaten Haft verurteilt, 1932 jedoch aufgrund einer Weihnachtsamnestie vorzeitig freigelassen. Nach der Macht\u00fcbernahme der Nationalsozialisten lehnte Ossietzky die Flucht ins Ausland ab. In der Nacht des Reichstagsbrands wurde der engagierte Pazifist und Demokrat von der Geheimen Staatspolizei (Gestapo) festgenommen und gefoltert und kurz darauf, im April 1933, in einem Konzentrationslager inhaftiert. Freunde und Weggef\u00e4hrten starteten daraufhin 1934 eine Kampagne zur Ehrung Ossietzkys mit dem Friedensnobelpreis. Aufgrund dieser internationalen Kampagne, die in Norwegen der deutsche Immigrant Willy Brandt organisierte, wurde der schwer an Tuberkulose erkrankte Ossietzky am 7. November 1936 in das Staatskrankenhaus der Polizei in Berlin eingeliefert. Am 23. November wurde Ossietzky der Friedensnobelpreis r\u00fcckwirkend f\u00fcr das Jahr 1935 zuerkannt. Die Annahme des Nobelpreises und des Preisgeldes wurde ihm zwar erlaubt, nicht aber die Entgegennahme des Preises in Oslo. Die Preisverleihung fand ohne Ossietzky statt. Am 4. Mai 1938 stirbt Carl von Ossietzky im Berliner Krankenhaus Nordend an den Folgen der schweren Misshandlung und der Tuberkulose\u00b9.<\/p>\n<p><span style=\"color: #ff6600\">__________________________________<\/span><\/p>\n<p><em><span style=\"font-size: 10pt\">Quellen: \u2028LeMO \u2013 Lebendiges Museum Online (Kooperationsprojekt der Stiftung Deutsches Historisches Museum, der Stiftung Haus der Geschichte der Bundesrepublik Deutschland und des Bundesarchivs),\u2028https:\/\/www.dhm.de\/lemo<\/span><\/em><br \/>\n<em><span style=\"font-size: 10pt\">Wikipedia, Carl von Ossietzky, https:\/\/de.wikipedia.org\/wiki\/Carl_von_Ossietzky (Stand 23.3.1017)<\/span><\/em><\/p>\n","protected":false},"excerpt":{"rendered":"<p>\u201eEurop\u00e4ische Friedenspolitik lebt aus dem Geist der Geschichte. (\u2026) Mit seiner scharfen Feder stritt Carl von Ossietzky gegen Militarismus und Nationalismus. (\u2026) Er w\u00e4re gewiss auch darin mit uns einig, dass es auf unsere&#46;&#46;&#46;<\/p>\n","protected":false},"author":728,"featured_media":0,"parent":0,"menu_order":0,"comment_status":"closed","ping_status":"closed","template":"","meta":{"_acf_changed":false,"footnotes":""},"class_list":["post-2668","page","type-page","status-publish","hentry"],"acf":[],"_links":{"self":[{"href":"https:\/\/cvo.hamburg.de\/index.php?rest_route=\/wp\/v2\/pages\/2668","targetHints":{"allow":["GET"]}}],"collection":[{"href":"https:\/\/cvo.hamburg.de\/index.php?rest_route=\/wp\/v2\/pages"}],"about":[{"href":"https:\/\/cvo.hamburg.de\/index.php?rest_route=\/wp\/v2\/types\/page"}],"author":[{"embeddable":true,"href":"https:\/\/cvo.hamburg.de\/index.php?rest_route=\/wp\/v2\/users\/728"}],"replies":[{"embeddable":true,"href":"https:\/\/cvo.hamburg.de\/index.php?rest_route=%2Fwp%2Fv2%2Fcomments&post=2668"}],"version-history":[{"count":0,"href":"https:\/\/cvo.hamburg.de\/index.php?rest_route=\/wp\/v2\/pages\/2668\/revisions"}],"wp:attachment":[{"href":"https:\/\/cvo.hamburg.de\/index.php?rest_route=%2Fwp%2Fv2%2Fmedia&parent=2668"}],"curies":[{"name":"wp","href":"https:\/\/api.w.org\/{rel}","templated":true}]}}