{"id":2653,"date":"2017-03-20T11:00:55","date_gmt":"2017-03-20T10:00:55","guid":{"rendered":"http:\/\/cvo.hamburg.de\/?page_id=2653"},"modified":"2021-11-18T15:38:31","modified_gmt":"2021-11-18T14:38:31","slug":"wp-5-biologie-physik","status":"publish","type":"page","link":"https:\/\/cvo.hamburg.de\/?page_id=2653","title":{"rendered":"WP 5: Biologie \/ Physik"},"content":{"rendered":"<p>Das Angebot der Profilorientierungskurse erh\u00f6ht das Stundenkontingent der Sch\u00fcler*innen um 90 Minuten. Diese Zeit wird durch die Wahl zwischen Physik und Biologie im zweiten Halbjahr der 10. Klasse wieder ausgeglichen. In Hinblick auf die Oberstufe, die beide F\u00e4cher profilgebend anbietet, ist zudem eine deutlichere Spezialisierung der Sch\u00fcler*innen m\u00f6glich.<\/p>\n<p><strong>Biologie<\/strong><br \/>\n<em>Inhalte<\/em><\/p>\n<ul>\n<li>Vertiefung des ersten Halbjahres: Zytologie II<\/li>\n<li>Bau\/Funktion von Zellorganellen, Biomembranen<\/li>\n<li>Fakultativ: Bakterien, Hefen, Lebensmittelherstellung, Hormone, Empf\u00e4ngnisverh\u00fctung, Evolution<\/li>\n<\/ul>\n<p><strong>Physik<\/strong><br \/>\n<em>Inhalte<\/em><\/p>\n<ul>\n<li>Mechanik<br \/>\nUntersuchung und Beschreibung von Bewegungen\u2028Kraftbegriff, Zusammenhang zwischen Kraft und Beschleunigung\u2028Mechanische Energieformen\u2028Anwendung der mechanischen Gesetzm\u00e4\u00dfigkeiten (z.B. in den Bereichen Verkehr und Sport)<\/li>\n<li>Ausblick: \u201eModerne Physik\u201c<br \/>\nGrundlagen der Relativit\u00e4tstheorie und relativistische Probleme<\/li>\n<\/ul>\n","protected":false},"excerpt":{"rendered":"<p>Das Angebot der Profilorientierungskurse erh\u00f6ht das Stundenkontingent der Sch\u00fcler*innen um 90 Minuten. Diese Zeit wird durch die Wahl zwischen Physik und Biologie im zweiten Halbjahr der 10. Klasse wieder ausgeglichen. In Hinblick auf die&#46;&#46;&#46;<\/p>\n","protected":false},"author":728,"featured_media":0,"parent":0,"menu_order":0,"comment_status":"closed","ping_status":"closed","template":"","meta":{"_acf_changed":false,"footnotes":""},"class_list":["post-2653","page","type-page","status-publish","hentry"],"acf":[],"_links":{"self":[{"href":"https:\/\/cvo.hamburg.de\/index.php?rest_route=\/wp\/v2\/pages\/2653","targetHints":{"allow":["GET"]}}],"collection":[{"href":"https:\/\/cvo.hamburg.de\/index.php?rest_route=\/wp\/v2\/pages"}],"about":[{"href":"https:\/\/cvo.hamburg.de\/index.php?rest_route=\/wp\/v2\/types\/page"}],"author":[{"embeddable":true,"href":"https:\/\/cvo.hamburg.de\/index.php?rest_route=\/wp\/v2\/users\/728"}],"replies":[{"embeddable":true,"href":"https:\/\/cvo.hamburg.de\/index.php?rest_route=%2Fwp%2Fv2%2Fcomments&post=2653"}],"version-history":[{"count":1,"href":"https:\/\/cvo.hamburg.de\/index.php?rest_route=\/wp\/v2\/pages\/2653\/revisions"}],"predecessor-version":[{"id":6008,"href":"https:\/\/cvo.hamburg.de\/index.php?rest_route=\/wp\/v2\/pages\/2653\/revisions\/6008"}],"wp:attachment":[{"href":"https:\/\/cvo.hamburg.de\/index.php?rest_route=%2Fwp%2Fv2%2Fmedia&parent=2653"}],"curies":[{"name":"wp","href":"https:\/\/api.w.org\/{rel}","templated":true}]}}