{"id":2651,"date":"2017-03-20T10:56:42","date_gmt":"2017-03-20T09:56:42","guid":{"rendered":"http:\/\/cvo.hamburg.de\/?page_id=2651"},"modified":"2025-02-04T15:14:36","modified_gmt":"2025-02-04T14:14:36","slug":"wp-3-praxisorientierte-kurse","status":"publish","type":"page","link":"https:\/\/cvo.hamburg.de\/?page_id=2651","title":{"rendered":"WP 3: Praxisorientierte Kurse"},"content":{"rendered":"<h5>Angebot<\/h5>\n<p>Das CvO bietet einen umfassenden dritten Wahlpflichtbereich in der Mittelstufe mit einem genehmigten Schulcurriculum. In diesem Bereich wird \u00fcberwiegend praxisorientiert und auch jahrgangs\u00fcbergreifend unterrichtet. Er enth\u00e4lt frei w\u00e4hlbare Kurse in folgenden Bereichen:<\/p>\n<ul>\n<li>k\u00fcnstlerischer Bereich: musikpraktische Kurse, K\u00fcnstlerische Werkst\u00e4tten, Theater<\/li>\n<li>gesellschaftswissenschaftlicher Bereich: Amnesty International, Schulpartnerschaft, &nbsp;Geld und Leben<\/li>\n<li>naturwissenschaftlicher Bereich: G\u00e4rtnern am CvO, Klimakurs<\/li>\n<li>Informatik<\/li>\n<li>Sch\u00fclerzeitung OSSCAR<\/li>\n<li>Sch\u00fclerfirma McCarly<\/li>\n<\/ul>\n<p>Parallel zu diesen von den Sch\u00fcler*innen frei w\u00e4hlbaren Kursen wird eine spezielle<\/p>\n<ul>\n<li>Begabtenf\u00f6rderung Handball und Hockey angeboten (Teilnahme nach Sichtung)<\/li>\n<\/ul>\n<p><strong>\u2028Kursbeschreibung<\/strong><br \/>\nF\u00fcr die angebotenen Kurse gibt es ausf\u00fchrliche Kursbeschreibungen in denen Inhalte, vermittelte Kompetenzen und Bewertungsgrundlagen erl\u00e4utert werden. Diese sind ausf\u00fchrlich im <a href=\"https:\/\/cvo.hamburg.de\/wp-content\/uploads\/sites\/31\/2025\/02\/broschuere_curriculum_wp3_2025.pdf\" target=\"_blank\" rel=\"noopener noreferrer\">WP III Curriculum<\/a> zu finden.<\/p>\n<p>&nbsp;<\/p>\n","protected":false},"excerpt":{"rendered":"<p>Angebot Das CvO bietet einen umfassenden dritten Wahlpflichtbereich in der Mittelstufe mit einem genehmigten Schulcurriculum. In diesem Bereich wird \u00fcberwiegend praxisorientiert und auch jahrgangs\u00fcbergreifend unterrichtet. Er enth\u00e4lt frei w\u00e4hlbare Kurse in folgenden Bereichen: k\u00fcnstlerischer&#46;&#46;&#46;<\/p>\n","protected":false},"author":728,"featured_media":0,"parent":0,"menu_order":0,"comment_status":"closed","ping_status":"closed","template":"","meta":{"_acf_changed":false,"footnotes":""},"class_list":["post-2651","page","type-page","status-publish","hentry"],"acf":[],"_links":{"self":[{"href":"https:\/\/cvo.hamburg.de\/index.php?rest_route=\/wp\/v2\/pages\/2651","targetHints":{"allow":["GET"]}}],"collection":[{"href":"https:\/\/cvo.hamburg.de\/index.php?rest_route=\/wp\/v2\/pages"}],"about":[{"href":"https:\/\/cvo.hamburg.de\/index.php?rest_route=\/wp\/v2\/types\/page"}],"author":[{"embeddable":true,"href":"https:\/\/cvo.hamburg.de\/index.php?rest_route=\/wp\/v2\/users\/728"}],"replies":[{"embeddable":true,"href":"https:\/\/cvo.hamburg.de\/index.php?rest_route=%2Fwp%2Fv2%2Fcomments&post=2651"}],"version-history":[{"count":8,"href":"https:\/\/cvo.hamburg.de\/index.php?rest_route=\/wp\/v2\/pages\/2651\/revisions"}],"predecessor-version":[{"id":10034,"href":"https:\/\/cvo.hamburg.de\/index.php?rest_route=\/wp\/v2\/pages\/2651\/revisions\/10034"}],"wp:attachment":[{"href":"https:\/\/cvo.hamburg.de\/index.php?rest_route=%2Fwp%2Fv2%2Fmedia&parent=2651"}],"curies":[{"name":"wp","href":"https:\/\/api.w.org\/{rel}","templated":true}]}}