{"id":2649,"date":"2017-03-20T10:48:34","date_gmt":"2017-03-20T09:48:34","guid":{"rendered":"http:\/\/cvo.hamburg.de\/?page_id=2649"},"modified":"2017-03-20T10:50:14","modified_gmt":"2017-03-20T09:50:14","slug":"wp-2-kunst-musik","status":"publish","type":"page","link":"https:\/\/cvo.hamburg.de\/?page_id=2649","title":{"rendered":"WP 2: Kunst \/ Musik"},"content":{"rendered":"<p>Zwischen den F\u00e4chern Kunst und Musik kann erstmals f\u00fcr Klasse 9 gew\u00e4hlt werden. Die F\u00e4cher werden in Klasse 8 und 9 jeweils f\u00fcr ein halbes Jahr unterrichtet, in Klasse 10 ein ganzes Jahr.<\/p>\n<h5>Kunst<\/h5>\n<p><em><strong>\u2028Thema Klasse 9: Natur und Objekt<\/strong><\/em><br \/>\n<em>Inhalte<\/em><\/p>\n<ul>\n<li>Zeichnerisches und malerisches Naturstudium<\/li>\n<li>Material- und Objektcollage\/montage (z.B. Fundsachen)<\/li>\n<li>Alltagskultur \/ Design<\/li>\n<\/ul>\n<p><strong><em>Thema Klasse 10: Mensch und Raum<br \/>\n<\/em><\/strong><em>Inhalte<\/em><\/p>\n<ul>\n<li>Zeichnung, Grafik\/Malen, dreidimensionale Arbeiten (z.B. Plastik, Ton), Figurstudien<\/li>\n<li>Raumdarstellung, B\u00fchnen<\/li>\n<li>Architektur, Modelle<\/li>\n<\/ul>\n<h5><strong>Musik\u2028\u2028<\/strong><\/h5>\n<p><em><strong>Thema Klasse 9: Songwriting<\/strong><\/em><br \/>\n<em>Inhalte<\/em><\/p>\n<ul>\n<li>Kurzlehrgang zu Basiswissen<\/li>\n<li>Schreiben und Spielen eines eigenen Songs in Gruppen<\/li>\n<li>M\u00f6glichkeit Rhythmusinstrumente (Schlagzeug, Cajon, E-Bass, Keyboard) auf Basisniveau zu erlernen<\/li>\n<\/ul>\n<p>Schwerpunkt: Selbstst\u00e4ndiges Arbeiten<\/p>\n<p><em><strong>Thema Klasse 10: Filmmusik<\/strong><\/em><br \/>\n<em>Inhalte<\/em><\/p>\n<ul>\n<li>Filmmusikanalyse<\/li>\n<li>Filme selbst vertonen<\/li>\n<li>Originale und Bearbeitungen vergleichen (gegen\u00fcberstellende Analyse)<\/li>\n<li>Epochen\u00fcberblick<\/li>\n<\/ul>\n<p>Schwerpunkte<br \/>\n&#8211; Anschluss an Klasse 9 (Lied covern, ver\u00e4ndern etc.)<br \/>\n&#8211; Vorbereitung der Oberstufe<\/p>\n","protected":false},"excerpt":{"rendered":"<p>Zwischen den F\u00e4chern Kunst und Musik kann erstmals f\u00fcr Klasse 9 gew\u00e4hlt werden. Die F\u00e4cher werden in Klasse 8 und 9 jeweils f\u00fcr ein halbes Jahr unterrichtet, in Klasse 10 ein ganzes Jahr. Kunst&#46;&#46;&#46;<\/p>\n","protected":false},"author":728,"featured_media":0,"parent":0,"menu_order":0,"comment_status":"closed","ping_status":"closed","template":"","meta":{"_acf_changed":false,"footnotes":""},"class_list":["post-2649","page","type-page","status-publish","hentry"],"acf":[],"_links":{"self":[{"href":"https:\/\/cvo.hamburg.de\/index.php?rest_route=\/wp\/v2\/pages\/2649","targetHints":{"allow":["GET"]}}],"collection":[{"href":"https:\/\/cvo.hamburg.de\/index.php?rest_route=\/wp\/v2\/pages"}],"about":[{"href":"https:\/\/cvo.hamburg.de\/index.php?rest_route=\/wp\/v2\/types\/page"}],"author":[{"embeddable":true,"href":"https:\/\/cvo.hamburg.de\/index.php?rest_route=\/wp\/v2\/users\/728"}],"replies":[{"embeddable":true,"href":"https:\/\/cvo.hamburg.de\/index.php?rest_route=%2Fwp%2Fv2%2Fcomments&post=2649"}],"version-history":[{"count":1,"href":"https:\/\/cvo.hamburg.de\/index.php?rest_route=\/wp\/v2\/pages\/2649\/revisions"}],"predecessor-version":[{"id":2650,"href":"https:\/\/cvo.hamburg.de\/index.php?rest_route=\/wp\/v2\/pages\/2649\/revisions\/2650"}],"wp:attachment":[{"href":"https:\/\/cvo.hamburg.de\/index.php?rest_route=%2Fwp%2Fv2%2Fmedia&parent=2649"}],"curies":[{"name":"wp","href":"https:\/\/api.w.org\/{rel}","templated":true}]}}