{"id":2648,"date":"2017-03-20T10:42:38","date_gmt":"2017-03-20T09:42:38","guid":{"rendered":"http:\/\/cvo.hamburg.de\/?page_id=2648"},"modified":"2017-03-20T11:09:17","modified_gmt":"2017-03-20T10:09:17","slug":"wp-i-religion-philosophie","status":"publish","type":"page","link":"https:\/\/cvo.hamburg.de\/?page_id=2648","title":{"rendered":"WP 1: Religion \/ Philosophie"},"content":{"rendered":"<p>Nach dem verpflichtenden Religionsunterricht in den Jahrg\u00e4ngen 5 und 6 werden die F\u00e4cher Religion und Philosophie erstmals in Klasse 8 gew\u00e4hlt. Es kann in jedem Jahr umgew\u00e4hlt werden. In Klasse 8 werden die F\u00e4cher im zweiten Halbjahr unterrichtet, in Klasse 9 und 10 jeweils ein Jahr. Im Jahrgang 9 betreuen die F\u00e4cher das Sozialpraktikum.<\/p>\n<h6>Religion<\/h6>\n<p><em>\u2028Ziele<\/em><\/p>\n<ul>\n<li>Nachdenken \u00fcber Kriterien verantwortlichen Handelns<\/li>\n<li>Unterst\u00fctzung bei der Ausbildung religi\u00f6ser und weltanschaulicher \u00dcberzeugungen<\/li>\n<li>F\u00f6rderung der Identit\u00e4tsentwicklung<\/li>\n<li>St\u00e4rkung der interreligi\u00f6sen Dialogbereitschaft<\/li>\n<li>Bereitschaft f\u00fcr soziales Engagement (u.a. Sozialpraktikum)<\/li>\n<\/ul>\n<p><em>\u2028Inhalte<\/em><\/p>\n<ul>\n<li>Idole und Vorbilder<\/li>\n<li>Lehrer der Religionen<\/li>\n<li>Ma\u00dfst\u00e4be und Modelle f\u00fcr Gerechtigkeit<\/li>\n<li>Glaube und Naturwissenschaft<\/li>\n<li>Umgang mit Tod und Trauer<\/li>\n<\/ul>\n<h6>Philosophie<\/h6>\n<p><em>Ziele<\/em><\/p>\n<ul>\n<li>Schulung des Urteilsverm\u00f6gens<\/li>\n<li>Selbstst\u00e4ndig denken, Sachverhalte beurteilen und Entscheidungen treffen<\/li>\n<li>Erweiterung der Diskursf\u00e4higkeit (Diskurs = Problemer\u00f6rterung)<\/li>\n<li>Nachvollziehen von und Reflektieren \u00fcber Denkmodelle (bzw. zentrale philosophische Fragen) traditioneller und moderner Philosophen<\/li>\n<li>F\u00f6rderung der Identit\u00e4t und inneren Stabilit\u00e4t<\/li>\n<\/ul>\n<p><em>Inhalt<\/em><\/p>\n<ul>\n<li>Meinung und Wissen<\/li>\n<li>Deskription (Beschreibung) und Norm<\/li>\n<li>Philosophische Denkmodelle<\/li>\n<\/ul>\n","protected":false},"excerpt":{"rendered":"<p>Nach dem verpflichtenden Religionsunterricht in den Jahrg\u00e4ngen 5 und 6 werden die F\u00e4cher Religion und Philosophie erstmals in Klasse 8 gew\u00e4hlt. Es kann in jedem Jahr umgew\u00e4hlt werden. In Klasse 8 werden die F\u00e4cher&#46;&#46;&#46;<\/p>\n","protected":false},"author":728,"featured_media":0,"parent":0,"menu_order":0,"comment_status":"closed","ping_status":"closed","template":"","meta":{"_acf_changed":false,"footnotes":""},"class_list":["post-2648","page","type-page","status-publish","hentry"],"acf":[],"_links":{"self":[{"href":"https:\/\/cvo.hamburg.de\/index.php?rest_route=\/wp\/v2\/pages\/2648","targetHints":{"allow":["GET"]}}],"collection":[{"href":"https:\/\/cvo.hamburg.de\/index.php?rest_route=\/wp\/v2\/pages"}],"about":[{"href":"https:\/\/cvo.hamburg.de\/index.php?rest_route=\/wp\/v2\/types\/page"}],"author":[{"embeddable":true,"href":"https:\/\/cvo.hamburg.de\/index.php?rest_route=\/wp\/v2\/users\/728"}],"replies":[{"embeddable":true,"href":"https:\/\/cvo.hamburg.de\/index.php?rest_route=%2Fwp%2Fv2%2Fcomments&post=2648"}],"version-history":[{"count":0,"href":"https:\/\/cvo.hamburg.de\/index.php?rest_route=\/wp\/v2\/pages\/2648\/revisions"}],"wp:attachment":[{"href":"https:\/\/cvo.hamburg.de\/index.php?rest_route=%2Fwp%2Fv2%2Fmedia&parent=2648"}],"curies":[{"name":"wp","href":"https:\/\/api.w.org\/{rel}","templated":true}]}}