{"id":2475,"date":"2016-12-19T18:57:57","date_gmt":"2016-12-19T17:57:57","guid":{"rendered":"http:\/\/cvo.hamburg.de\/?page_id=2475"},"modified":"2025-11-06T10:12:40","modified_gmt":"2025-11-06T09:12:40","slug":"sportkonzept","status":"publish","type":"page","link":"https:\/\/cvo.hamburg.de\/?page_id=2475","title":{"rendered":"Partnerschule des Nachwuchsleistungssports"},"content":{"rendered":"<p><img loading=\"lazy\" decoding=\"async\" class=\" wp-image-3955 alignleft\" src=\"https:\/\/cvo.hamburg.de\/wp-content\/uploads\/sites\/31\/2019\/08\/Partnerschule-des-nachwuchsleistungssports-1024x457.png\" alt=\"\" width=\"350\" height=\"156\">Das Carl-von-Ossietzky-Gymnasium hat zum Schuljahr 2019\/20 das Pr\u00e4dikat einer Partnerschule des Nachwuchsleistungssports erhalten. Hiermit wurden die jahrelangen Bem\u00fchungen des CvO, der Partnervereine und der jeweiligen Sportfachverb\u00e4nde honoriert (<a href=\"https:\/\/cvo.hamburg.de\/?p=3944\">mehr dazu hier<\/a>).<\/p>\n<p>&nbsp;<\/p>\n<div class=\"page\" title=\"Page 2\">\n<div class=\"layoutArea\">\n<div class=\"column\">\n<h4>Unser Sportkonzept<\/h4>\n<p>Die Sch\u00fcler in den Sportklassen der Jahrg\u00e4nge 5 und 6 haben w\u00f6chentlich drei Stunden regul\u00e4ren Sportunterricht. Hinzu kommen zwei zus\u00e4tzliche Sportstunden am Nachmittag mit den Schwerpunkten Handball und Hockey, die zum Teil auf der Anlage des UHC stattfinden. Diese beiden Sportarten werden in Bl\u00f6cken von Trainern der SG Hamburg Nord, des Uhlenhorster HC oder den jeweiligen Landestrainern dieser Sportarten abgehalten.<\/p>\n<div class=\"page\" title=\"Page 2\">\n<div class=\"layoutArea\">\n<div class=\"column\">\n<p>In den Jahrg\u00e4ngen 7-10 trainieren zurzeit die Handballer und Hockeyspieler ganzj\u00e4hrig zwei Mal die Woche im Vormittagsbereich in ihren Sportarten Handball oder Hockey. Unser beliebtes Sportprofil schlie\u00dft das Sportkonzept des CvO in der Oberstufe ab (weitere Informationen finden Sie in unsere <a href=\"https:\/\/cvo.hamburg.de\/wp-content\/uploads\/sites\/31\/2025\/11\/broschuere_sportkonzept_2025_ohneB.pdf\">Brosch\u00fcre<\/a>).<\/p>\n<\/div>\n<\/div>\n<\/div>\n<\/div>\n<\/div>\n<\/div>\n<p>&nbsp;<\/p>\n<div class=\"column\">\n<p>&nbsp;<\/p>\n<p style=\"text-align: center\"><div id=\"metaslider-id-2928\" style=\"max-width: 550px; margin: 0 auto;\" class=\"ml-slider-3-107-0 metaslider metaslider-flex metaslider-2928 ml-slider has-dots-nav ms-theme-default\" role=\"region\" aria-label=\"Sport\" data-height=\"350\" data-width=\"550\">\n    <div id=\"metaslider_container_2928\">\n        <div id=\"metaslider_2928\">\n            <ul class='slides'>\n                <li style=\"display: block; width: 100%;\" class=\"slide-2946 ms-image \" aria-roledescription=\"slide\" data-date=\"2017-11-13 15:17:34\" data-filename=\"P1190267-550x350.jpg\" data-slide-type=\"image\"><img loading=\"lazy\" decoding=\"async\" src=\"https:\/\/cvo.hamburg.de\/wp-content\/uploads\/sites\/31\/2017\/11\/P1190267-550x350.jpg\" height=\"350\" width=\"550\" alt=\"\" class=\"slider-2928 slide-2946 msDefaultImage\" \/><\/li>\n                <li style=\"display: none; width: 100%;\" class=\"slide-2947 ms-image \" aria-roledescription=\"slide\" data-date=\"2017-11-13 15:17:34\" data-filename=\"P1190268-550x350.jpg\" data-slide-type=\"image\"><img loading=\"lazy\" decoding=\"async\" src=\"https:\/\/cvo.hamburg.de\/wp-content\/uploads\/sites\/31\/2017\/11\/P1190268-550x350.jpg\" height=\"350\" width=\"550\" alt=\"\" class=\"slider-2928 slide-2947 msDefaultImage\" \/><\/li>\n                <li style=\"display: none; width: 100%;\" class=\"slide-2949 ms-image \" aria-roledescription=\"slide\" data-date=\"2017-11-13 15:17:34\" data-filename=\"P1190276-550x350.jpg\" data-slide-type=\"image\"><img loading=\"lazy\" decoding=\"async\" src=\"https:\/\/cvo.hamburg.de\/wp-content\/uploads\/sites\/31\/2017\/11\/P1190276-550x350.jpg\" height=\"350\" width=\"550\" alt=\"\" class=\"slider-2928 slide-2949 msDefaultImage\" \/><\/li>\n                <li style=\"display: none; width: 100%;\" class=\"slide-2950 ms-image \" aria-roledescription=\"slide\" data-date=\"2017-11-13 15:17:34\" data-filename=\"P1190280-550x350.jpg\" data-slide-type=\"image\"><img loading=\"lazy\" decoding=\"async\" src=\"https:\/\/cvo.hamburg.de\/wp-content\/uploads\/sites\/31\/2017\/11\/P1190280-550x350.jpg\" height=\"350\" width=\"550\" alt=\"\" class=\"slider-2928 slide-2950 msDefaultImage\" \/><\/li>\n                <li style=\"display: none; width: 100%;\" class=\"slide-2951 ms-image \" aria-roledescription=\"slide\" data-date=\"2017-11-13 15:17:34\" data-filename=\"P1190287-550x350.jpg\" data-slide-type=\"image\"><img loading=\"lazy\" decoding=\"async\" src=\"https:\/\/cvo.hamburg.de\/wp-content\/uploads\/sites\/31\/2017\/11\/P1190287-550x350.jpg\" height=\"350\" width=\"550\" alt=\"\" class=\"slider-2928 slide-2951 msDefaultImage\" \/><\/li>\n                <li style=\"display: none; width: 100%;\" class=\"slide-2952 ms-image \" aria-roledescription=\"slide\" data-date=\"2017-11-13 15:17:35\" data-filename=\"P1190291-550x350.jpg\" data-slide-type=\"image\"><img loading=\"lazy\" decoding=\"async\" src=\"https:\/\/cvo.hamburg.de\/wp-content\/uploads\/sites\/31\/2017\/11\/P1190291-550x350.jpg\" height=\"350\" width=\"550\" alt=\"\" class=\"slider-2928 slide-2952 msDefaultImage\" \/><\/li>\n                <li style=\"display: none; width: 100%;\" class=\"slide-2954 ms-image \" aria-roledescription=\"slide\" data-date=\"2017-11-13 15:17:35\" data-filename=\"P1190301-550x350.jpg\" data-slide-type=\"image\"><img loading=\"lazy\" decoding=\"async\" src=\"https:\/\/cvo.hamburg.de\/wp-content\/uploads\/sites\/31\/2017\/11\/P1190301-550x350.jpg\" height=\"350\" width=\"550\" alt=\"\" class=\"slider-2928 slide-2954 msDefaultImage\" \/><\/li>\n                <li style=\"display: none; width: 100%;\" class=\"slide-2955 ms-image \" aria-roledescription=\"slide\" data-date=\"2017-11-13 15:17:35\" data-filename=\"P1190308-550x350.jpg\" data-slide-type=\"image\"><img loading=\"lazy\" decoding=\"async\" src=\"https:\/\/cvo.hamburg.de\/wp-content\/uploads\/sites\/31\/2017\/11\/P1190308-550x350.jpg\" height=\"350\" width=\"550\" alt=\"\" class=\"slider-2928 slide-2955 msDefaultImage\" \/><\/li>\n                <li style=\"display: none; width: 100%;\" class=\"slide-2957 ms-image \" aria-roledescription=\"slide\" data-date=\"2017-11-13 15:17:35\" data-filename=\"P1190323-550x350.jpg\" data-slide-type=\"image\"><img loading=\"lazy\" decoding=\"async\" src=\"https:\/\/cvo.hamburg.de\/wp-content\/uploads\/sites\/31\/2017\/11\/P1190323-550x350.jpg\" height=\"350\" width=\"550\" alt=\"\" class=\"slider-2928 slide-2957 msDefaultImage\" \/><\/li>\n                <li style=\"display: none; width: 100%;\" class=\"slide-2959 ms-image \" aria-roledescription=\"slide\" data-date=\"2017-11-13 15:17:35\" data-filename=\"P1190327-e1510582911962-480x305.jpg\" data-slide-type=\"image\"><img loading=\"lazy\" decoding=\"async\" src=\"https:\/\/cvo.hamburg.de\/wp-content\/uploads\/sites\/31\/2017\/11\/P1190327-e1510582911962-480x305.jpg\" height=\"350\" width=\"550\" alt=\"\" class=\"slider-2928 slide-2959 msDefaultImage\" \/><\/li>\n                <li style=\"display: none; width: 100%;\" class=\"slide-2960 ms-image \" aria-roledescription=\"slide\" data-date=\"2017-11-13 15:17:35\" data-filename=\"P1190334-e1510582888800-480x305.jpg\" data-slide-type=\"image\"><img loading=\"lazy\" decoding=\"async\" src=\"https:\/\/cvo.hamburg.de\/wp-content\/uploads\/sites\/31\/2017\/11\/P1190334-e1510582888800-480x305.jpg\" height=\"350\" width=\"550\" alt=\"\" class=\"slider-2928 slide-2960 msDefaultImage\" \/><\/li>\n            <\/ul>\n        <\/div>\n        \n    <\/div>\n<\/div><\/p>\n<\/div>\n<div class=\"page\" title=\"Page 2\">\n<div class=\"layoutArea\">\n<div class=\"column\">&nbsp;<\/div>\n<div class=\"column\">\n<p>&nbsp;<\/p>\n<\/div>\n<\/div>\n<\/div>\n<p style=\"text-align: center\">&nbsp;<\/p>\n","protected":false},"excerpt":{"rendered":"<p>Das Carl-von-Ossietzky-Gymnasium hat zum Schuljahr 2019\/20 das Pr\u00e4dikat einer Partnerschule des Nachwuchsleistungssports erhalten. Hiermit wurden die jahrelangen Bem\u00fchungen des CvO, der Partnervereine und der jeweiligen Sportfachverb\u00e4nde honoriert (mehr dazu hier). &nbsp; Unser Sportkonzept Die&#46;&#46;&#46;<\/p>\n","protected":false},"author":44,"featured_media":0,"parent":0,"menu_order":0,"comment_status":"closed","ping_status":"closed","template":"","meta":{"_acf_changed":false,"footnotes":""},"class_list":["post-2475","page","type-page","status-publish","hentry"],"acf":[],"_links":{"self":[{"href":"https:\/\/cvo.hamburg.de\/index.php?rest_route=\/wp\/v2\/pages\/2475","targetHints":{"allow":["GET"]}}],"collection":[{"href":"https:\/\/cvo.hamburg.de\/index.php?rest_route=\/wp\/v2\/pages"}],"about":[{"href":"https:\/\/cvo.hamburg.de\/index.php?rest_route=\/wp\/v2\/types\/page"}],"author":[{"embeddable":true,"href":"https:\/\/cvo.hamburg.de\/index.php?rest_route=\/wp\/v2\/users\/44"}],"replies":[{"embeddable":true,"href":"https:\/\/cvo.hamburg.de\/index.php?rest_route=%2Fwp%2Fv2%2Fcomments&post=2475"}],"version-history":[{"count":9,"href":"https:\/\/cvo.hamburg.de\/index.php?rest_route=\/wp\/v2\/pages\/2475\/revisions"}],"predecessor-version":[{"id":10582,"href":"https:\/\/cvo.hamburg.de\/index.php?rest_route=\/wp\/v2\/pages\/2475\/revisions\/10582"}],"wp:attachment":[{"href":"https:\/\/cvo.hamburg.de\/index.php?rest_route=%2Fwp%2Fv2%2Fmedia&parent=2475"}],"curies":[{"name":"wp","href":"https:\/\/api.w.org\/{rel}","templated":true}]}}