{"id":2468,"date":"2016-12-19T18:54:07","date_gmt":"2016-12-19T17:54:07","guid":{"rendered":"http:\/\/cvo.hamburg.de\/?page_id=2468"},"modified":"2019-01-29T13:11:24","modified_gmt":"2019-01-29T12:11:24","slug":"wettbewerbe","status":"publish","type":"page","link":"https:\/\/cvo.hamburg.de\/?page_id=2468","title":{"rendered":"Sportwettbewerbe"},"content":{"rendered":"<p><strong>Fu\u00dfball<\/strong><\/p>\n<ul>\n<li>Nikolaus-Cup (Klasse 4+5), Uwe-Seeler-Cup<\/li>\n<\/ul>\n<p><strong>Tischtennis<br \/>\n<\/strong><br \/>\n<strong>Handball<\/strong><\/p>\n<ul>\n<li>Unterstufe: Teilnahme am Wettbewerb Jugend trainiert f\u00fcr Olympia (JtfO, 2 Turniere pro Schuljahr)<\/li>\n<li>Mittelstufe: Teilnahme am Wettbewerb JtfO (4-6 Mannschaften), inkl. Bundesfinals<\/li>\n<li>Erfolge: in den vergangenen drei\u00a0Jahren 3 x Landesmeister<\/li>\n<\/ul>\n<p><strong>Hockey<\/strong><\/p>\n<ul>\n<li>A- Runde<br \/>\nWK II \/ WK III \/ WK IV: Vorrunden und Endrunden f\u00fcr Jungen- und M\u00e4dchenteams, WK IV Mixed-Team<\/li>\n<li>Hamburger Meisterschaft B-Runde (Nicht-Vereinsspieler)<br \/>\nKlasse 5\/6 jeweils M\u00e4dchen, Jungen und Mixed-Team<\/li>\n<li>In den Klassen 5\/6\/7 nehmen h\u00e4ufig jeweils zwei\u00a0Teams vom CvO pro Wettkampf teil<\/li>\n<\/ul>\n<p><strong>Leichtathletik<\/strong><\/p>\n<ul>\n<li>Sch\u00fcler-Triathlon, Organisation durch Eltern (einen Bericht zum Triathlon finden Sie <a href=\"https:\/\/cvo.hamburg.de\/wp-content\/uploads\/sites\/31\/2015\/11\/NL25-Bericht-zum-Triathlon-2016-f%C3%BCr-CvO-News.compressed.pdf\">hier<\/a>)<\/li>\n<li>Einzelmeisterschaften im Bezirk Wandsbek-Nord und Hamburger Meisterschaften (vor den Sommerferien)<\/li>\n<li>Staffelmeisterschaften Wandsbek-Nord und Hamburger Staffelmeisterschaften (nach den Sommerferien)<\/li>\n<li>Hochsprung-Meeting<\/li>\n<\/ul>\n<p><strong>* Sport AGs<\/strong><\/p>\n<p>Das CvO bietet sportorientierte Nachmittagsangebote an, an denen alle Sch\u00fcler der Jahrg\u00e4nge 5+6 teilnehmen k\u00f6nnen:<br \/>\n&#8211; Hockey-AG<br \/>\n&#8211; Handball-AG<br \/>\n&#8211; Golf-AG (begrenzte Teilnehmerzahl)<br \/>\n&#8211; tlw. Tennis-AG (begrenzte Teilnehmerzahl)<br \/>\nWeiterhin findet mit Unterst\u00fctzung der CvO-Sportprofile an zwei Tagen in der Woche die Aktive (Mittags)Pause in einer der Sporthallen statt.<\/p>\n","protected":false},"excerpt":{"rendered":"<p>Fu\u00dfball Nikolaus-Cup (Klasse 4+5), Uwe-Seeler-Cup Tischtennis Handball Unterstufe: Teilnahme am Wettbewerb Jugend trainiert f\u00fcr Olympia (JtfO, 2 Turniere pro Schuljahr) Mittelstufe: Teilnahme am Wettbewerb JtfO (4-6 Mannschaften), inkl. Bundesfinals Erfolge: in den vergangenen drei\u00a0Jahren&#46;&#46;&#46;<\/p>\n","protected":false},"author":44,"featured_media":0,"parent":0,"menu_order":0,"comment_status":"closed","ping_status":"closed","template":"","meta":{"_acf_changed":false,"footnotes":""},"class_list":["post-2468","page","type-page","status-publish","hentry"],"acf":[],"_links":{"self":[{"href":"https:\/\/cvo.hamburg.de\/index.php?rest_route=\/wp\/v2\/pages\/2468","targetHints":{"allow":["GET"]}}],"collection":[{"href":"https:\/\/cvo.hamburg.de\/index.php?rest_route=\/wp\/v2\/pages"}],"about":[{"href":"https:\/\/cvo.hamburg.de\/index.php?rest_route=\/wp\/v2\/types\/page"}],"author":[{"embeddable":true,"href":"https:\/\/cvo.hamburg.de\/index.php?rest_route=\/wp\/v2\/users\/44"}],"replies":[{"embeddable":true,"href":"https:\/\/cvo.hamburg.de\/index.php?rest_route=%2Fwp%2Fv2%2Fcomments&post=2468"}],"version-history":[{"count":1,"href":"https:\/\/cvo.hamburg.de\/index.php?rest_route=\/wp\/v2\/pages\/2468\/revisions"}],"predecessor-version":[{"id":2592,"href":"https:\/\/cvo.hamburg.de\/index.php?rest_route=\/wp\/v2\/pages\/2468\/revisions\/2592"}],"wp:attachment":[{"href":"https:\/\/cvo.hamburg.de\/index.php?rest_route=%2Fwp%2Fv2%2Fmedia&parent=2468"}],"curies":[{"name":"wp","href":"https:\/\/api.w.org\/{rel}","templated":true}]}}